{"id":8902,"date":"2019-12-05T21:42:42","date_gmt":"2019-12-05T20:42:42","guid":{"rendered":"http:\/\/www.szkolalencze.pl\/?page_id=8902"},"modified":"2019-12-05T21:42:42","modified_gmt":"2019-12-05T20:42:42","slug":"zabawa-andrzejkowa-3","status":"publish","type":"page","link":"https:\/\/www.szkolalencze.pl\/index.php\/zabawa-andrzejkowa-3\/","title":{"rendered":"Zabawa andrzejkowa"},"content":{"rendered":"<div id=\"envira-gallery-wrap-8881\" class=\"envira-gallery-wrap envira-gallery-theme-base envira-lightbox-theme-base\" itemscope itemtype=\"https:\/\/schema.org\/ImageGallery\"><div data-row-height=\"150\" data-gallery-theme=\"normal\" id=\"envira-gallery-8881\" class=\"envira-gallery-public envira-gallery-justified-public envira-gallery-0-columns envira-clear enviratope envira-gallery-css-animations\" data-envira-columns=\"0\"><div id=\"envira-gallery-item-8882\" class=\"envira-gallery-item enviratope-item envira-gallery-item-1 envira-lazy-load\" style=\"padding-left: 5px; padding-bottom: 10px; padding-right: 5px;\"  itemscope itemtype=\"https:\/\/schema.org\/ImageObject\"><div class=\"envira-gallery-item-inner\"><div class=\"envira-gallery-position-overlay  envira-gallery-top-left\"><\/div><div class=\"envira-gallery-position-overlay  envira-gallery-top-right\"><\/div><div class=\"envira-gallery-position-overlay  envira-gallery-bottom-left\"><\/div><div class=\"envira-gallery-position-overlay  envira-gallery-bottom-right\"><\/div><a href=\"http:\/\/www.szkolalencze.pl\/wp-content\/uploads\/2019\/12\/20191121_143746L.jpg\" class=\"envira-gallery-8881 envira-gallery-link\" rel=\"enviragallery8881\" title=\"20191121_143746L\" data-envira-caption=\"20191121_143746L\" data-envira-retina=\"\" data-thumbnail=\"\"  itemprop=\"contentUrl\"><img decoding=\"async\" id=\"envira-gallery-image-8882\" class=\"envira-gallery-image envira-gallery-image-1 envira-normal envira-lazy\" data-envira-index=\"1\" src=\"https:\/\/www.szkolalencze.pl\/wp-content\/uploads\/2019\/12\/20191121_143746L-640x480.jpg\" data-envira-src=\"https:\/\/www.szkolalencze.pl\/wp-content\/uploads\/2019\/12\/20191121_143746L-640x480.jpg\" data-envira-gallery-id=\"8881\" data-envira-item-id=\"8882\" data-envira-caption=\"20191121_143746L\" alt=\"\" title=\"20191121_143746L\"  itemprop=\"thumbnailUrl\" data-envira-srcset=\"https:\/\/www.szkolalencze.pl\/wp-content\/uploads\/2019\/12\/20191121_143746L-640x480.jpg 400w,https:\/\/www.szkolalencze.pl\/wp-content\/uploads\/2019\/12\/20191121_143746L-640x480.jpg 2x\" data-envira-width=\"300\" data-envira-height=\"169\" srcset=\"data:image\/gif;base64,R0lGODlhAQABAIAAAP\/\/\/\/\/\/\/yH5BAEKAAEALAAAAAABAAEAAAICTAEAOw==\" data-safe-src=\"data:image\/gif;base64,R0lGODlhAQABAIAAAP\/\/\/\/\/\/\/yH5BAEKAAEALAAAAAABAAEAAAICTAEAOw==\" \/><\/a><\/div><\/div><div id=\"envira-gallery-item-8883\" class=\"envira-gallery-item enviratope-item envira-gallery-item-2 envira-lazy-load\" style=\"padding-left: 5px; padding-bottom: 10px; padding-right: 5px;\"  itemscope itemtype=\"https:\/\/schema.org\/ImageObject\"><div class=\"envira-gallery-item-inner\"><div class=\"envira-gallery-position-overlay  envira-gallery-top-left\"><\/div><div class=\"envira-gallery-position-overlay  envira-gallery-top-right\"><\/div><div class=\"envira-gallery-position-overlay  envira-gallery-bottom-left\"><\/div><div class=\"envira-gallery-position-overlay  envira-gallery-bottom-right\"><\/div><a href=\"http:\/\/www.szkolalencze.pl\/wp-content\/uploads\/2019\/12\/20191121_145052L.jpg\" class=\"envira-gallery-8881 envira-gallery-link\" rel=\"enviragallery8881\" title=\"20191121_145052L\" data-envira-caption=\"20191121_145052L\" data-envira-retina=\"\" data-thumbnail=\"\"  itemprop=\"contentUrl\"><img decoding=\"async\" id=\"envira-gallery-image-8883\" class=\"envira-gallery-image envira-gallery-image-2 envira-normal envira-lazy\" data-envira-index=\"2\" src=\"https:\/\/www.szkolalencze.pl\/wp-content\/uploads\/2019\/12\/20191121_145052L-640x480.jpg\" data-envira-src=\"https:\/\/www.szkolalencze.pl\/wp-content\/uploads\/2019\/12\/20191121_145052L-640x480.jpg\" data-envira-gallery-id=\"8881\" data-envira-item-id=\"8883\" data-envira-caption=\"20191121_145052L\" alt=\"\" title=\"20191121_145052L\"  itemprop=\"thumbnailUrl\" data-envira-srcset=\"https:\/\/www.szkolalencze.pl\/wp-content\/uploads\/2019\/12\/20191121_145052L-640x480.jpg 400w,https:\/\/www.szkolalencze.pl\/wp-content\/uploads\/2019\/12\/20191121_145052L-640x480.jpg 2x\" data-envira-width=\"300\" data-envira-height=\"169\" srcset=\"data:image\/gif;base64,R0lGODlhAQABAIAAAP\/\/\/\/\/\/\/yH5BAEKAAEALAAAAAABAAEAAAICTAEAOw==\" data-safe-src=\"data:image\/gif;base64,R0lGODlhAQABAIAAAP\/\/\/\/\/\/\/yH5BAEKAAEALAAAAAABAAEAAAICTAEAOw==\" \/><\/a><\/div><\/div><div id=\"envira-gallery-item-8884\" class=\"envira-gallery-item enviratope-item envira-gallery-item-3 envira-lazy-load\" style=\"padding-left: 5px; padding-bottom: 10px; padding-right: 5px;\"  itemscope itemtype=\"https:\/\/schema.org\/ImageObject\"><div class=\"envira-gallery-item-inner\"><div class=\"envira-gallery-position-overlay  envira-gallery-top-left\"><\/div><div class=\"envira-gallery-position-overlay  envira-gallery-top-right\"><\/div><div class=\"envira-gallery-position-overlay  envira-gallery-bottom-left\"><\/div><div class=\"envira-gallery-position-overlay  envira-gallery-bottom-right\"><\/div><a href=\"http:\/\/www.szkolalencze.pl\/wp-content\/uploads\/2019\/12\/20191121_145107L.jpg\" class=\"envira-gallery-8881 envira-gallery-link\" rel=\"enviragallery8881\" title=\"20191121_145107L\" data-envira-caption=\"20191121_145107L\" data-envira-retina=\"\" data-thumbnail=\"\"  itemprop=\"contentUrl\"><img decoding=\"async\" id=\"envira-gallery-image-8884\" class=\"envira-gallery-image envira-gallery-image-3 envira-normal envira-lazy\" data-envira-index=\"3\" src=\"https:\/\/www.szkolalencze.pl\/wp-content\/uploads\/2019\/12\/20191121_145107L-640x480.jpg\" data-envira-src=\"https:\/\/www.szkolalencze.pl\/wp-content\/uploads\/2019\/12\/20191121_145107L-640x480.jpg\" data-envira-gallery-id=\"8881\" data-envira-item-id=\"8884\" data-envira-caption=\"20191121_145107L\" alt=\"\" title=\"20191121_145107L\"  itemprop=\"thumbnailUrl\" data-envira-srcset=\"https:\/\/www.szkolalencze.pl\/wp-content\/uploads\/2019\/12\/20191121_145107L-640x480.jpg 400w,https:\/\/www.szkolalencze.pl\/wp-content\/uploads\/2019\/12\/20191121_145107L-640x480.jpg 2x\" data-envira-width=\"300\" data-envira-height=\"169\" srcset=\"data:image\/gif;base64,R0lGODlhAQABAIAAAP\/\/\/\/\/\/\/yH5BAEKAAEALAAAAAABAAEAAAICTAEAOw==\" data-safe-src=\"data:image\/gif;base64,R0lGODlhAQABAIAAAP\/\/\/\/\/\/\/yH5BAEKAAEALAAAAAABAAEAAAICTAEAOw==\" \/><\/a><\/div><\/div><div id=\"envira-gallery-item-8885\" class=\"envira-gallery-item enviratope-item envira-gallery-item-4 envira-lazy-load\" style=\"padding-left: 5px; padding-bottom: 10px; padding-right: 5px;\"  itemscope itemtype=\"https:\/\/schema.org\/ImageObject\"><div class=\"envira-gallery-item-inner\"><div class=\"envira-gallery-position-overlay  envira-gallery-top-left\"><\/div><div class=\"envira-gallery-position-overlay  envira-gallery-top-right\"><\/div><div class=\"envira-gallery-position-overlay  envira-gallery-bottom-left\"><\/div><div class=\"envira-gallery-position-overlay  envira-gallery-bottom-right\"><\/div><a href=\"http:\/\/www.szkolalencze.pl\/wp-content\/uploads\/2019\/12\/20191121_153351L.jpg\" class=\"envira-gallery-8881 envira-gallery-link\" rel=\"enviragallery8881\" title=\"20191121_153351L\" data-envira-caption=\"20191121_153351L\" data-envira-retina=\"\" data-thumbnail=\"\"  itemprop=\"contentUrl\"><img decoding=\"async\" id=\"envira-gallery-image-8885\" class=\"envira-gallery-image envira-gallery-image-4 envira-normal envira-lazy\" data-envira-index=\"4\" src=\"https:\/\/www.szkolalencze.pl\/wp-content\/uploads\/2019\/12\/20191121_153351L-640x480.jpg\" data-envira-src=\"https:\/\/www.szkolalencze.pl\/wp-content\/uploads\/2019\/12\/20191121_153351L-640x480.jpg\" data-envira-gallery-id=\"8881\" data-envira-item-id=\"8885\" data-envira-caption=\"20191121_153351L\" alt=\"\" title=\"20191121_153351L\"  itemprop=\"thumbnailUrl\" data-envira-srcset=\"https:\/\/www.szkolalencze.pl\/wp-content\/uploads\/2019\/12\/20191121_153351L-640x480.jpg 400w,https:\/\/www.szkolalencze.pl\/wp-content\/uploads\/2019\/12\/20191121_153351L-640x480.jpg 2x\" data-envira-width=\"300\" data-envira-height=\"169\" srcset=\"data:image\/gif;base64,R0lGODlhAQABAIAAAP\/\/\/\/\/\/\/yH5BAEKAAEALAAAAAABAAEAAAICTAEAOw==\" data-safe-src=\"data:image\/gif;base64,R0lGODlhAQABAIAAAP\/\/\/\/\/\/\/yH5BAEKAAEALAAAAAABAAEAAAICTAEAOw==\" \/><\/a><\/div><\/div><div id=\"envira-gallery-item-8886\" class=\"envira-gallery-item enviratope-item envira-gallery-item-5 envira-lazy-load\" style=\"padding-left: 5px; padding-bottom: 10px; padding-right: 5px;\"  itemscope itemtype=\"https:\/\/schema.org\/ImageObject\"><div class=\"envira-gallery-item-inner\"><div class=\"envira-gallery-position-overlay  envira-gallery-top-left\"><\/div><div class=\"envira-gallery-position-overlay  envira-gallery-top-right\"><\/div><div class=\"envira-gallery-position-overlay  envira-gallery-bottom-left\"><\/div><div class=\"envira-gallery-position-overlay  envira-gallery-bottom-right\"><\/div><a href=\"http:\/\/www.szkolalencze.pl\/wp-content\/uploads\/2019\/12\/20191121_155217L.jpg\" class=\"envira-gallery-8881 envira-gallery-link\" rel=\"enviragallery8881\" title=\"20191121_155217L\" data-envira-caption=\"20191121_155217L\" data-envira-retina=\"\" data-thumbnail=\"\"  itemprop=\"contentUrl\"><img decoding=\"async\" id=\"envira-gallery-image-8886\" class=\"envira-gallery-image envira-gallery-image-5 envira-normal envira-lazy\" data-envira-index=\"5\" src=\"https:\/\/www.szkolalencze.pl\/wp-content\/uploads\/2019\/12\/20191121_155217L-640x480.jpg\" data-envira-src=\"https:\/\/www.szkolalencze.pl\/wp-content\/uploads\/2019\/12\/20191121_155217L-640x480.jpg\" data-envira-gallery-id=\"8881\" data-envira-item-id=\"8886\" data-envira-caption=\"20191121_155217L\" alt=\"\" title=\"20191121_155217L\"  itemprop=\"thumbnailUrl\" data-envira-srcset=\"https:\/\/www.szkolalencze.pl\/wp-content\/uploads\/2019\/12\/20191121_155217L-640x480.jpg 400w,https:\/\/www.szkolalencze.pl\/wp-content\/uploads\/2019\/12\/20191121_155217L-640x480.jpg 2x\" data-envira-width=\"300\" data-envira-height=\"169\" srcset=\"data:image\/gif;base64,R0lGODlhAQABAIAAAP\/\/\/\/\/\/\/yH5BAEKAAEALAAAAAABAAEAAAICTAEAOw==\" data-safe-src=\"data:image\/gif;base64,R0lGODlhAQABAIAAAP\/\/\/\/\/\/\/yH5BAEKAAEALAAAAAABAAEAAAICTAEAOw==\" \/><\/a><\/div><\/div><div id=\"envira-gallery-item-8887\" class=\"envira-gallery-item enviratope-item envira-gallery-item-6 envira-lazy-load\" style=\"padding-left: 5px; padding-bottom: 10px; padding-right: 5px;\"  itemscope itemtype=\"https:\/\/schema.org\/ImageObject\"><div class=\"envira-gallery-item-inner\"><div class=\"envira-gallery-position-overlay  envira-gallery-top-left\"><\/div><div class=\"envira-gallery-position-overlay  envira-gallery-top-right\"><\/div><div class=\"envira-gallery-position-overlay  envira-gallery-bottom-left\"><\/div><div class=\"envira-gallery-position-overlay  envira-gallery-bottom-right\"><\/div><a href=\"http:\/\/www.szkolalencze.pl\/wp-content\/uploads\/2019\/12\/20191121_155419L.jpg\" class=\"envira-gallery-8881 envira-gallery-link\" rel=\"enviragallery8881\" title=\"20191121_155419L\" data-envira-caption=\"20191121_155419L\" data-envira-retina=\"\" data-thumbnail=\"\"  itemprop=\"contentUrl\"><img decoding=\"async\" id=\"envira-gallery-image-8887\" class=\"envira-gallery-image envira-gallery-image-6 envira-normal envira-lazy\" data-envira-index=\"6\" src=\"https:\/\/www.szkolalencze.pl\/wp-content\/uploads\/2019\/12\/20191121_155419L-640x480.jpg\" data-envira-src=\"https:\/\/www.szkolalencze.pl\/wp-content\/uploads\/2019\/12\/20191121_155419L-640x480.jpg\" data-envira-gallery-id=\"8881\" data-envira-item-id=\"8887\" data-envira-caption=\"20191121_155419L\" alt=\"\" title=\"20191121_155419L\"  itemprop=\"thumbnailUrl\" data-envira-srcset=\"https:\/\/www.szkolalencze.pl\/wp-content\/uploads\/2019\/12\/20191121_155419L-640x480.jpg 400w,https:\/\/www.szkolalencze.pl\/wp-content\/uploads\/2019\/12\/20191121_155419L-640x480.jpg 2x\" data-envira-width=\"300\" data-envira-height=\"169\" srcset=\"data:image\/gif;base64,R0lGODlhAQABAIAAAP\/\/\/\/\/\/\/yH5BAEKAAEALAAAAAABAAEAAAICTAEAOw==\" data-safe-src=\"data:image\/gif;base64,R0lGODlhAQABAIAAAP\/\/\/\/\/\/\/yH5BAEKAAEALAAAAAABAAEAAAICTAEAOw==\" \/><\/a><\/div><\/div><div id=\"envira-gallery-item-8888\" class=\"envira-gallery-item enviratope-item envira-gallery-item-7 envira-lazy-load\" style=\"padding-left: 5px; padding-bottom: 10px; padding-right: 5px;\"  itemscope itemtype=\"https:\/\/schema.org\/ImageObject\"><div class=\"envira-gallery-item-inner\"><div class=\"envira-gallery-position-overlay  envira-gallery-top-left\"><\/div><div class=\"envira-gallery-position-overlay  envira-gallery-top-right\"><\/div><div class=\"envira-gallery-position-overlay  envira-gallery-bottom-left\"><\/div><div class=\"envira-gallery-position-overlay  envira-gallery-bottom-right\"><\/div><a href=\"http:\/\/www.szkolalencze.pl\/wp-content\/uploads\/2019\/12\/20191121_155900L.jpg\" class=\"envira-gallery-8881 envira-gallery-link\" rel=\"enviragallery8881\" title=\"20191121_155900L\" data-envira-caption=\"20191121_155900L\" data-envira-retina=\"\" data-thumbnail=\"\"  itemprop=\"contentUrl\"><img decoding=\"async\" id=\"envira-gallery-image-8888\" class=\"envira-gallery-image envira-gallery-image-7 envira-normal envira-lazy\" data-envira-index=\"7\" src=\"https:\/\/www.szkolalencze.pl\/wp-content\/uploads\/2019\/12\/20191121_155900L-640x480.jpg\" data-envira-src=\"https:\/\/www.szkolalencze.pl\/wp-content\/uploads\/2019\/12\/20191121_155900L-640x480.jpg\" data-envira-gallery-id=\"8881\" data-envira-item-id=\"8888\" data-envira-caption=\"20191121_155900L\" alt=\"\" title=\"20191121_155900L\"  itemprop=\"thumbnailUrl\" data-envira-srcset=\"https:\/\/www.szkolalencze.pl\/wp-content\/uploads\/2019\/12\/20191121_155900L-640x480.jpg 400w,https:\/\/www.szkolalencze.pl\/wp-content\/uploads\/2019\/12\/20191121_155900L-640x480.jpg 2x\" data-envira-width=\"300\" data-envira-height=\"169\" srcset=\"data:image\/gif;base64,R0lGODlhAQABAIAAAP\/\/\/\/\/\/\/yH5BAEKAAEALAAAAAABAAEAAAICTAEAOw==\" data-safe-src=\"data:image\/gif;base64,R0lGODlhAQABAIAAAP\/\/\/\/\/\/\/yH5BAEKAAEALAAAAAABAAEAAAICTAEAOw==\" \/><\/a><\/div><\/div><div id=\"envira-gallery-item-8889\" class=\"envira-gallery-item enviratope-item envira-gallery-item-8 envira-lazy-load\" style=\"padding-left: 5px; padding-bottom: 10px; padding-right: 5px;\"  itemscope itemtype=\"https:\/\/schema.org\/ImageObject\"><div class=\"envira-gallery-item-inner\"><div class=\"envira-gallery-position-overlay  envira-gallery-top-left\"><\/div><div class=\"envira-gallery-position-overlay  envira-gallery-top-right\"><\/div><div class=\"envira-gallery-position-overlay  envira-gallery-bottom-left\"><\/div><div class=\"envira-gallery-position-overlay  envira-gallery-bottom-right\"><\/div><a href=\"http:\/\/www.szkolalencze.pl\/wp-content\/uploads\/2019\/12\/20191121_160631L.jpg\" class=\"envira-gallery-8881 envira-gallery-link\" rel=\"enviragallery8881\" title=\"20191121_160631L\" data-envira-caption=\"20191121_160631L\" data-envira-retina=\"\" data-thumbnail=\"\"  itemprop=\"contentUrl\"><img decoding=\"async\" id=\"envira-gallery-image-8889\" class=\"envira-gallery-image envira-gallery-image-8 envira-normal envira-lazy\" data-envira-index=\"8\" src=\"https:\/\/www.szkolalencze.pl\/wp-content\/uploads\/2019\/12\/20191121_160631L-640x480.jpg\" data-envira-src=\"https:\/\/www.szkolalencze.pl\/wp-content\/uploads\/2019\/12\/20191121_160631L-640x480.jpg\" data-envira-gallery-id=\"8881\" data-envira-item-id=\"8889\" data-envira-caption=\"20191121_160631L\" alt=\"\" title=\"20191121_160631L\"  itemprop=\"thumbnailUrl\" data-envira-srcset=\"https:\/\/www.szkolalencze.pl\/wp-content\/uploads\/2019\/12\/20191121_160631L-640x480.jpg 400w,https:\/\/www.szkolalencze.pl\/wp-content\/uploads\/2019\/12\/20191121_160631L-640x480.jpg 2x\" data-envira-width=\"300\" data-envira-height=\"169\" srcset=\"data:image\/gif;base64,R0lGODlhAQABAIAAAP\/\/\/\/\/\/\/yH5BAEKAAEALAAAAAABAAEAAAICTAEAOw==\" data-safe-src=\"data:image\/gif;base64,R0lGODlhAQABAIAAAP\/\/\/\/\/\/\/yH5BAEKAAEALAAAAAABAAEAAAICTAEAOw==\" \/><\/a><\/div><\/div><div id=\"envira-gallery-item-8890\" class=\"envira-gallery-item enviratope-item envira-gallery-item-9 envira-lazy-load\" style=\"padding-left: 5px; padding-bottom: 10px; padding-right: 5px;\"  itemscope itemtype=\"https:\/\/schema.org\/ImageObject\"><div class=\"envira-gallery-item-inner\"><div class=\"envira-gallery-position-overlay  envira-gallery-top-left\"><\/div><div class=\"envira-gallery-position-overlay  envira-gallery-top-right\"><\/div><div class=\"envira-gallery-position-overlay  envira-gallery-bottom-left\"><\/div><div class=\"envira-gallery-position-overlay  envira-gallery-bottom-right\"><\/div><a href=\"http:\/\/www.szkolalencze.pl\/wp-content\/uploads\/2019\/12\/20191121_161323L.jpg\" class=\"envira-gallery-8881 envira-gallery-link\" rel=\"enviragallery8881\" title=\"20191121_161323L\" data-envira-caption=\"20191121_161323L\" data-envira-retina=\"\" data-thumbnail=\"\"  itemprop=\"contentUrl\"><img decoding=\"async\" id=\"envira-gallery-image-8890\" class=\"envira-gallery-image envira-gallery-image-9 envira-normal envira-lazy\" data-envira-index=\"9\" src=\"https:\/\/www.szkolalencze.pl\/wp-content\/uploads\/2019\/12\/20191121_161323L-640x480.jpg\" data-envira-src=\"https:\/\/www.szkolalencze.pl\/wp-content\/uploads\/2019\/12\/20191121_161323L-640x480.jpg\" data-envira-gallery-id=\"8881\" data-envira-item-id=\"8890\" data-envira-caption=\"20191121_161323L\" alt=\"\" title=\"20191121_161323L\"  itemprop=\"thumbnailUrl\" data-envira-srcset=\"https:\/\/www.szkolalencze.pl\/wp-content\/uploads\/2019\/12\/20191121_161323L-640x480.jpg 400w,https:\/\/www.szkolalencze.pl\/wp-content\/uploads\/2019\/12\/20191121_161323L-640x480.jpg 2x\" data-envira-width=\"300\" data-envira-height=\"169\" srcset=\"data:image\/gif;base64,R0lGODlhAQABAIAAAP\/\/\/\/\/\/\/yH5BAEKAAEALAAAAAABAAEAAAICTAEAOw==\" data-safe-src=\"data:image\/gif;base64,R0lGODlhAQABAIAAAP\/\/\/\/\/\/\/yH5BAEKAAEALAAAAAABAAEAAAICTAEAOw==\" \/><\/a><\/div><\/div><\/div><\/div><noscript><img decoding=\"async\" src=\"https:\/\/www.szkolalencze.pl\/wp-content\/uploads\/2019\/12\/20191121_143746L.jpg\" alt=\"\" \/><img decoding=\"async\" src=\"https:\/\/www.szkolalencze.pl\/wp-content\/uploads\/2019\/12\/20191121_145052L.jpg\" alt=\"\" \/><img decoding=\"async\" src=\"https:\/\/www.szkolalencze.pl\/wp-content\/uploads\/2019\/12\/20191121_145107L.jpg\" alt=\"\" \/><img decoding=\"async\" src=\"https:\/\/www.szkolalencze.pl\/wp-content\/uploads\/2019\/12\/20191121_153351L.jpg\" alt=\"\" \/><img decoding=\"async\" src=\"https:\/\/www.szkolalencze.pl\/wp-content\/uploads\/2019\/12\/20191121_155217L.jpg\" alt=\"\" \/><img decoding=\"async\" src=\"https:\/\/www.szkolalencze.pl\/wp-content\/uploads\/2019\/12\/20191121_155419L.jpg\" alt=\"\" \/><img decoding=\"async\" src=\"https:\/\/www.szkolalencze.pl\/wp-content\/uploads\/2019\/12\/20191121_155900L.jpg\" alt=\"\" \/><img decoding=\"async\" src=\"https:\/\/www.szkolalencze.pl\/wp-content\/uploads\/2019\/12\/20191121_160631L.jpg\" alt=\"\" \/><img decoding=\"async\" src=\"https:\/\/www.szkolalencze.pl\/wp-content\/uploads\/2019\/12\/20191121_161323L.jpg\" alt=\"\" \/><\/noscript>\n","protected":false},"excerpt":{"rendered":"","protected":false},"author":4,"featured_media":0,"parent":0,"menu_order":0,"comment_status":"closed","ping_status":"closed","template":"","meta":{"_mo_disable_npp":"","footnotes":""},"class_list":["post-8902","page","type-page","status-publish","hentry"],"yoast_head":"<!-- This site is optimized with the Yoast SEO plugin v27.3 - https:\/\/yoast.com\/product\/yoast-seo-wordpress\/ -->\n<title>Zabawa andrzejkowa - Szko\u0142a Podstawowa w Le\u0144czach<\/title>\n<meta name=\"robots\" content=\"index, follow, max-snippet:-1, max-image-preview:large, max-video-preview:-1\" \/>\n<link rel=\"canonical\" href=\"https:\/\/www.szkolalencze.pl\/index.php\/zabawa-andrzejkowa-3\/\" \/>\n<meta property=\"og:locale\" content=\"pl_PL\" \/>\n<meta property=\"og:type\" content=\"article\" \/>\n<meta property=\"og:title\" content=\"Zabawa andrzejkowa - Szko\u0142a Podstawowa w Le\u0144czach\" \/>\n<meta property=\"og:url\" content=\"https:\/\/www.szkolalencze.pl\/index.php\/zabawa-andrzejkowa-3\/\" \/>\n<meta property=\"og:site_name\" content=\"Szko\u0142a Podstawowa w Le\u0144czach\" \/>\n<meta name=\"twitter:card\" content=\"summary_large_image\" \/>\n<script type=\"application\/ld+json\" class=\"yoast-schema-graph\">{\"@context\":\"https:\\\/\\\/schema.org\",\"@graph\":[{\"@type\":\"WebPage\",\"@id\":\"https:\\\/\\\/www.szkolalencze.pl\\\/index.php\\\/zabawa-andrzejkowa-3\\\/\",\"url\":\"https:\\\/\\\/www.szkolalencze.pl\\\/index.php\\\/zabawa-andrzejkowa-3\\\/\",\"name\":\"Zabawa andrzejkowa - Szko\u0142a Podstawowa w Le\u0144czach\",\"isPartOf\":{\"@id\":\"https:\\\/\\\/www.szkolalencze.pl\\\/#website\"},\"datePublished\":\"2019-12-05T20:42:42+00:00\",\"breadcrumb\":{\"@id\":\"https:\\\/\\\/www.szkolalencze.pl\\\/index.php\\\/zabawa-andrzejkowa-3\\\/#breadcrumb\"},\"inLanguage\":\"pl-PL\",\"potentialAction\":[{\"@type\":\"ReadAction\",\"target\":[\"https:\\\/\\\/www.szkolalencze.pl\\\/index.php\\\/zabawa-andrzejkowa-3\\\/\"]}]},{\"@type\":\"BreadcrumbList\",\"@id\":\"https:\\\/\\\/www.szkolalencze.pl\\\/index.php\\\/zabawa-andrzejkowa-3\\\/#breadcrumb\",\"itemListElement\":[{\"@type\":\"ListItem\",\"position\":1,\"name\":\"Strona g\u0142\u00f3wna\",\"item\":\"https:\\\/\\\/www.szkolalencze.pl\\\/\"},{\"@type\":\"ListItem\",\"position\":2,\"name\":\"Zabawa andrzejkowa\"}]},{\"@type\":\"WebSite\",\"@id\":\"https:\\\/\\\/www.szkolalencze.pl\\\/#website\",\"url\":\"https:\\\/\\\/www.szkolalencze.pl\\\/\",\"name\":\"Szko\u0142a Podstawowa w Le\u0144czach\",\"description\":\"Oficjalna strona szko\u0142y w Le\u0144czach\",\"publisher\":{\"@id\":\"https:\\\/\\\/www.szkolalencze.pl\\\/#organization\"},\"potentialAction\":[{\"@type\":\"SearchAction\",\"target\":{\"@type\":\"EntryPoint\",\"urlTemplate\":\"https:\\\/\\\/www.szkolalencze.pl\\\/?s={search_term_string}\"},\"query-input\":{\"@type\":\"PropertyValueSpecification\",\"valueRequired\":true,\"valueName\":\"search_term_string\"}}],\"inLanguage\":\"pl-PL\"},{\"@type\":\"Organization\",\"@id\":\"https:\\\/\\\/www.szkolalencze.pl\\\/#organization\",\"name\":\"Szko\u0142a Podstawowa w Le\u0144czach\",\"url\":\"https:\\\/\\\/www.szkolalencze.pl\\\/\",\"logo\":{\"@type\":\"ImageObject\",\"inLanguage\":\"pl-PL\",\"@id\":\"https:\\\/\\\/www.szkolalencze.pl\\\/#\\\/schema\\\/logo\\\/image\\\/\",\"url\":\"https:\\\/\\\/www.szkolalencze.pl\\\/wp-content\\\/uploads\\\/2020\\\/10\\\/logobt-1-3.png\",\"contentUrl\":\"https:\\\/\\\/www.szkolalencze.pl\\\/wp-content\\\/uploads\\\/2020\\\/10\\\/logobt-1-3.png\",\"width\":66,\"height\":102,\"caption\":\"Szko\u0142a Podstawowa w Le\u0144czach\"},\"image\":{\"@id\":\"https:\\\/\\\/www.szkolalencze.pl\\\/#\\\/schema\\\/logo\\\/image\\\/\"}}]}<\/script>\n<!-- \/ Yoast SEO plugin. -->","yoast_head_json":{"title":"Zabawa andrzejkowa - Szko\u0142a Podstawowa w Le\u0144czach","robots":{"index":"index","follow":"follow","max-snippet":"max-snippet:-1","max-image-preview":"max-image-preview:large","max-video-preview":"max-video-preview:-1"},"canonical":"https:\/\/www.szkolalencze.pl\/index.php\/zabawa-andrzejkowa-3\/","og_locale":"pl_PL","og_type":"article","og_title":"Zabawa andrzejkowa - Szko\u0142a Podstawowa w Le\u0144czach","og_url":"https:\/\/www.szkolalencze.pl\/index.php\/zabawa-andrzejkowa-3\/","og_site_name":"Szko\u0142a Podstawowa w Le\u0144czach","twitter_card":"summary_large_image","schema":{"@context":"https:\/\/schema.org","@graph":[{"@type":"WebPage","@id":"https:\/\/www.szkolalencze.pl\/index.php\/zabawa-andrzejkowa-3\/","url":"https:\/\/www.szkolalencze.pl\/index.php\/zabawa-andrzejkowa-3\/","name":"Zabawa andrzejkowa - Szko\u0142a Podstawowa w Le\u0144czach","isPartOf":{"@id":"https:\/\/www.szkolalencze.pl\/#website"},"datePublished":"2019-12-05T20:42:42+00:00","breadcrumb":{"@id":"https:\/\/www.szkolalencze.pl\/index.php\/zabawa-andrzejkowa-3\/#breadcrumb"},"inLanguage":"pl-PL","potentialAction":[{"@type":"ReadAction","target":["https:\/\/www.szkolalencze.pl\/index.php\/zabawa-andrzejkowa-3\/"]}]},{"@type":"BreadcrumbList","@id":"https:\/\/www.szkolalencze.pl\/index.php\/zabawa-andrzejkowa-3\/#breadcrumb","itemListElement":[{"@type":"ListItem","position":1,"name":"Strona g\u0142\u00f3wna","item":"https:\/\/www.szkolalencze.pl\/"},{"@type":"ListItem","position":2,"name":"Zabawa andrzejkowa"}]},{"@type":"WebSite","@id":"https:\/\/www.szkolalencze.pl\/#website","url":"https:\/\/www.szkolalencze.pl\/","name":"Szko\u0142a Podstawowa w Le\u0144czach","description":"Oficjalna strona szko\u0142y w Le\u0144czach","publisher":{"@id":"https:\/\/www.szkolalencze.pl\/#organization"},"potentialAction":[{"@type":"SearchAction","target":{"@type":"EntryPoint","urlTemplate":"https:\/\/www.szkolalencze.pl\/?s={search_term_string}"},"query-input":{"@type":"PropertyValueSpecification","valueRequired":true,"valueName":"search_term_string"}}],"inLanguage":"pl-PL"},{"@type":"Organization","@id":"https:\/\/www.szkolalencze.pl\/#organization","name":"Szko\u0142a Podstawowa w Le\u0144czach","url":"https:\/\/www.szkolalencze.pl\/","logo":{"@type":"ImageObject","inLanguage":"pl-PL","@id":"https:\/\/www.szkolalencze.pl\/#\/schema\/logo\/image\/","url":"https:\/\/www.szkolalencze.pl\/wp-content\/uploads\/2020\/10\/logobt-1-3.png","contentUrl":"https:\/\/www.szkolalencze.pl\/wp-content\/uploads\/2020\/10\/logobt-1-3.png","width":66,"height":102,"caption":"Szko\u0142a Podstawowa w Le\u0144czach"},"image":{"@id":"https:\/\/www.szkolalencze.pl\/#\/schema\/logo\/image\/"}}]}},"_links":{"self":[{"href":"https:\/\/www.szkolalencze.pl\/index.php\/wp-json\/wp\/v2\/pages\/8902","targetHints":{"allow":["GET"]}}],"collection":[{"href":"https:\/\/www.szkolalencze.pl\/index.php\/wp-json\/wp\/v2\/pages"}],"about":[{"href":"https:\/\/www.szkolalencze.pl\/index.php\/wp-json\/wp\/v2\/types\/page"}],"author":[{"embeddable":true,"href":"https:\/\/www.szkolalencze.pl\/index.php\/wp-json\/wp\/v2\/users\/4"}],"replies":[{"embeddable":true,"href":"https:\/\/www.szkolalencze.pl\/index.php\/wp-json\/wp\/v2\/comments?post=8902"}],"version-history":[{"count":2,"href":"https:\/\/www.szkolalencze.pl\/index.php\/wp-json\/wp\/v2\/pages\/8902\/revisions"}],"predecessor-version":[{"id":8917,"href":"https:\/\/www.szkolalencze.pl\/index.php\/wp-json\/wp\/v2\/pages\/8902\/revisions\/8917"}],"wp:attachment":[{"href":"https:\/\/www.szkolalencze.pl\/index.php\/wp-json\/wp\/v2\/media?parent=8902"}],"curies":[{"name":"wp","href":"https:\/\/api.w.org\/{rel}","templated":true}]}}