{"id":6570,"date":"2018-10-12T17:37:48","date_gmt":"2018-10-12T15:37:48","guid":{"rendered":"http:\/\/www.szkolalencze.pl\/?page_id=6570"},"modified":"2018-10-20T13:07:04","modified_gmt":"2018-10-20T11:07:04","slug":"malopolska-w-zdrowej-atmosferze","status":"publish","type":"page","link":"https:\/\/www.szkolalencze.pl\/index.php\/malopolska-w-zdrowej-atmosferze\/","title":{"rendered":"Ma\u0142opolska w zdrowej atmosferze"},"content":{"rendered":"<h2 style=\"text-align: center;\"><span style=\"color: #000000;\"><strong><u>Ma\u0142opolska w zdrowej atmosferze<\/u><\/strong><\/span><\/h2>\n<h3><span style=\"color: #000000;\">\u00a0\u00a0\u00a0\u00a0\u00a0\u00a0\u00a0\u00a0\u00a0\u00a0\u00a0\u00a0\u00a0\u00a0\u00a0\u00a0\u00a0 W ramach realizowanego i zintegrowanego projektu LIFE \u201eWdra\u017canie Programu ochrony powietrza dla wojew\u00f3dztwa ma\u0142opolskiego, pt.\u00a0 \u201eMa\u0142opolska w\u00a0zdrowej atmosferze\u201d, Marsza\u0142ek Wojew\u00f3dztwa Ma\u0142opolskiego \u00a0przekaza\u0142 naszym przedszkolakom\u00a0oczyszczacz powietrza.\u00a0Za ten pi\u0119kny gest jeste\u015bmy bardzo wdzi\u0119czni i serdecznie dzi\u0119kujemy. U\u015bmiechy s\u0105\u00a0 tego najlepszym dowodem.<\/span><\/h3>\n<p><span style=\"color: #000000;\">\u00a0<img loading=\"lazy\" decoding=\"async\" class=\"size-medium wp-image-6591 aligncenter\" src=\"http:\/\/www.szkolalencze.pl\/wp-content\/uploads\/2018\/10\/image002-300x225.jpg\" alt=\"\" width=\"300\" height=\"225\" srcset=\"https:\/\/www.szkolalencze.pl\/wp-content\/uploads\/2018\/10\/image002-300x225.jpg 300w, https:\/\/www.szkolalencze.pl\/wp-content\/uploads\/2018\/10\/image002-360x270.jpg 360w, https:\/\/www.szkolalencze.pl\/wp-content\/uploads\/2018\/10\/image002.jpg 605w\" sizes=\"auto, (max-width: 300px) 100vw, 300px\" \/><\/span><\/p>\n<p><span style=\"color: #000000;\">\u00a0\u00a0\u00a0\u00a0\u00a0\u00a0\u00a0\u00a0\u00a0\u00a0\u00a0\u00a0\u00a0\u00a0\u00a0\u00a0\u00a0\u00a0\u00a0\u00a0\u00a0 W zwi\u0105zku z tym wydarzeniem realizowany by\u0142 w naszym przedszkolu\u00a0 program, zwi\u0105zany z tematyk\u0105 zanieczyszcze\u0144 powietrza. W czasie zaj\u0119\u0107 postawili\u015bmy sobie nast\u0119puj\u0105ce cele, kt\u00f3re zosta\u0142y w pe\u0142ni zrealizowane:<\/span><\/p>\n<ul>\n<li><span style=\"color: #000000;\">poznanie przez dziecko czym jest powietrze i jak\u0105 wa\u017cn\u0105 rol\u0119 pe\u0142ni w naszym \u017cyciu,<\/span><\/li>\n<li><span style=\"color: #000000;\">poznanie przez dzieci w\u0142a\u015bciwo\u015bci jakie posiada powietrze,<\/span><\/li>\n<li><span style=\"color: #000000;\">samodzielne dochodzenie do wiedzy, poprzez wykonywanie do\u015bwiadcze\u0144 z\u00a0 nauczycielem, tworzenie\u00a0 ko\u0144cowych wniosk\u00f3w przez dzieci,<\/span><\/li>\n<li><span style=\"color: #000000;\">zaznajomienie si\u0119 ze \u017ar\u00f3d\u0142ami i skutkami zanieczyszcze\u0144 powietrza,<\/span><\/li>\n<li><span style=\"color: #000000;\">prawid\u0142owe\u00a0 wskazywanie dzia\u0142a\u0144,\u00a0 jakie mo\u017cna podj\u0105\u0107 na rzecz ochrony przyrody i czystego powietrza.<\/span><\/li>\n<\/ul>\n<p><span style=\"color: #000000;\">\u00a0\u00a0\u00a0\u00a0\u00a0\u00a0\u00a0\u00a0\u00a0\u00a0\u00a0\u00a0 Zaj\u0119cia zosta\u0142y przeprowadzone w Grupie Zuchy oddzia\u0142\u00a0 \u201eC\u201d , w przedszkolu w Podolanach. Na koniec realizowanych zaj\u0119\u0107 dzieci,\u00a0 zadeklarowa\u0142y ch\u0119\u0107 pe\u0142nienia funkcji \u201eStra\u017cnik\u00f3w czystego powietrza\u201d\u00a0 i tym samym popisa\u0142y\u00a0 kontrakt\u00a0 odciskiem w\u0142asnej d\u0142oni.<\/span><\/p>\n<p><span style=\"color: #000000;\">A oto nasz fotorelacja z przeprowadzonych zaj\u0119\u0107:<\/span><\/p>\n<p><img loading=\"lazy\" decoding=\"async\" class=\"alignnone size-medium wp-image-6592\" src=\"http:\/\/www.szkolalencze.pl\/wp-content\/uploads\/2018\/10\/image003-300x225.jpg\" alt=\"\" width=\"300\" height=\"225\" srcset=\"https:\/\/www.szkolalencze.pl\/wp-content\/uploads\/2018\/10\/image003-300x225.jpg 300w, https:\/\/www.szkolalencze.pl\/wp-content\/uploads\/2018\/10\/image003-360x270.jpg 360w, https:\/\/www.szkolalencze.pl\/wp-content\/uploads\/2018\/10\/image003.jpg 557w\" sizes=\"auto, (max-width: 300px) 100vw, 300px\" \/> <img loading=\"lazy\" decoding=\"async\" class=\"alignnone size-medium wp-image-6593\" src=\"http:\/\/www.szkolalencze.pl\/wp-content\/uploads\/2018\/10\/image004-225x300.jpg\" alt=\"\" width=\"225\" height=\"300\" srcset=\"https:\/\/www.szkolalencze.pl\/wp-content\/uploads\/2018\/10\/image004-225x300.jpg 225w, https:\/\/www.szkolalencze.pl\/wp-content\/uploads\/2018\/10\/image004-203x270.jpg 203w, https:\/\/www.szkolalencze.pl\/wp-content\/uploads\/2018\/10\/image004.jpg 314w\" sizes=\"auto, (max-width: 225px) 100vw, 225px\" \/> <img loading=\"lazy\" decoding=\"async\" class=\"alignnone size-medium wp-image-6594\" src=\"http:\/\/www.szkolalencze.pl\/wp-content\/uploads\/2018\/10\/image005-246x300.jpg\" alt=\"\" width=\"246\" height=\"300\" srcset=\"https:\/\/www.szkolalencze.pl\/wp-content\/uploads\/2018\/10\/image005-246x300.jpg 246w, https:\/\/www.szkolalencze.pl\/wp-content\/uploads\/2018\/10\/image005-221x270.jpg 221w, https:\/\/www.szkolalencze.pl\/wp-content\/uploads\/2018\/10\/image005.jpg 313w\" sizes=\"auto, (max-width: 246px) 100vw, 246px\" \/> <img loading=\"lazy\" decoding=\"async\" class=\"alignnone size-medium wp-image-6595\" src=\"http:\/\/www.szkolalencze.pl\/wp-content\/uploads\/2018\/10\/image006-225x300.jpg\" alt=\"\" width=\"225\" height=\"300\" srcset=\"https:\/\/www.szkolalencze.pl\/wp-content\/uploads\/2018\/10\/image006-225x300.jpg 225w, https:\/\/www.szkolalencze.pl\/wp-content\/uploads\/2018\/10\/image006-202x270.jpg 202w, https:\/\/www.szkolalencze.pl\/wp-content\/uploads\/2018\/10\/image006.jpg 421w\" sizes=\"auto, (max-width: 225px) 100vw, 225px\" \/> <img loading=\"lazy\" decoding=\"async\" class=\"alignnone size-medium wp-image-6596\" src=\"http:\/\/www.szkolalencze.pl\/wp-content\/uploads\/2018\/10\/image007-300x198.jpg\" alt=\"\" width=\"300\" height=\"198\" srcset=\"https:\/\/www.szkolalencze.pl\/wp-content\/uploads\/2018\/10\/image007-300x198.jpg 300w, https:\/\/www.szkolalencze.pl\/wp-content\/uploads\/2018\/10\/image007-360x237.jpg 360w, https:\/\/www.szkolalencze.pl\/wp-content\/uploads\/2018\/10\/image007.jpg 530w\" sizes=\"auto, (max-width: 300px) 100vw, 300px\" \/> <img loading=\"lazy\" decoding=\"async\" class=\"alignnone size-medium wp-image-6604\" src=\"http:\/\/www.szkolalencze.pl\/wp-content\/uploads\/2018\/10\/image015-225x300.jpg\" alt=\"\" width=\"225\" height=\"300\" srcset=\"https:\/\/www.szkolalencze.pl\/wp-content\/uploads\/2018\/10\/image015-225x300.jpg 225w, https:\/\/www.szkolalencze.pl\/wp-content\/uploads\/2018\/10\/image015-202x270.jpg 202w, https:\/\/www.szkolalencze.pl\/wp-content\/uploads\/2018\/10\/image015.jpg 456w\" sizes=\"auto, (max-width: 225px) 100vw, 225px\" \/> <img loading=\"lazy\" decoding=\"async\" class=\"alignnone size-medium wp-image-6603\" src=\"http:\/\/www.szkolalencze.pl\/wp-content\/uploads\/2018\/10\/image014-225x300.jpg\" alt=\"\" width=\"225\" height=\"300\" srcset=\"https:\/\/www.szkolalencze.pl\/wp-content\/uploads\/2018\/10\/image014-225x300.jpg 225w, https:\/\/www.szkolalencze.pl\/wp-content\/uploads\/2018\/10\/image014-203x270.jpg 203w, https:\/\/www.szkolalencze.pl\/wp-content\/uploads\/2018\/10\/image014.jpg 489w\" sizes=\"auto, (max-width: 225px) 100vw, 225px\" \/> <img loading=\"lazy\" decoding=\"async\" class=\"alignnone size-medium wp-image-6602\" src=\"http:\/\/www.szkolalencze.pl\/wp-content\/uploads\/2018\/10\/image013-225x300.jpg\" alt=\"\" width=\"225\" height=\"300\" srcset=\"https:\/\/www.szkolalencze.pl\/wp-content\/uploads\/2018\/10\/image013-225x300.jpg 225w, https:\/\/www.szkolalencze.pl\/wp-content\/uploads\/2018\/10\/image013-203x270.jpg 203w, https:\/\/www.szkolalencze.pl\/wp-content\/uploads\/2018\/10\/image013.jpg 477w\" sizes=\"auto, (max-width: 225px) 100vw, 225px\" \/> <img loading=\"lazy\" decoding=\"async\" class=\"alignnone size-medium wp-image-6601\" src=\"http:\/\/www.szkolalencze.pl\/wp-content\/uploads\/2018\/10\/image012-225x300.jpg\" alt=\"\" width=\"225\" height=\"300\" srcset=\"https:\/\/www.szkolalencze.pl\/wp-content\/uploads\/2018\/10\/image012-225x300.jpg 225w, https:\/\/www.szkolalencze.pl\/wp-content\/uploads\/2018\/10\/image012-203x270.jpg 203w, https:\/\/www.szkolalencze.pl\/wp-content\/uploads\/2018\/10\/image012.jpg 384w\" sizes=\"auto, (max-width: 225px) 100vw, 225px\" \/> <img loading=\"lazy\" decoding=\"async\" class=\"alignnone size-medium wp-image-6600\" src=\"http:\/\/www.szkolalencze.pl\/wp-content\/uploads\/2018\/10\/image011-225x300.jpg\" alt=\"\" width=\"225\" height=\"300\" srcset=\"https:\/\/www.szkolalencze.pl\/wp-content\/uploads\/2018\/10\/image011-225x300.jpg 225w, https:\/\/www.szkolalencze.pl\/wp-content\/uploads\/2018\/10\/image011-203x270.jpg 203w, https:\/\/www.szkolalencze.pl\/wp-content\/uploads\/2018\/10\/image011.jpg 452w\" sizes=\"auto, (max-width: 225px) 100vw, 225px\" \/> <img loading=\"lazy\" decoding=\"async\" class=\"alignnone size-medium wp-image-6599\" src=\"http:\/\/www.szkolalencze.pl\/wp-content\/uploads\/2018\/10\/image010-281x300.jpg\" alt=\"\" width=\"281\" height=\"300\" srcset=\"https:\/\/www.szkolalencze.pl\/wp-content\/uploads\/2018\/10\/image010-281x300.jpg 281w, https:\/\/www.szkolalencze.pl\/wp-content\/uploads\/2018\/10\/image010-253x270.jpg 253w, https:\/\/www.szkolalencze.pl\/wp-content\/uploads\/2018\/10\/image010.jpg 511w\" sizes=\"auto, (max-width: 281px) 100vw, 281px\" \/> <img loading=\"lazy\" decoding=\"async\" class=\"alignnone size-medium wp-image-6598\" src=\"http:\/\/www.szkolalencze.pl\/wp-content\/uploads\/2018\/10\/image009-225x300.jpg\" alt=\"\" width=\"225\" height=\"300\" srcset=\"https:\/\/www.szkolalencze.pl\/wp-content\/uploads\/2018\/10\/image009-225x300.jpg 225w, https:\/\/www.szkolalencze.pl\/wp-content\/uploads\/2018\/10\/image009-203x270.jpg 203w, https:\/\/www.szkolalencze.pl\/wp-content\/uploads\/2018\/10\/image009.jpg 497w\" sizes=\"auto, (max-width: 225px) 100vw, 225px\" \/> <img loading=\"lazy\" decoding=\"async\" class=\"alignnone size-medium wp-image-6597\" src=\"http:\/\/www.szkolalencze.pl\/wp-content\/uploads\/2018\/10\/image008-276x300.jpg\" alt=\"\" width=\"276\" height=\"300\" srcset=\"https:\/\/www.szkolalencze.pl\/wp-content\/uploads\/2018\/10\/image008-276x300.jpg 276w, https:\/\/www.szkolalencze.pl\/wp-content\/uploads\/2018\/10\/image008-249x270.jpg 249w, https:\/\/www.szkolalencze.pl\/wp-content\/uploads\/2018\/10\/image008.jpg 434w\" sizes=\"auto, (max-width: 276px) 100vw, 276px\" \/><\/p>\n<p>&nbsp;<\/p>\n<p>&nbsp;<\/p>\n<p>&nbsp;<\/p>\n<p>&nbsp;<\/p>\n<p>&nbsp;<\/p>\n<p>&nbsp;<\/p>\n<p>&nbsp;<\/p>\n<p>&nbsp;<\/p>\n<p>&nbsp;<\/p>\n<p>&nbsp;<\/p>\n<p>&nbsp;<\/p>\n<p>&nbsp;<\/p>\n<p>&nbsp;<\/p>\n<p>&nbsp;<\/p>\n<p>&nbsp;<\/p>\n<p>&nbsp;<\/p>\n<p>&nbsp;<\/p>\n<p>&nbsp;<\/p>\n<p>&nbsp;<\/p>\n<p>&nbsp;<\/p>\n<p>&nbsp;<\/p>\n<p>&nbsp;<\/p>\n<p>&nbsp;<\/p>\n<p>&nbsp;<\/p>\n","protected":false},"excerpt":{"rendered":"<p>Ma\u0142opolska w <a href=\"https:\/\/www.szkolalencze.pl\/index.php\/malopolska-w-zdrowej-atmosferze\/\" class=\"read-more\">Czytaj dalej &#8230;<\/a><\/p>\n","protected":false},"author":1,"featured_media":0,"parent":0,"menu_order":0,"comment_status":"closed","ping_status":"closed","template":"","meta":{"_mo_disable_npp":"","footnotes":""},"class_list":["post-6570","page","type-page","status-publish","hentry"],"yoast_head":"<!-- This site is optimized with the Yoast SEO plugin v27.3 - https:\/\/yoast.com\/product\/yoast-seo-wordpress\/ -->\n<title>Ma\u0142opolska w zdrowej atmosferze - Szko\u0142a Podstawowa w Le\u0144czach<\/title>\n<meta name=\"robots\" content=\"index, follow, max-snippet:-1, max-image-preview:large, max-video-preview:-1\" \/>\n<link rel=\"canonical\" href=\"https:\/\/www.szkolalencze.pl\/index.php\/malopolska-w-zdrowej-atmosferze\/\" \/>\n<meta property=\"og:locale\" content=\"pl_PL\" \/>\n<meta property=\"og:type\" content=\"article\" \/>\n<meta property=\"og:title\" content=\"Ma\u0142opolska w zdrowej atmosferze - Szko\u0142a Podstawowa w Le\u0144czach\" \/>\n<meta property=\"og:description\" content=\"Ma\u0142opolska w Czytaj dalej ...\" \/>\n<meta property=\"og:url\" content=\"https:\/\/www.szkolalencze.pl\/index.php\/malopolska-w-zdrowej-atmosferze\/\" \/>\n<meta property=\"og:site_name\" content=\"Szko\u0142a Podstawowa w Le\u0144czach\" \/>\n<meta property=\"article:modified_time\" content=\"2018-10-20T11:07:04+00:00\" \/>\n<meta property=\"og:image\" content=\"http:\/\/www.szkolalencze.pl\/wp-content\/uploads\/2018\/10\/image002-300x225.jpg\" \/>\n<meta name=\"twitter:card\" content=\"summary_large_image\" \/>\n<meta name=\"twitter:label1\" content=\"Szacowany czas czytania\" \/>\n\t<meta name=\"twitter:data1\" content=\"1 minuta\" \/>\n<script type=\"application\/ld+json\" class=\"yoast-schema-graph\">{\"@context\":\"https:\\\/\\\/schema.org\",\"@graph\":[{\"@type\":\"WebPage\",\"@id\":\"https:\\\/\\\/www.szkolalencze.pl\\\/index.php\\\/malopolska-w-zdrowej-atmosferze\\\/\",\"url\":\"https:\\\/\\\/www.szkolalencze.pl\\\/index.php\\\/malopolska-w-zdrowej-atmosferze\\\/\",\"name\":\"Ma\u0142opolska w zdrowej atmosferze - Szko\u0142a Podstawowa w Le\u0144czach\",\"isPartOf\":{\"@id\":\"https:\\\/\\\/www.szkolalencze.pl\\\/#website\"},\"primaryImageOfPage\":{\"@id\":\"https:\\\/\\\/www.szkolalencze.pl\\\/index.php\\\/malopolska-w-zdrowej-atmosferze\\\/#primaryimage\"},\"image\":{\"@id\":\"https:\\\/\\\/www.szkolalencze.pl\\\/index.php\\\/malopolska-w-zdrowej-atmosferze\\\/#primaryimage\"},\"thumbnailUrl\":\"http:\\\/\\\/www.szkolalencze.pl\\\/wp-content\\\/uploads\\\/2018\\\/10\\\/image002-300x225.jpg\",\"datePublished\":\"2018-10-12T15:37:48+00:00\",\"dateModified\":\"2018-10-20T11:07:04+00:00\",\"breadcrumb\":{\"@id\":\"https:\\\/\\\/www.szkolalencze.pl\\\/index.php\\\/malopolska-w-zdrowej-atmosferze\\\/#breadcrumb\"},\"inLanguage\":\"pl-PL\",\"potentialAction\":[{\"@type\":\"ReadAction\",\"target\":[\"https:\\\/\\\/www.szkolalencze.pl\\\/index.php\\\/malopolska-w-zdrowej-atmosferze\\\/\"]}]},{\"@type\":\"ImageObject\",\"inLanguage\":\"pl-PL\",\"@id\":\"https:\\\/\\\/www.szkolalencze.pl\\\/index.php\\\/malopolska-w-zdrowej-atmosferze\\\/#primaryimage\",\"url\":\"http:\\\/\\\/www.szkolalencze.pl\\\/wp-content\\\/uploads\\\/2018\\\/10\\\/image002-300x225.jpg\",\"contentUrl\":\"http:\\\/\\\/www.szkolalencze.pl\\\/wp-content\\\/uploads\\\/2018\\\/10\\\/image002-300x225.jpg\"},{\"@type\":\"BreadcrumbList\",\"@id\":\"https:\\\/\\\/www.szkolalencze.pl\\\/index.php\\\/malopolska-w-zdrowej-atmosferze\\\/#breadcrumb\",\"itemListElement\":[{\"@type\":\"ListItem\",\"position\":1,\"name\":\"Strona g\u0142\u00f3wna\",\"item\":\"https:\\\/\\\/www.szkolalencze.pl\\\/\"},{\"@type\":\"ListItem\",\"position\":2,\"name\":\"Ma\u0142opolska w&nbsp;zdrowej atmosferze\"}]},{\"@type\":\"WebSite\",\"@id\":\"https:\\\/\\\/www.szkolalencze.pl\\\/#website\",\"url\":\"https:\\\/\\\/www.szkolalencze.pl\\\/\",\"name\":\"Szko\u0142a Podstawowa w Le\u0144czach\",\"description\":\"Oficjalna strona szko\u0142y w Le\u0144czach\",\"publisher\":{\"@id\":\"https:\\\/\\\/www.szkolalencze.pl\\\/#organization\"},\"potentialAction\":[{\"@type\":\"SearchAction\",\"target\":{\"@type\":\"EntryPoint\",\"urlTemplate\":\"https:\\\/\\\/www.szkolalencze.pl\\\/?s={search_term_string}\"},\"query-input\":{\"@type\":\"PropertyValueSpecification\",\"valueRequired\":true,\"valueName\":\"search_term_string\"}}],\"inLanguage\":\"pl-PL\"},{\"@type\":\"Organization\",\"@id\":\"https:\\\/\\\/www.szkolalencze.pl\\\/#organization\",\"name\":\"Szko\u0142a Podstawowa w Le\u0144czach\",\"url\":\"https:\\\/\\\/www.szkolalencze.pl\\\/\",\"logo\":{\"@type\":\"ImageObject\",\"inLanguage\":\"pl-PL\",\"@id\":\"https:\\\/\\\/www.szkolalencze.pl\\\/#\\\/schema\\\/logo\\\/image\\\/\",\"url\":\"https:\\\/\\\/www.szkolalencze.pl\\\/wp-content\\\/uploads\\\/2020\\\/10\\\/logobt-1-3.png\",\"contentUrl\":\"https:\\\/\\\/www.szkolalencze.pl\\\/wp-content\\\/uploads\\\/2020\\\/10\\\/logobt-1-3.png\",\"width\":66,\"height\":102,\"caption\":\"Szko\u0142a Podstawowa w Le\u0144czach\"},\"image\":{\"@id\":\"https:\\\/\\\/www.szkolalencze.pl\\\/#\\\/schema\\\/logo\\\/image\\\/\"}}]}<\/script>\n<!-- \/ Yoast SEO plugin. -->","yoast_head_json":{"title":"Ma\u0142opolska w zdrowej atmosferze - Szko\u0142a Podstawowa w Le\u0144czach","robots":{"index":"index","follow":"follow","max-snippet":"max-snippet:-1","max-image-preview":"max-image-preview:large","max-video-preview":"max-video-preview:-1"},"canonical":"https:\/\/www.szkolalencze.pl\/index.php\/malopolska-w-zdrowej-atmosferze\/","og_locale":"pl_PL","og_type":"article","og_title":"Ma\u0142opolska w zdrowej atmosferze - Szko\u0142a Podstawowa w Le\u0144czach","og_description":"Ma\u0142opolska w Czytaj dalej ...","og_url":"https:\/\/www.szkolalencze.pl\/index.php\/malopolska-w-zdrowej-atmosferze\/","og_site_name":"Szko\u0142a Podstawowa w Le\u0144czach","article_modified_time":"2018-10-20T11:07:04+00:00","og_image":[{"url":"http:\/\/www.szkolalencze.pl\/wp-content\/uploads\/2018\/10\/image002-300x225.jpg","type":"","width":"","height":""}],"twitter_card":"summary_large_image","twitter_misc":{"Szacowany czas czytania":"1 minuta"},"schema":{"@context":"https:\/\/schema.org","@graph":[{"@type":"WebPage","@id":"https:\/\/www.szkolalencze.pl\/index.php\/malopolska-w-zdrowej-atmosferze\/","url":"https:\/\/www.szkolalencze.pl\/index.php\/malopolska-w-zdrowej-atmosferze\/","name":"Ma\u0142opolska w zdrowej atmosferze - Szko\u0142a Podstawowa w Le\u0144czach","isPartOf":{"@id":"https:\/\/www.szkolalencze.pl\/#website"},"primaryImageOfPage":{"@id":"https:\/\/www.szkolalencze.pl\/index.php\/malopolska-w-zdrowej-atmosferze\/#primaryimage"},"image":{"@id":"https:\/\/www.szkolalencze.pl\/index.php\/malopolska-w-zdrowej-atmosferze\/#primaryimage"},"thumbnailUrl":"http:\/\/www.szkolalencze.pl\/wp-content\/uploads\/2018\/10\/image002-300x225.jpg","datePublished":"2018-10-12T15:37:48+00:00","dateModified":"2018-10-20T11:07:04+00:00","breadcrumb":{"@id":"https:\/\/www.szkolalencze.pl\/index.php\/malopolska-w-zdrowej-atmosferze\/#breadcrumb"},"inLanguage":"pl-PL","potentialAction":[{"@type":"ReadAction","target":["https:\/\/www.szkolalencze.pl\/index.php\/malopolska-w-zdrowej-atmosferze\/"]}]},{"@type":"ImageObject","inLanguage":"pl-PL","@id":"https:\/\/www.szkolalencze.pl\/index.php\/malopolska-w-zdrowej-atmosferze\/#primaryimage","url":"http:\/\/www.szkolalencze.pl\/wp-content\/uploads\/2018\/10\/image002-300x225.jpg","contentUrl":"http:\/\/www.szkolalencze.pl\/wp-content\/uploads\/2018\/10\/image002-300x225.jpg"},{"@type":"BreadcrumbList","@id":"https:\/\/www.szkolalencze.pl\/index.php\/malopolska-w-zdrowej-atmosferze\/#breadcrumb","itemListElement":[{"@type":"ListItem","position":1,"name":"Strona g\u0142\u00f3wna","item":"https:\/\/www.szkolalencze.pl\/"},{"@type":"ListItem","position":2,"name":"Ma\u0142opolska w&nbsp;zdrowej atmosferze"}]},{"@type":"WebSite","@id":"https:\/\/www.szkolalencze.pl\/#website","url":"https:\/\/www.szkolalencze.pl\/","name":"Szko\u0142a Podstawowa w Le\u0144czach","description":"Oficjalna strona szko\u0142y w Le\u0144czach","publisher":{"@id":"https:\/\/www.szkolalencze.pl\/#organization"},"potentialAction":[{"@type":"SearchAction","target":{"@type":"EntryPoint","urlTemplate":"https:\/\/www.szkolalencze.pl\/?s={search_term_string}"},"query-input":{"@type":"PropertyValueSpecification","valueRequired":true,"valueName":"search_term_string"}}],"inLanguage":"pl-PL"},{"@type":"Organization","@id":"https:\/\/www.szkolalencze.pl\/#organization","name":"Szko\u0142a Podstawowa w Le\u0144czach","url":"https:\/\/www.szkolalencze.pl\/","logo":{"@type":"ImageObject","inLanguage":"pl-PL","@id":"https:\/\/www.szkolalencze.pl\/#\/schema\/logo\/image\/","url":"https:\/\/www.szkolalencze.pl\/wp-content\/uploads\/2020\/10\/logobt-1-3.png","contentUrl":"https:\/\/www.szkolalencze.pl\/wp-content\/uploads\/2020\/10\/logobt-1-3.png","width":66,"height":102,"caption":"Szko\u0142a Podstawowa w Le\u0144czach"},"image":{"@id":"https:\/\/www.szkolalencze.pl\/#\/schema\/logo\/image\/"}}]}},"_links":{"self":[{"href":"https:\/\/www.szkolalencze.pl\/index.php\/wp-json\/wp\/v2\/pages\/6570","targetHints":{"allow":["GET"]}}],"collection":[{"href":"https:\/\/www.szkolalencze.pl\/index.php\/wp-json\/wp\/v2\/pages"}],"about":[{"href":"https:\/\/www.szkolalencze.pl\/index.php\/wp-json\/wp\/v2\/types\/page"}],"author":[{"embeddable":true,"href":"https:\/\/www.szkolalencze.pl\/index.php\/wp-json\/wp\/v2\/users\/1"}],"replies":[{"embeddable":true,"href":"https:\/\/www.szkolalencze.pl\/index.php\/wp-json\/wp\/v2\/comments?post=6570"}],"version-history":[{"count":5,"href":"https:\/\/www.szkolalencze.pl\/index.php\/wp-json\/wp\/v2\/pages\/6570\/revisions"}],"predecessor-version":[{"id":6606,"href":"https:\/\/www.szkolalencze.pl\/index.php\/wp-json\/wp\/v2\/pages\/6570\/revisions\/6606"}],"wp:attachment":[{"href":"https:\/\/www.szkolalencze.pl\/index.php\/wp-json\/wp\/v2\/media?parent=6570"}],"curies":[{"name":"wp","href":"https:\/\/api.w.org\/{rel}","templated":true}]}}