{"id":6301,"date":"2018-07-31T17:20:14","date_gmt":"2018-07-31T15:20:14","guid":{"rendered":"http:\/\/www.szkolalencze.pl\/?page_id=6301"},"modified":"2025-12-17T18:15:42","modified_gmt":"2025-12-17T17:15:42","slug":"archiwum-3","status":"publish","type":"page","link":"https:\/\/www.szkolalencze.pl\/index.php\/archiwum-3\/","title":{"rendered":"w muzeum obwarzank"},"content":{"rendered":"<h2><span style=\"color: #000000;\"><strong><div class=\"su-button-center\"><a href=\"http:\/\/www.szkolalencze.pl\/index.php\/1aktualnosci-2017-2018\/\" class=\"su-button su-button-style-3d\" style=\"color:#f0ec29;background-color:#2D89EF;border-color:#246ec0;border-radius:77px\" target=\"_self\"><span style=\"color:#f0ec29;padding:0px 34px;font-size:25px;line-height:50px;border-color:#6cadf4;border-radius:77px;text-shadow:0px 1px 0px #edca0f\"> Aktualno\u015bci z roku szkolnego 2016\/2017<\/span><\/a><\/div><\/strong><\/span><\/h2>\n<h2><span style=\"color: #000000;\"><strong><div class=\"su-button-center\"><a href=\"http:\/\/www.szkolalencze.pl\/index.php\/strona-nr-2\/\" class=\"su-button su-button-style-3d\" style=\"color:#f0ec29;background-color:#2D89EF;border-color:#246ec0;border-radius:77px\" target=\"_self\"><span style=\"color:#f0ec29;padding:0px 34px;font-size:25px;line-height:50px;border-color:#6cadf4;border-radius:77px;text-shadow:0px 1px 0px #edca0f\"> Aktualno\u015bci z roku szkolnego 2017\/2018<\/span><\/a><\/div><\/strong><\/span><\/h2>\n<h2><strong><span style=\"color: #000000;\"><div class=\"su-button-center\"><a href=\"http:\/\/www.szkolalencze.pl\/index.php\/aktualnosci-2018-2019\/\" class=\"su-button su-button-style-3d\" style=\"color:#f0ec29;background-color:#2D89EF;border-color:#246ec0;border-radius:77px\" target=\"_self\"><span style=\"color:#f0ec29;padding:0px 34px;font-size:25px;line-height:50px;border-color:#6cadf4;border-radius:77px;text-shadow:0px 1px 0px #edca0f\"> Aktualno\u015bci z roku szkolnego 2018\/2019<\/span><\/a><\/div><\/span><\/strong><\/h2>\n<h2><span style=\"color: #333333;\"><strong><div class=\"su-button-center\"><a href=\"http:\/\/www.szkolalencze.pl\/?page_id=9180&#038;preview=true%20\" class=\"su-button su-button-style-3d\" style=\"color:#f0ec29;background-color:#2D89EF;border-color:#246ec0;border-radius:77px\" target=\"_self\"><span style=\"color:#f0ec29;padding:0px 34px;font-size:25px;line-height:50px;border-color:#6cadf4;border-radius:77px;text-shadow:0px 1px 0px #edca0f\"> Aktualno\u015bci z roku szkolnego 2019\/2020<\/span><\/a><\/div><\/strong><\/span><\/h2>\n<h2><strong><span style=\"color: #000000;\"><div class=\"su-button-center\"><a href=\"https:\/\/www.szkolalencze.pl\/index.php\/archiwum-2020-2021\/\" class=\"su-button su-button-style-3d\" style=\"color:#f0ec29;background-color:#2D89EF;border-color:#246ec0;border-radius:77px\" target=\"_self\"><span style=\"color:#f0ec29;padding:0px 34px;font-size:25px;line-height:50px;border-color:#6cadf4;border-radius:77px;text-shadow:0px 1px 0px #edca0f\"> Aktualno\u015bci z roku szkolnego 2020\/2021<\/span><\/a><\/div><\/span><\/strong><\/h2>\n<h2><strong><span style=\"color: #000000;\"><div class=\"su-button-center\"><a href=\"https:\/\/www.szkolalencze.pl\/index.php\/archiwum-2021-2022\/\" class=\"su-button su-button-style-3d\" style=\"color:#f0ec29;background-color:#2D89EF;border-color:#246ec0;border-radius:77px\" target=\"_self\"><span style=\"color:#f0ec29;padding:0px 34px;font-size:25px;line-height:50px;border-color:#6cadf4;border-radius:77px;text-shadow:0px 1px 0px #edca0f\"> Aktualno\u015bci z roku szkolnego 2021\/2022<\/span><\/a><\/div><\/span><\/strong><\/h2>\n<h2><strong><span style=\"color: #000000;\"><div class=\"su-button-center\"><a href=\"https:\/\/www.szkolalencze.pl\/index.php\/archiwum-2022-2023\" class=\"su-button su-button-style-3d\" style=\"color:#f0ec29;background-color:#2D89EF;border-color:#246ec0;border-radius:77px\" target=\"_self\"><span style=\"color:#f0ec29;padding:0px 34px;font-size:25px;line-height:50px;border-color:#6cadf4;border-radius:77px;text-shadow:0px 1px 0px #edca0f\"> Aktualno\u015bci z roku szkolnego 2022\/2023<\/span><\/a><\/div><\/span><\/strong><\/h2>\n<h2><strong><span style=\"color: #000000;\"><div class=\"su-button-center\"><a href=\"https:\/\/www.szkolalencze.pl\/index.php\/archiwum-2023-2024\" class=\"su-button su-button-style-3d\" style=\"color:#f0ec29;background-color:#2D89EF;border-color:#246ec0;border-radius:77px\" target=\"_self\"><span style=\"color:#f0ec29;padding:0px 34px;font-size:25px;line-height:50px;border-color:#6cadf4;border-radius:77px;text-shadow:0px 1px 0px #edca0f\"> Aktualno\u015bci z roku szkolnego 2023\/2024<\/span><\/a><\/div><\/span><\/strong><\/h2>\n<h2><strong><span style=\"color: #000000;\"><div class=\"su-button-center\"><a href=\"https:\/\/www.szkolalencze.pl\/index.php\/archiwum-2024-2025\" class=\"su-button su-button-style-3d\" style=\"color:#f0ec29;background-color:#2D89EF;border-color:#246ec0;border-radius:77px\" target=\"_self\"><span style=\"color:#f0ec29;padding:0px 34px;font-size:25px;line-height:50px;border-color:#6cadf4;border-radius:77px;text-shadow:0px 1px 0px #edca0f\"> Aktualno\u015bci z roku szkolnego 2024\/2025<\/span><\/a><\/div><\/span><\/strong><\/h2>\n<h2><strong><span style=\"color: #000000;\"><div class=\"su-button-center\"><a href=\"https:\/\/www.szkolalencze.pl\/index.php\/archiwum-2025-2026\" class=\"su-button su-button-style-3d\" style=\"color:#f0ec29;background-color:#2D89EF;border-color:#246ec0;border-radius:77px\" target=\"_self\"><span style=\"color:#f0ec29;padding:0px 34px;font-size:25px;line-height:50px;border-color:#6cadf4;border-radius:77px;text-shadow:0px 1px 0px #edca0f\"> Aktualno\u015bci z roku szkolnego 2025\/2026<\/span><\/a><\/div><\/span><\/strong><\/h2>\n","protected":false},"excerpt":{"rendered":"","protected":false},"author":1,"featured_media":6169,"parent":0,"menu_order":0,"comment_status":"closed","ping_status":"closed","template":"","meta":{"_mo_disable_npp":"","footnotes":""},"class_list":["post-6301","page","type-page","status-publish","has-post-thumbnail","hentry"],"yoast_head":"<!-- This site is optimized with the Yoast SEO plugin v27.5 - https:\/\/yoast.com\/product\/yoast-seo-wordpress\/ -->\n<title>w muzeum obwarzank - Szko\u0142a Podstawowa w Le\u0144czach<\/title>\n<meta name=\"robots\" content=\"index, follow, max-snippet:-1, max-image-preview:large, max-video-preview:-1\" \/>\n<link rel=\"canonical\" href=\"https:\/\/www.szkolalencze.pl\/index.php\/archiwum-3\/\" \/>\n<meta property=\"og:locale\" content=\"pl_PL\" \/>\n<meta property=\"og:type\" content=\"article\" \/>\n<meta property=\"og:title\" content=\"w muzeum obwarzank - Szko\u0142a Podstawowa w Le\u0144czach\" \/>\n<meta property=\"og:url\" content=\"https:\/\/www.szkolalencze.pl\/index.php\/archiwum-3\/\" \/>\n<meta property=\"og:site_name\" content=\"Szko\u0142a Podstawowa w Le\u0144czach\" \/>\n<meta property=\"article:modified_time\" content=\"2025-12-17T17:15:42+00:00\" \/>\n<meta property=\"og:image\" content=\"https:\/\/www.szkolalencze.pl\/wp-content\/uploads\/2018\/06\/tn_DSC_7586.jpg\" \/>\n\t<meta property=\"og:image:width\" content=\"1000\" \/>\n\t<meta property=\"og:image:height\" content=\"664\" \/>\n\t<meta property=\"og:image:type\" content=\"image\/jpeg\" \/>\n<meta name=\"twitter:card\" content=\"summary_large_image\" \/>\n<meta name=\"twitter:label1\" content=\"Szacowany czas czytania\" \/>\n\t<meta name=\"twitter:data1\" content=\"2 minuty\" \/>\n<script type=\"application\/ld+json\" class=\"yoast-schema-graph\">{\"@context\":\"https:\\\/\\\/schema.org\",\"@graph\":[{\"@type\":\"WebPage\",\"@id\":\"https:\\\/\\\/www.szkolalencze.pl\\\/index.php\\\/archiwum-3\\\/\",\"url\":\"https:\\\/\\\/www.szkolalencze.pl\\\/index.php\\\/archiwum-3\\\/\",\"name\":\"w muzeum obwarzank - Szko\u0142a Podstawowa w Le\u0144czach\",\"isPartOf\":{\"@id\":\"https:\\\/\\\/www.szkolalencze.pl\\\/#website\"},\"primaryImageOfPage\":{\"@id\":\"https:\\\/\\\/www.szkolalencze.pl\\\/index.php\\\/archiwum-3\\\/#primaryimage\"},\"image\":{\"@id\":\"https:\\\/\\\/www.szkolalencze.pl\\\/index.php\\\/archiwum-3\\\/#primaryimage\"},\"thumbnailUrl\":\"https:\\\/\\\/www.szkolalencze.pl\\\/wp-content\\\/uploads\\\/2018\\\/06\\\/tn_DSC_7586.jpg\",\"datePublished\":\"2018-07-31T15:20:14+00:00\",\"dateModified\":\"2025-12-17T17:15:42+00:00\",\"breadcrumb\":{\"@id\":\"https:\\\/\\\/www.szkolalencze.pl\\\/index.php\\\/archiwum-3\\\/#breadcrumb\"},\"inLanguage\":\"pl-PL\",\"potentialAction\":[{\"@type\":\"ReadAction\",\"target\":[\"https:\\\/\\\/www.szkolalencze.pl\\\/index.php\\\/archiwum-3\\\/\"]}]},{\"@type\":\"ImageObject\",\"inLanguage\":\"pl-PL\",\"@id\":\"https:\\\/\\\/www.szkolalencze.pl\\\/index.php\\\/archiwum-3\\\/#primaryimage\",\"url\":\"https:\\\/\\\/www.szkolalencze.pl\\\/wp-content\\\/uploads\\\/2018\\\/06\\\/tn_DSC_7586.jpg\",\"contentUrl\":\"https:\\\/\\\/www.szkolalencze.pl\\\/wp-content\\\/uploads\\\/2018\\\/06\\\/tn_DSC_7586.jpg\",\"width\":1000,\"height\":664},{\"@type\":\"BreadcrumbList\",\"@id\":\"https:\\\/\\\/www.szkolalencze.pl\\\/index.php\\\/archiwum-3\\\/#breadcrumb\",\"itemListElement\":[{\"@type\":\"ListItem\",\"position\":1,\"name\":\"Strona g\u0142\u00f3wna\",\"item\":\"https:\\\/\\\/www.szkolalencze.pl\\\/\"},{\"@type\":\"ListItem\",\"position\":2,\"name\":\"w muzeum obwarzank\"}]},{\"@type\":\"WebSite\",\"@id\":\"https:\\\/\\\/www.szkolalencze.pl\\\/#website\",\"url\":\"https:\\\/\\\/www.szkolalencze.pl\\\/\",\"name\":\"Szko\u0142a Podstawowa w Le\u0144czach\",\"description\":\"Oficjalna strona szko\u0142y w Le\u0144czach\",\"publisher\":{\"@id\":\"https:\\\/\\\/www.szkolalencze.pl\\\/#organization\"},\"potentialAction\":[{\"@type\":\"SearchAction\",\"target\":{\"@type\":\"EntryPoint\",\"urlTemplate\":\"https:\\\/\\\/www.szkolalencze.pl\\\/?s={search_term_string}\"},\"query-input\":{\"@type\":\"PropertyValueSpecification\",\"valueRequired\":true,\"valueName\":\"search_term_string\"}}],\"inLanguage\":\"pl-PL\"},{\"@type\":\"Organization\",\"@id\":\"https:\\\/\\\/www.szkolalencze.pl\\\/#organization\",\"name\":\"Szko\u0142a Podstawowa w Le\u0144czach\",\"url\":\"https:\\\/\\\/www.szkolalencze.pl\\\/\",\"logo\":{\"@type\":\"ImageObject\",\"inLanguage\":\"pl-PL\",\"@id\":\"https:\\\/\\\/www.szkolalencze.pl\\\/#\\\/schema\\\/logo\\\/image\\\/\",\"url\":\"https:\\\/\\\/www.szkolalencze.pl\\\/wp-content\\\/uploads\\\/2020\\\/10\\\/logobt-1-3.png\",\"contentUrl\":\"https:\\\/\\\/www.szkolalencze.pl\\\/wp-content\\\/uploads\\\/2020\\\/10\\\/logobt-1-3.png\",\"width\":66,\"height\":102,\"caption\":\"Szko\u0142a Podstawowa w Le\u0144czach\"},\"image\":{\"@id\":\"https:\\\/\\\/www.szkolalencze.pl\\\/#\\\/schema\\\/logo\\\/image\\\/\"}}]}<\/script>\n<!-- \/ Yoast SEO plugin. -->","yoast_head_json":{"title":"w muzeum obwarzank - Szko\u0142a Podstawowa w Le\u0144czach","robots":{"index":"index","follow":"follow","max-snippet":"max-snippet:-1","max-image-preview":"max-image-preview:large","max-video-preview":"max-video-preview:-1"},"canonical":"https:\/\/www.szkolalencze.pl\/index.php\/archiwum-3\/","og_locale":"pl_PL","og_type":"article","og_title":"w muzeum obwarzank - Szko\u0142a Podstawowa w Le\u0144czach","og_url":"https:\/\/www.szkolalencze.pl\/index.php\/archiwum-3\/","og_site_name":"Szko\u0142a Podstawowa w Le\u0144czach","article_modified_time":"2025-12-17T17:15:42+00:00","og_image":[{"width":1000,"height":664,"url":"https:\/\/www.szkolalencze.pl\/wp-content\/uploads\/2018\/06\/tn_DSC_7586.jpg","type":"image\/jpeg"}],"twitter_card":"summary_large_image","twitter_misc":{"Szacowany czas czytania":"2 minuty"},"schema":{"@context":"https:\/\/schema.org","@graph":[{"@type":"WebPage","@id":"https:\/\/www.szkolalencze.pl\/index.php\/archiwum-3\/","url":"https:\/\/www.szkolalencze.pl\/index.php\/archiwum-3\/","name":"w muzeum obwarzank - Szko\u0142a Podstawowa w Le\u0144czach","isPartOf":{"@id":"https:\/\/www.szkolalencze.pl\/#website"},"primaryImageOfPage":{"@id":"https:\/\/www.szkolalencze.pl\/index.php\/archiwum-3\/#primaryimage"},"image":{"@id":"https:\/\/www.szkolalencze.pl\/index.php\/archiwum-3\/#primaryimage"},"thumbnailUrl":"https:\/\/www.szkolalencze.pl\/wp-content\/uploads\/2018\/06\/tn_DSC_7586.jpg","datePublished":"2018-07-31T15:20:14+00:00","dateModified":"2025-12-17T17:15:42+00:00","breadcrumb":{"@id":"https:\/\/www.szkolalencze.pl\/index.php\/archiwum-3\/#breadcrumb"},"inLanguage":"pl-PL","potentialAction":[{"@type":"ReadAction","target":["https:\/\/www.szkolalencze.pl\/index.php\/archiwum-3\/"]}]},{"@type":"ImageObject","inLanguage":"pl-PL","@id":"https:\/\/www.szkolalencze.pl\/index.php\/archiwum-3\/#primaryimage","url":"https:\/\/www.szkolalencze.pl\/wp-content\/uploads\/2018\/06\/tn_DSC_7586.jpg","contentUrl":"https:\/\/www.szkolalencze.pl\/wp-content\/uploads\/2018\/06\/tn_DSC_7586.jpg","width":1000,"height":664},{"@type":"BreadcrumbList","@id":"https:\/\/www.szkolalencze.pl\/index.php\/archiwum-3\/#breadcrumb","itemListElement":[{"@type":"ListItem","position":1,"name":"Strona g\u0142\u00f3wna","item":"https:\/\/www.szkolalencze.pl\/"},{"@type":"ListItem","position":2,"name":"w muzeum obwarzank"}]},{"@type":"WebSite","@id":"https:\/\/www.szkolalencze.pl\/#website","url":"https:\/\/www.szkolalencze.pl\/","name":"Szko\u0142a Podstawowa w Le\u0144czach","description":"Oficjalna strona szko\u0142y w Le\u0144czach","publisher":{"@id":"https:\/\/www.szkolalencze.pl\/#organization"},"potentialAction":[{"@type":"SearchAction","target":{"@type":"EntryPoint","urlTemplate":"https:\/\/www.szkolalencze.pl\/?s={search_term_string}"},"query-input":{"@type":"PropertyValueSpecification","valueRequired":true,"valueName":"search_term_string"}}],"inLanguage":"pl-PL"},{"@type":"Organization","@id":"https:\/\/www.szkolalencze.pl\/#organization","name":"Szko\u0142a Podstawowa w Le\u0144czach","url":"https:\/\/www.szkolalencze.pl\/","logo":{"@type":"ImageObject","inLanguage":"pl-PL","@id":"https:\/\/www.szkolalencze.pl\/#\/schema\/logo\/image\/","url":"https:\/\/www.szkolalencze.pl\/wp-content\/uploads\/2020\/10\/logobt-1-3.png","contentUrl":"https:\/\/www.szkolalencze.pl\/wp-content\/uploads\/2020\/10\/logobt-1-3.png","width":66,"height":102,"caption":"Szko\u0142a Podstawowa w Le\u0144czach"},"image":{"@id":"https:\/\/www.szkolalencze.pl\/#\/schema\/logo\/image\/"}}]}},"_links":{"self":[{"href":"https:\/\/www.szkolalencze.pl\/index.php\/wp-json\/wp\/v2\/pages\/6301","targetHints":{"allow":["GET"]}}],"collection":[{"href":"https:\/\/www.szkolalencze.pl\/index.php\/wp-json\/wp\/v2\/pages"}],"about":[{"href":"https:\/\/www.szkolalencze.pl\/index.php\/wp-json\/wp\/v2\/types\/page"}],"author":[{"embeddable":true,"href":"https:\/\/www.szkolalencze.pl\/index.php\/wp-json\/wp\/v2\/users\/1"}],"replies":[{"embeddable":true,"href":"https:\/\/www.szkolalencze.pl\/index.php\/wp-json\/wp\/v2\/comments?post=6301"}],"version-history":[{"count":20,"href":"https:\/\/www.szkolalencze.pl\/index.php\/wp-json\/wp\/v2\/pages\/6301\/revisions"}],"predecessor-version":[{"id":21053,"href":"https:\/\/www.szkolalencze.pl\/index.php\/wp-json\/wp\/v2\/pages\/6301\/revisions\/21053"}],"wp:featuredmedia":[{"embeddable":true,"href":"https:\/\/www.szkolalencze.pl\/index.php\/wp-json\/wp\/v2\/media\/6169"}],"wp:attachment":[{"href":"https:\/\/www.szkolalencze.pl\/index.php\/wp-json\/wp\/v2\/media?parent=6301"}],"curies":[{"name":"wp","href":"https:\/\/api.w.org\/{rel}","templated":true}]}}