{"id":5481,"date":"2018-04-24T20:22:57","date_gmt":"2018-04-24T18:22:57","guid":{"rendered":"http:\/\/www.szkolalencze.pl\/?page_id=5481"},"modified":"2018-04-24T20:22:57","modified_gmt":"2018-04-24T18:22:57","slug":"egzamin-gimnazjalny-3","status":"publish","type":"page","link":"https:\/\/www.szkolalencze.pl\/index.php\/egzamin-gimnazjalny-3\/","title":{"rendered":"Egzamin Gimnazjalny"},"content":{"rendered":"<div id=\"envira-gallery-wrap-5470\" class=\"envira-gallery-wrap envira-gallery-theme-base envira-lightbox-theme-base\" itemscope itemtype=\"https:\/\/schema.org\/ImageGallery\"><div data-row-height=\"150\" data-gallery-theme=\"normal\" id=\"envira-gallery-5470\" class=\"envira-gallery-public envira-gallery-justified-public envira-gallery-0-columns envira-clear enviratope envira-gallery-css-animations\" data-envira-columns=\"0\"><div id=\"envira-gallery-item-5471\" class=\"envira-gallery-item enviratope-item envira-gallery-item-1 envira-lazy-load\" style=\"padding-left: 5px; padding-bottom: 10px; padding-right: 5px;\"  itemscope itemtype=\"https:\/\/schema.org\/ImageObject\"><div class=\"envira-gallery-item-inner\"><div class=\"envira-gallery-position-overlay  envira-gallery-top-left\"><\/div><div class=\"envira-gallery-position-overlay  envira-gallery-top-right\"><\/div><div class=\"envira-gallery-position-overlay  envira-gallery-bottom-left\"><\/div><div class=\"envira-gallery-position-overlay  envira-gallery-bottom-right\"><\/div><a href=\"http:\/\/www.szkolalencze.pl\/wp-content\/uploads\/2018\/04\/tn_DSC_6559.jpg\" class=\"envira-gallery-5470 envira-gallery-link\" rel=\"enviragallery5470\" title=\"tn_DSC_6559\" data-envira-caption=\"tn_DSC_6559\" data-envira-retina=\"\" data-thumbnail=\"\"  itemprop=\"contentUrl\"><img decoding=\"async\" id=\"envira-gallery-image-5471\" class=\"envira-gallery-image envira-gallery-image-1 envira-normal envira-lazy\" data-envira-index=\"1\" src=\"https:\/\/www.szkolalencze.pl\/wp-content\/uploads\/2018\/04\/tn_DSC_6559-640x480.jpg\" data-envira-src=\"https:\/\/www.szkolalencze.pl\/wp-content\/uploads\/2018\/04\/tn_DSC_6559-640x480.jpg\" data-envira-gallery-id=\"5470\" data-envira-item-id=\"5471\" data-envira-caption=\"tn_DSC_6559\" alt=\"\" title=\"tn_DSC_6559\"  itemprop=\"thumbnailUrl\" data-envira-srcset=\"https:\/\/www.szkolalencze.pl\/wp-content\/uploads\/2018\/04\/tn_DSC_6559-640x480.jpg 400w,https:\/\/www.szkolalencze.pl\/wp-content\/uploads\/2018\/04\/tn_DSC_6559-640x480.jpg 2x\" data-envira-width=\"300\" data-envira-height=\"199\" srcset=\"data:image\/gif;base64,R0lGODlhAQABAIAAAP\/\/\/\/\/\/\/yH5BAEKAAEALAAAAAABAAEAAAICTAEAOw==\" data-safe-src=\"data:image\/gif;base64,R0lGODlhAQABAIAAAP\/\/\/\/\/\/\/yH5BAEKAAEALAAAAAABAAEAAAICTAEAOw==\" \/><\/a><\/div><\/div><div id=\"envira-gallery-item-5472\" class=\"envira-gallery-item enviratope-item envira-gallery-item-2 envira-lazy-load\" style=\"padding-left: 5px; padding-bottom: 10px; padding-right: 5px;\"  itemscope itemtype=\"https:\/\/schema.org\/ImageObject\"><div class=\"envira-gallery-item-inner\"><div class=\"envira-gallery-position-overlay  envira-gallery-top-left\"><\/div><div class=\"envira-gallery-position-overlay  envira-gallery-top-right\"><\/div><div class=\"envira-gallery-position-overlay  envira-gallery-bottom-left\"><\/div><div class=\"envira-gallery-position-overlay  envira-gallery-bottom-right\"><\/div><a href=\"http:\/\/www.szkolalencze.pl\/wp-content\/uploads\/2018\/04\/tn_DSC_6560.jpg\" class=\"envira-gallery-5470 envira-gallery-link\" rel=\"enviragallery5470\" title=\"tn_DSC_6560\" data-envira-caption=\"tn_DSC_6560\" data-envira-retina=\"\" data-thumbnail=\"\"  itemprop=\"contentUrl\"><img decoding=\"async\" id=\"envira-gallery-image-5472\" class=\"envira-gallery-image envira-gallery-image-2 envira-normal envira-lazy\" data-envira-index=\"2\" src=\"https:\/\/www.szkolalencze.pl\/wp-content\/uploads\/2018\/04\/tn_DSC_6560-640x480.jpg\" data-envira-src=\"https:\/\/www.szkolalencze.pl\/wp-content\/uploads\/2018\/04\/tn_DSC_6560-640x480.jpg\" data-envira-gallery-id=\"5470\" data-envira-item-id=\"5472\" data-envira-caption=\"tn_DSC_6560\" alt=\"\" title=\"tn_DSC_6560\"  itemprop=\"thumbnailUrl\" data-envira-srcset=\"https:\/\/www.szkolalencze.pl\/wp-content\/uploads\/2018\/04\/tn_DSC_6560-640x480.jpg 400w,https:\/\/www.szkolalencze.pl\/wp-content\/uploads\/2018\/04\/tn_DSC_6560-640x480.jpg 2x\" data-envira-width=\"199\" data-envira-height=\"300\" srcset=\"data:image\/gif;base64,R0lGODlhAQABAIAAAP\/\/\/\/\/\/\/yH5BAEKAAEALAAAAAABAAEAAAICTAEAOw==\" data-safe-src=\"data:image\/gif;base64,R0lGODlhAQABAIAAAP\/\/\/\/\/\/\/yH5BAEKAAEALAAAAAABAAEAAAICTAEAOw==\" \/><\/a><\/div><\/div><div id=\"envira-gallery-item-5473\" class=\"envira-gallery-item enviratope-item envira-gallery-item-3 envira-lazy-load\" style=\"padding-left: 5px; padding-bottom: 10px; padding-right: 5px;\"  itemscope itemtype=\"https:\/\/schema.org\/ImageObject\"><div class=\"envira-gallery-item-inner\"><div class=\"envira-gallery-position-overlay  envira-gallery-top-left\"><\/div><div class=\"envira-gallery-position-overlay  envira-gallery-top-right\"><\/div><div class=\"envira-gallery-position-overlay  envira-gallery-bottom-left\"><\/div><div class=\"envira-gallery-position-overlay  envira-gallery-bottom-right\"><\/div><a href=\"http:\/\/www.szkolalencze.pl\/wp-content\/uploads\/2018\/04\/tn_DSC_6565.jpg\" class=\"envira-gallery-5470 envira-gallery-link\" rel=\"enviragallery5470\" title=\"tn_DSC_6565\" data-envira-caption=\"tn_DSC_6565\" data-envira-retina=\"\" data-thumbnail=\"\"  itemprop=\"contentUrl\"><img decoding=\"async\" id=\"envira-gallery-image-5473\" class=\"envira-gallery-image envira-gallery-image-3 envira-normal envira-lazy\" data-envira-index=\"3\" src=\"https:\/\/www.szkolalencze.pl\/wp-content\/uploads\/2018\/04\/tn_DSC_6565-640x480.jpg\" data-envira-src=\"https:\/\/www.szkolalencze.pl\/wp-content\/uploads\/2018\/04\/tn_DSC_6565-640x480.jpg\" data-envira-gallery-id=\"5470\" data-envira-item-id=\"5473\" data-envira-caption=\"tn_DSC_6565\" alt=\"\" title=\"tn_DSC_6565\"  itemprop=\"thumbnailUrl\" data-envira-srcset=\"https:\/\/www.szkolalencze.pl\/wp-content\/uploads\/2018\/04\/tn_DSC_6565-640x480.jpg 400w,https:\/\/www.szkolalencze.pl\/wp-content\/uploads\/2018\/04\/tn_DSC_6565-640x480.jpg 2x\" data-envira-width=\"300\" data-envira-height=\"199\" srcset=\"data:image\/gif;base64,R0lGODlhAQABAIAAAP\/\/\/\/\/\/\/yH5BAEKAAEALAAAAAABAAEAAAICTAEAOw==\" data-safe-src=\"data:image\/gif;base64,R0lGODlhAQABAIAAAP\/\/\/\/\/\/\/yH5BAEKAAEALAAAAAABAAEAAAICTAEAOw==\" \/><\/a><\/div><\/div><div id=\"envira-gallery-item-5474\" class=\"envira-gallery-item enviratope-item envira-gallery-item-4 envira-lazy-load\" style=\"padding-left: 5px; padding-bottom: 10px; padding-right: 5px;\"  itemscope itemtype=\"https:\/\/schema.org\/ImageObject\"><div class=\"envira-gallery-item-inner\"><div class=\"envira-gallery-position-overlay  envira-gallery-top-left\"><\/div><div class=\"envira-gallery-position-overlay  envira-gallery-top-right\"><\/div><div class=\"envira-gallery-position-overlay  envira-gallery-bottom-left\"><\/div><div class=\"envira-gallery-position-overlay  envira-gallery-bottom-right\"><\/div><a href=\"http:\/\/www.szkolalencze.pl\/wp-content\/uploads\/2018\/04\/tn_DSC_6569_01.jpg\" class=\"envira-gallery-5470 envira-gallery-link\" rel=\"enviragallery5470\" title=\"tn_DSC_6569_01\" data-envira-caption=\"tn_DSC_6569_01\" data-envira-retina=\"\" data-thumbnail=\"\"  itemprop=\"contentUrl\"><img decoding=\"async\" id=\"envira-gallery-image-5474\" class=\"envira-gallery-image envira-gallery-image-4 envira-normal envira-lazy\" data-envira-index=\"4\" src=\"https:\/\/www.szkolalencze.pl\/wp-content\/uploads\/2018\/04\/tn_DSC_6569_01-640x480.jpg\" data-envira-src=\"https:\/\/www.szkolalencze.pl\/wp-content\/uploads\/2018\/04\/tn_DSC_6569_01-640x480.jpg\" data-envira-gallery-id=\"5470\" data-envira-item-id=\"5474\" data-envira-caption=\"tn_DSC_6569_01\" alt=\"\" title=\"tn_DSC_6569_01\"  itemprop=\"thumbnailUrl\" data-envira-srcset=\"https:\/\/www.szkolalencze.pl\/wp-content\/uploads\/2018\/04\/tn_DSC_6569_01-640x480.jpg 400w,https:\/\/www.szkolalencze.pl\/wp-content\/uploads\/2018\/04\/tn_DSC_6569_01-640x480.jpg 2x\" data-envira-width=\"300\" data-envira-height=\"199\" srcset=\"data:image\/gif;base64,R0lGODlhAQABAIAAAP\/\/\/\/\/\/\/yH5BAEKAAEALAAAAAABAAEAAAICTAEAOw==\" data-safe-src=\"data:image\/gif;base64,R0lGODlhAQABAIAAAP\/\/\/\/\/\/\/yH5BAEKAAEALAAAAAABAAEAAAICTAEAOw==\" \/><\/a><\/div><\/div><div id=\"envira-gallery-item-5475\" class=\"envira-gallery-item enviratope-item envira-gallery-item-5 envira-lazy-load\" style=\"padding-left: 5px; padding-bottom: 10px; padding-right: 5px;\"  itemscope itemtype=\"https:\/\/schema.org\/ImageObject\"><div class=\"envira-gallery-item-inner\"><div class=\"envira-gallery-position-overlay  envira-gallery-top-left\"><\/div><div class=\"envira-gallery-position-overlay  envira-gallery-top-right\"><\/div><div class=\"envira-gallery-position-overlay  envira-gallery-bottom-left\"><\/div><div class=\"envira-gallery-position-overlay  envira-gallery-bottom-right\"><\/div><a href=\"http:\/\/www.szkolalencze.pl\/wp-content\/uploads\/2018\/04\/tn_DSC_6571.jpg\" class=\"envira-gallery-5470 envira-gallery-link\" rel=\"enviragallery5470\" title=\"tn_DSC_6571\" data-envira-caption=\"tn_DSC_6571\" data-envira-retina=\"\" data-thumbnail=\"\"  itemprop=\"contentUrl\"><img decoding=\"async\" id=\"envira-gallery-image-5475\" class=\"envira-gallery-image envira-gallery-image-5 envira-normal envira-lazy\" data-envira-index=\"5\" src=\"https:\/\/www.szkolalencze.pl\/wp-content\/uploads\/2018\/04\/tn_DSC_6571-640x480.jpg\" data-envira-src=\"https:\/\/www.szkolalencze.pl\/wp-content\/uploads\/2018\/04\/tn_DSC_6571-640x480.jpg\" data-envira-gallery-id=\"5470\" data-envira-item-id=\"5475\" data-envira-caption=\"tn_DSC_6571\" alt=\"\" title=\"tn_DSC_6571\"  itemprop=\"thumbnailUrl\" data-envira-srcset=\"https:\/\/www.szkolalencze.pl\/wp-content\/uploads\/2018\/04\/tn_DSC_6571-640x480.jpg 400w,https:\/\/www.szkolalencze.pl\/wp-content\/uploads\/2018\/04\/tn_DSC_6571-640x480.jpg 2x\" data-envira-width=\"300\" data-envira-height=\"199\" srcset=\"data:image\/gif;base64,R0lGODlhAQABAIAAAP\/\/\/\/\/\/\/yH5BAEKAAEALAAAAAABAAEAAAICTAEAOw==\" data-safe-src=\"data:image\/gif;base64,R0lGODlhAQABAIAAAP\/\/\/\/\/\/\/yH5BAEKAAEALAAAAAABAAEAAAICTAEAOw==\" \/><\/a><\/div><\/div><div id=\"envira-gallery-item-5477\" class=\"envira-gallery-item enviratope-item envira-gallery-item-6 envira-lazy-load\" style=\"padding-left: 5px; padding-bottom: 10px; padding-right: 5px;\"  itemscope itemtype=\"https:\/\/schema.org\/ImageObject\"><div class=\"envira-gallery-item-inner\"><div class=\"envira-gallery-position-overlay  envira-gallery-top-left\"><\/div><div class=\"envira-gallery-position-overlay  envira-gallery-top-right\"><\/div><div class=\"envira-gallery-position-overlay  envira-gallery-bottom-left\"><\/div><div class=\"envira-gallery-position-overlay  envira-gallery-bottom-right\"><\/div><a href=\"http:\/\/www.szkolalencze.pl\/wp-content\/uploads\/2018\/04\/tn_DSC_6578.jpg\" class=\"envira-gallery-5470 envira-gallery-link\" rel=\"enviragallery5470\" title=\"tn_DSC_6578\" data-envira-caption=\"tn_DSC_6578\" data-envira-retina=\"\" data-thumbnail=\"\"  itemprop=\"contentUrl\"><img decoding=\"async\" id=\"envira-gallery-image-5477\" class=\"envira-gallery-image envira-gallery-image-6 envira-normal envira-lazy\" data-envira-index=\"6\" src=\"https:\/\/www.szkolalencze.pl\/wp-content\/uploads\/2018\/04\/tn_DSC_6578-640x480.jpg\" data-envira-src=\"https:\/\/www.szkolalencze.pl\/wp-content\/uploads\/2018\/04\/tn_DSC_6578-640x480.jpg\" data-envira-gallery-id=\"5470\" data-envira-item-id=\"5477\" data-envira-caption=\"tn_DSC_6578\" alt=\"\" title=\"tn_DSC_6578\"  itemprop=\"thumbnailUrl\" data-envira-srcset=\"https:\/\/www.szkolalencze.pl\/wp-content\/uploads\/2018\/04\/tn_DSC_6578-640x480.jpg 400w,https:\/\/www.szkolalencze.pl\/wp-content\/uploads\/2018\/04\/tn_DSC_6578-640x480.jpg 2x\" data-envira-width=\"300\" data-envira-height=\"199\" srcset=\"data:image\/gif;base64,R0lGODlhAQABAIAAAP\/\/\/\/\/\/\/yH5BAEKAAEALAAAAAABAAEAAAICTAEAOw==\" data-safe-src=\"data:image\/gif;base64,R0lGODlhAQABAIAAAP\/\/\/\/\/\/\/yH5BAEKAAEALAAAAAABAAEAAAICTAEAOw==\" \/><\/a><\/div><\/div><div id=\"envira-gallery-item-5479\" class=\"envira-gallery-item enviratope-item envira-gallery-item-7 envira-lazy-load\" style=\"padding-left: 5px; padding-bottom: 10px; padding-right: 5px;\"  itemscope itemtype=\"https:\/\/schema.org\/ImageObject\"><div class=\"envira-gallery-item-inner\"><div class=\"envira-gallery-position-overlay  envira-gallery-top-left\"><\/div><div class=\"envira-gallery-position-overlay  envira-gallery-top-right\"><\/div><div class=\"envira-gallery-position-overlay  envira-gallery-bottom-left\"><\/div><div class=\"envira-gallery-position-overlay  envira-gallery-bottom-right\"><\/div><a href=\"http:\/\/www.szkolalencze.pl\/wp-content\/uploads\/2018\/04\/tn_DSC_6580.jpg\" class=\"envira-gallery-5470 envira-gallery-link\" rel=\"enviragallery5470\" title=\"tn_DSC_6580\" data-envira-caption=\"tn_DSC_6580\" data-envira-retina=\"\" data-thumbnail=\"\"  itemprop=\"contentUrl\"><img decoding=\"async\" id=\"envira-gallery-image-5479\" class=\"envira-gallery-image envira-gallery-image-7 envira-normal envira-lazy\" data-envira-index=\"7\" src=\"https:\/\/www.szkolalencze.pl\/wp-content\/uploads\/2018\/04\/tn_DSC_6580-640x480.jpg\" data-envira-src=\"https:\/\/www.szkolalencze.pl\/wp-content\/uploads\/2018\/04\/tn_DSC_6580-640x480.jpg\" data-envira-gallery-id=\"5470\" data-envira-item-id=\"5479\" data-envira-caption=\"tn_DSC_6580\" alt=\"\" title=\"tn_DSC_6580\"  itemprop=\"thumbnailUrl\" data-envira-srcset=\"https:\/\/www.szkolalencze.pl\/wp-content\/uploads\/2018\/04\/tn_DSC_6580-640x480.jpg 400w,https:\/\/www.szkolalencze.pl\/wp-content\/uploads\/2018\/04\/tn_DSC_6580-640x480.jpg 2x\" data-envira-width=\"300\" data-envira-height=\"199\" srcset=\"data:image\/gif;base64,R0lGODlhAQABAIAAAP\/\/\/\/\/\/\/yH5BAEKAAEALAAAAAABAAEAAAICTAEAOw==\" data-safe-src=\"data:image\/gif;base64,R0lGODlhAQABAIAAAP\/\/\/\/\/\/\/yH5BAEKAAEALAAAAAABAAEAAAICTAEAOw==\" \/><\/a><\/div><\/div><div id=\"envira-gallery-item-5480\" class=\"envira-gallery-item enviratope-item envira-gallery-item-8 envira-lazy-load\" style=\"padding-left: 5px; padding-bottom: 10px; padding-right: 5px;\"  itemscope itemtype=\"https:\/\/schema.org\/ImageObject\"><div class=\"envira-gallery-item-inner\"><div class=\"envira-gallery-position-overlay  envira-gallery-top-left\"><\/div><div class=\"envira-gallery-position-overlay  envira-gallery-top-right\"><\/div><div class=\"envira-gallery-position-overlay  envira-gallery-bottom-left\"><\/div><div class=\"envira-gallery-position-overlay  envira-gallery-bottom-right\"><\/div><a href=\"http:\/\/www.szkolalencze.pl\/wp-content\/uploads\/2018\/04\/tn_DSC_6582.jpg\" class=\"envira-gallery-5470 envira-gallery-link\" rel=\"enviragallery5470\" title=\"tn_DSC_6582\" data-envira-caption=\"tn_DSC_6582\" data-envira-retina=\"\" data-thumbnail=\"\"  itemprop=\"contentUrl\"><img decoding=\"async\" id=\"envira-gallery-image-5480\" class=\"envira-gallery-image envira-gallery-image-8 envira-normal envira-lazy\" data-envira-index=\"8\" src=\"https:\/\/www.szkolalencze.pl\/wp-content\/uploads\/2018\/04\/tn_DSC_6582-640x480.jpg\" data-envira-src=\"https:\/\/www.szkolalencze.pl\/wp-content\/uploads\/2018\/04\/tn_DSC_6582-640x480.jpg\" data-envira-gallery-id=\"5470\" data-envira-item-id=\"5480\" data-envira-caption=\"tn_DSC_6582\" alt=\"\" title=\"tn_DSC_6582\"  itemprop=\"thumbnailUrl\" data-envira-srcset=\"https:\/\/www.szkolalencze.pl\/wp-content\/uploads\/2018\/04\/tn_DSC_6582-640x480.jpg 400w,https:\/\/www.szkolalencze.pl\/wp-content\/uploads\/2018\/04\/tn_DSC_6582-640x480.jpg 2x\" data-envira-width=\"300\" data-envira-height=\"199\" srcset=\"data:image\/gif;base64,R0lGODlhAQABAIAAAP\/\/\/\/\/\/\/yH5BAEKAAEALAAAAAABAAEAAAICTAEAOw==\" data-safe-src=\"data:image\/gif;base64,R0lGODlhAQABAIAAAP\/\/\/\/\/\/\/yH5BAEKAAEALAAAAAABAAEAAAICTAEAOw==\" \/><\/a><\/div><\/div><div id=\"envira-gallery-item-5478\" class=\"envira-gallery-item enviratope-item envira-gallery-item-9 envira-lazy-load\" style=\"padding-left: 5px; padding-bottom: 10px; padding-right: 5px;\"  itemscope itemtype=\"https:\/\/schema.org\/ImageObject\"><div class=\"envira-gallery-item-inner\"><div class=\"envira-gallery-position-overlay  envira-gallery-top-left\"><\/div><div class=\"envira-gallery-position-overlay  envira-gallery-top-right\"><\/div><div class=\"envira-gallery-position-overlay  envira-gallery-bottom-left\"><\/div><div class=\"envira-gallery-position-overlay  envira-gallery-bottom-right\"><\/div><a href=\"http:\/\/www.szkolalencze.pl\/wp-content\/uploads\/2018\/04\/tn_DSC_6578_.jpg\" class=\"envira-gallery-5470 envira-gallery-link\" rel=\"enviragallery5470\" title=\"tn_DSC_6578_\" data-envira-caption=\"tn_DSC_6578_\" data-envira-retina=\"\" data-thumbnail=\"\"  itemprop=\"contentUrl\"><img decoding=\"async\" id=\"envira-gallery-image-5478\" class=\"envira-gallery-image envira-gallery-image-9 envira-normal envira-lazy\" data-envira-index=\"9\" src=\"https:\/\/www.szkolalencze.pl\/wp-content\/uploads\/2018\/04\/tn_DSC_6578_-640x480.jpg\" data-envira-src=\"https:\/\/www.szkolalencze.pl\/wp-content\/uploads\/2018\/04\/tn_DSC_6578_-640x480.jpg\" data-envira-gallery-id=\"5470\" data-envira-item-id=\"5478\" data-envira-caption=\"tn_DSC_6578_\" alt=\"\" title=\"tn_DSC_6578_\"  itemprop=\"thumbnailUrl\" data-envira-srcset=\"https:\/\/www.szkolalencze.pl\/wp-content\/uploads\/2018\/04\/tn_DSC_6578_-640x480.jpg 400w,https:\/\/www.szkolalencze.pl\/wp-content\/uploads\/2018\/04\/tn_DSC_6578_-640x480.jpg 2x\" data-envira-width=\"300\" data-envira-height=\"199\" srcset=\"data:image\/gif;base64,R0lGODlhAQABAIAAAP\/\/\/\/\/\/\/yH5BAEKAAEALAAAAAABAAEAAAICTAEAOw==\" data-safe-src=\"data:image\/gif;base64,R0lGODlhAQABAIAAAP\/\/\/\/\/\/\/yH5BAEKAAEALAAAAAABAAEAAAICTAEAOw==\" \/><\/a><\/div><\/div><\/div><\/div><noscript><img decoding=\"async\" src=\"https:\/\/www.szkolalencze.pl\/wp-content\/uploads\/2018\/04\/tn_DSC_6559.jpg\" alt=\"\" \/><img decoding=\"async\" src=\"https:\/\/www.szkolalencze.pl\/wp-content\/uploads\/2018\/04\/tn_DSC_6560.jpg\" alt=\"\" \/><img decoding=\"async\" src=\"https:\/\/www.szkolalencze.pl\/wp-content\/uploads\/2018\/04\/tn_DSC_6565.jpg\" alt=\"\" \/><img decoding=\"async\" src=\"https:\/\/www.szkolalencze.pl\/wp-content\/uploads\/2018\/04\/tn_DSC_6569_01.jpg\" alt=\"\" \/><img decoding=\"async\" src=\"https:\/\/www.szkolalencze.pl\/wp-content\/uploads\/2018\/04\/tn_DSC_6571.jpg\" alt=\"\" \/><img decoding=\"async\" src=\"https:\/\/www.szkolalencze.pl\/wp-content\/uploads\/2018\/04\/tn_DSC_6578.jpg\" alt=\"\" \/><img decoding=\"async\" src=\"https:\/\/www.szkolalencze.pl\/wp-content\/uploads\/2018\/04\/tn_DSC_6580.jpg\" alt=\"\" \/><img decoding=\"async\" src=\"https:\/\/www.szkolalencze.pl\/wp-content\/uploads\/2018\/04\/tn_DSC_6582.jpg\" alt=\"\" \/><img decoding=\"async\" src=\"https:\/\/www.szkolalencze.pl\/wp-content\/uploads\/2018\/04\/tn_DSC_6578_.jpg\" alt=\"\" \/><\/noscript>\n","protected":false},"excerpt":{"rendered":"","protected":false},"author":4,"featured_media":0,"parent":0,"menu_order":0,"comment_status":"closed","ping_status":"closed","template":"","meta":{"_mo_disable_npp":"","footnotes":""},"class_list":["post-5481","page","type-page","status-publish","hentry"],"yoast_head":"<!-- This site is optimized with the Yoast SEO plugin v27.3 - https:\/\/yoast.com\/product\/yoast-seo-wordpress\/ -->\n<title>Egzamin Gimnazjalny - Szko\u0142a Podstawowa w Le\u0144czach<\/title>\n<meta name=\"robots\" content=\"index, follow, max-snippet:-1, max-image-preview:large, max-video-preview:-1\" \/>\n<link rel=\"canonical\" href=\"https:\/\/www.szkolalencze.pl\/index.php\/egzamin-gimnazjalny-3\/\" \/>\n<meta property=\"og:locale\" content=\"pl_PL\" \/>\n<meta property=\"og:type\" content=\"article\" \/>\n<meta property=\"og:title\" content=\"Egzamin Gimnazjalny - Szko\u0142a Podstawowa w Le\u0144czach\" \/>\n<meta property=\"og:url\" content=\"https:\/\/www.szkolalencze.pl\/index.php\/egzamin-gimnazjalny-3\/\" \/>\n<meta property=\"og:site_name\" content=\"Szko\u0142a Podstawowa w Le\u0144czach\" \/>\n<meta name=\"twitter:card\" content=\"summary_large_image\" \/>\n<script type=\"application\/ld+json\" class=\"yoast-schema-graph\">{\"@context\":\"https:\\\/\\\/schema.org\",\"@graph\":[{\"@type\":\"WebPage\",\"@id\":\"https:\\\/\\\/www.szkolalencze.pl\\\/index.php\\\/egzamin-gimnazjalny-3\\\/\",\"url\":\"https:\\\/\\\/www.szkolalencze.pl\\\/index.php\\\/egzamin-gimnazjalny-3\\\/\",\"name\":\"Egzamin Gimnazjalny - Szko\u0142a Podstawowa w Le\u0144czach\",\"isPartOf\":{\"@id\":\"https:\\\/\\\/www.szkolalencze.pl\\\/#website\"},\"datePublished\":\"2018-04-24T18:22:57+00:00\",\"breadcrumb\":{\"@id\":\"https:\\\/\\\/www.szkolalencze.pl\\\/index.php\\\/egzamin-gimnazjalny-3\\\/#breadcrumb\"},\"inLanguage\":\"pl-PL\",\"potentialAction\":[{\"@type\":\"ReadAction\",\"target\":[\"https:\\\/\\\/www.szkolalencze.pl\\\/index.php\\\/egzamin-gimnazjalny-3\\\/\"]}]},{\"@type\":\"BreadcrumbList\",\"@id\":\"https:\\\/\\\/www.szkolalencze.pl\\\/index.php\\\/egzamin-gimnazjalny-3\\\/#breadcrumb\",\"itemListElement\":[{\"@type\":\"ListItem\",\"position\":1,\"name\":\"Strona g\u0142\u00f3wna\",\"item\":\"https:\\\/\\\/www.szkolalencze.pl\\\/\"},{\"@type\":\"ListItem\",\"position\":2,\"name\":\"Egzamin Gimnazjalny\"}]},{\"@type\":\"WebSite\",\"@id\":\"https:\\\/\\\/www.szkolalencze.pl\\\/#website\",\"url\":\"https:\\\/\\\/www.szkolalencze.pl\\\/\",\"name\":\"Szko\u0142a Podstawowa w Le\u0144czach\",\"description\":\"Oficjalna strona szko\u0142y w Le\u0144czach\",\"publisher\":{\"@id\":\"https:\\\/\\\/www.szkolalencze.pl\\\/#organization\"},\"potentialAction\":[{\"@type\":\"SearchAction\",\"target\":{\"@type\":\"EntryPoint\",\"urlTemplate\":\"https:\\\/\\\/www.szkolalencze.pl\\\/?s={search_term_string}\"},\"query-input\":{\"@type\":\"PropertyValueSpecification\",\"valueRequired\":true,\"valueName\":\"search_term_string\"}}],\"inLanguage\":\"pl-PL\"},{\"@type\":\"Organization\",\"@id\":\"https:\\\/\\\/www.szkolalencze.pl\\\/#organization\",\"name\":\"Szko\u0142a Podstawowa w Le\u0144czach\",\"url\":\"https:\\\/\\\/www.szkolalencze.pl\\\/\",\"logo\":{\"@type\":\"ImageObject\",\"inLanguage\":\"pl-PL\",\"@id\":\"https:\\\/\\\/www.szkolalencze.pl\\\/#\\\/schema\\\/logo\\\/image\\\/\",\"url\":\"https:\\\/\\\/www.szkolalencze.pl\\\/wp-content\\\/uploads\\\/2020\\\/10\\\/logobt-1-3.png\",\"contentUrl\":\"https:\\\/\\\/www.szkolalencze.pl\\\/wp-content\\\/uploads\\\/2020\\\/10\\\/logobt-1-3.png\",\"width\":66,\"height\":102,\"caption\":\"Szko\u0142a Podstawowa w Le\u0144czach\"},\"image\":{\"@id\":\"https:\\\/\\\/www.szkolalencze.pl\\\/#\\\/schema\\\/logo\\\/image\\\/\"}}]}<\/script>\n<!-- \/ Yoast SEO plugin. -->","yoast_head_json":{"title":"Egzamin Gimnazjalny - Szko\u0142a Podstawowa w Le\u0144czach","robots":{"index":"index","follow":"follow","max-snippet":"max-snippet:-1","max-image-preview":"max-image-preview:large","max-video-preview":"max-video-preview:-1"},"canonical":"https:\/\/www.szkolalencze.pl\/index.php\/egzamin-gimnazjalny-3\/","og_locale":"pl_PL","og_type":"article","og_title":"Egzamin Gimnazjalny - Szko\u0142a Podstawowa w Le\u0144czach","og_url":"https:\/\/www.szkolalencze.pl\/index.php\/egzamin-gimnazjalny-3\/","og_site_name":"Szko\u0142a Podstawowa w Le\u0144czach","twitter_card":"summary_large_image","schema":{"@context":"https:\/\/schema.org","@graph":[{"@type":"WebPage","@id":"https:\/\/www.szkolalencze.pl\/index.php\/egzamin-gimnazjalny-3\/","url":"https:\/\/www.szkolalencze.pl\/index.php\/egzamin-gimnazjalny-3\/","name":"Egzamin Gimnazjalny - Szko\u0142a Podstawowa w Le\u0144czach","isPartOf":{"@id":"https:\/\/www.szkolalencze.pl\/#website"},"datePublished":"2018-04-24T18:22:57+00:00","breadcrumb":{"@id":"https:\/\/www.szkolalencze.pl\/index.php\/egzamin-gimnazjalny-3\/#breadcrumb"},"inLanguage":"pl-PL","potentialAction":[{"@type":"ReadAction","target":["https:\/\/www.szkolalencze.pl\/index.php\/egzamin-gimnazjalny-3\/"]}]},{"@type":"BreadcrumbList","@id":"https:\/\/www.szkolalencze.pl\/index.php\/egzamin-gimnazjalny-3\/#breadcrumb","itemListElement":[{"@type":"ListItem","position":1,"name":"Strona g\u0142\u00f3wna","item":"https:\/\/www.szkolalencze.pl\/"},{"@type":"ListItem","position":2,"name":"Egzamin Gimnazjalny"}]},{"@type":"WebSite","@id":"https:\/\/www.szkolalencze.pl\/#website","url":"https:\/\/www.szkolalencze.pl\/","name":"Szko\u0142a Podstawowa w Le\u0144czach","description":"Oficjalna strona szko\u0142y w Le\u0144czach","publisher":{"@id":"https:\/\/www.szkolalencze.pl\/#organization"},"potentialAction":[{"@type":"SearchAction","target":{"@type":"EntryPoint","urlTemplate":"https:\/\/www.szkolalencze.pl\/?s={search_term_string}"},"query-input":{"@type":"PropertyValueSpecification","valueRequired":true,"valueName":"search_term_string"}}],"inLanguage":"pl-PL"},{"@type":"Organization","@id":"https:\/\/www.szkolalencze.pl\/#organization","name":"Szko\u0142a Podstawowa w Le\u0144czach","url":"https:\/\/www.szkolalencze.pl\/","logo":{"@type":"ImageObject","inLanguage":"pl-PL","@id":"https:\/\/www.szkolalencze.pl\/#\/schema\/logo\/image\/","url":"https:\/\/www.szkolalencze.pl\/wp-content\/uploads\/2020\/10\/logobt-1-3.png","contentUrl":"https:\/\/www.szkolalencze.pl\/wp-content\/uploads\/2020\/10\/logobt-1-3.png","width":66,"height":102,"caption":"Szko\u0142a Podstawowa w Le\u0144czach"},"image":{"@id":"https:\/\/www.szkolalencze.pl\/#\/schema\/logo\/image\/"}}]}},"_links":{"self":[{"href":"https:\/\/www.szkolalencze.pl\/index.php\/wp-json\/wp\/v2\/pages\/5481","targetHints":{"allow":["GET"]}}],"collection":[{"href":"https:\/\/www.szkolalencze.pl\/index.php\/wp-json\/wp\/v2\/pages"}],"about":[{"href":"https:\/\/www.szkolalencze.pl\/index.php\/wp-json\/wp\/v2\/types\/page"}],"author":[{"embeddable":true,"href":"https:\/\/www.szkolalencze.pl\/index.php\/wp-json\/wp\/v2\/users\/4"}],"replies":[{"embeddable":true,"href":"https:\/\/www.szkolalencze.pl\/index.php\/wp-json\/wp\/v2\/comments?post=5481"}],"version-history":[{"count":1,"href":"https:\/\/www.szkolalencze.pl\/index.php\/wp-json\/wp\/v2\/pages\/5481\/revisions"}],"predecessor-version":[{"id":5482,"href":"https:\/\/www.szkolalencze.pl\/index.php\/wp-json\/wp\/v2\/pages\/5481\/revisions\/5482"}],"wp:attachment":[{"href":"https:\/\/www.szkolalencze.pl\/index.php\/wp-json\/wp\/v2\/media?parent=5481"}],"curies":[{"name":"wp","href":"https:\/\/api.w.org\/{rel}","templated":true}]}}