{"id":2383,"date":"2016-12-06T20:42:56","date_gmt":"2016-12-06T19:42:56","guid":{"rendered":"http:\/\/www.szkolalencze.pl\/?page_id=2383"},"modified":"2016-12-06T20:43:27","modified_gmt":"2016-12-06T19:43:27","slug":"wycieczka-do-krakowa-2","status":"publish","type":"page","link":"https:\/\/www.szkolalencze.pl\/index.php\/wycieczka-do-krakowa-2\/","title":{"rendered":"Wycieczka klasy IV do Krakowa"},"content":{"rendered":"<div id=\"envira-gallery-wrap-2366\" class=\"envira-gallery-wrap envira-gallery-theme-base envira-lightbox-theme-base\" itemscope itemtype=\"https:\/\/schema.org\/ImageGallery\"><div data-row-height=\"150\" data-gallery-theme=\"normal\" id=\"envira-gallery-2366\" class=\"envira-gallery-public envira-gallery-justified-public envira-gallery-0-columns envira-clear enviratope envira-gallery-css-animations\" data-envira-columns=\"0\"><div id=\"envira-gallery-item-2367\" class=\"envira-gallery-item enviratope-item envira-gallery-item-1\" style=\"padding-left: 5px; padding-bottom: 10px; padding-right: 5px;\"  itemscope itemtype=\"https:\/\/schema.org\/ImageObject\"><div class=\"envira-gallery-item-inner\"><div class=\"envira-gallery-position-overlay  envira-gallery-top-left\"><\/div><div class=\"envira-gallery-position-overlay  envira-gallery-top-right\"><\/div><div class=\"envira-gallery-position-overlay  envira-gallery-bottom-left\"><\/div><div class=\"envira-gallery-position-overlay  envira-gallery-bottom-right\"><\/div><a href=\"http:\/\/www.szkolalencze.pl\/wp-content\/uploads\/2016\/12\/tn_20161123_092538.jpg\" class=\"envira-gallery-2366 envira-gallery-link\" rel=\"enviragallery2366\" title=\"tn_20161123_092538\" data-envira-caption=\"tn_20161123_092538\" data-envira-retina=\"\" data-thumbnail=\"\"  itemprop=\"contentUrl\"><img decoding=\"async\" id=\"envira-gallery-image-2367\" class=\"envira-gallery-image envira-gallery-image-1 envira-normal envira-lazy\" data-envira-index=\"1\" src=\"https:\/\/www.szkolalencze.pl\/wp-content\/uploads\/2016\/12\/tn_20161123_092538-640x480.jpg\" data-envira-src=\"https:\/\/www.szkolalencze.pl\/wp-content\/uploads\/2016\/12\/tn_20161123_092538-640x480.jpg\" data-envira-gallery-id=\"2366\" data-envira-item-id=\"2367\" data-envira-caption=\"tn_20161123_092538\" alt=\"\" title=\"tn_20161123_092538\"  itemprop=\"thumbnailUrl\" data-envira-srcset=\"https:\/\/www.szkolalencze.pl\/wp-content\/uploads\/2016\/12\/tn_20161123_092538-640x480.jpg 400w,https:\/\/www.szkolalencze.pl\/wp-content\/uploads\/2016\/12\/tn_20161123_092538-640x480.jpg 2x\" data-envira-width=\"300\" data-envira-height=\"225\" srcset=\"data:image\/gif;base64,R0lGODlhAQABAIAAAP\/\/\/\/\/\/\/yH5BAEKAAEALAAAAAABAAEAAAICTAEAOw==\" data-safe-src=\"data:image\/gif;base64,R0lGODlhAQABAIAAAP\/\/\/\/\/\/\/yH5BAEKAAEALAAAAAABAAEAAAICTAEAOw==\" \/><\/a><\/div><\/div><div id=\"envira-gallery-item-2368\" class=\"envira-gallery-item enviratope-item envira-gallery-item-2\" style=\"padding-left: 5px; padding-bottom: 10px; padding-right: 5px;\"  itemscope itemtype=\"https:\/\/schema.org\/ImageObject\"><div class=\"envira-gallery-item-inner\"><div class=\"envira-gallery-position-overlay  envira-gallery-top-left\"><\/div><div class=\"envira-gallery-position-overlay  envira-gallery-top-right\"><\/div><div class=\"envira-gallery-position-overlay  envira-gallery-bottom-left\"><\/div><div class=\"envira-gallery-position-overlay  envira-gallery-bottom-right\"><\/div><a href=\"http:\/\/www.szkolalencze.pl\/wp-content\/uploads\/2016\/12\/tn_20161123_093346.jpg\" class=\"envira-gallery-2366 envira-gallery-link\" rel=\"enviragallery2366\" title=\"tn_20161123_093346\" data-envira-caption=\"tn_20161123_093346\" data-envira-retina=\"\" data-thumbnail=\"\"  itemprop=\"contentUrl\"><img decoding=\"async\" id=\"envira-gallery-image-2368\" class=\"envira-gallery-image envira-gallery-image-2 envira-normal envira-lazy\" data-envira-index=\"2\" src=\"https:\/\/www.szkolalencze.pl\/wp-content\/uploads\/2016\/12\/tn_20161123_093346-640x480.jpg\" data-envira-src=\"https:\/\/www.szkolalencze.pl\/wp-content\/uploads\/2016\/12\/tn_20161123_093346-640x480.jpg\" data-envira-gallery-id=\"2366\" data-envira-item-id=\"2368\" data-envira-caption=\"tn_20161123_093346\" alt=\"\" title=\"tn_20161123_093346\"  itemprop=\"thumbnailUrl\" data-envira-srcset=\"https:\/\/www.szkolalencze.pl\/wp-content\/uploads\/2016\/12\/tn_20161123_093346-640x480.jpg 400w,https:\/\/www.szkolalencze.pl\/wp-content\/uploads\/2016\/12\/tn_20161123_093346-640x480.jpg 2x\" data-envira-width=\"300\" data-envira-height=\"225\" srcset=\"data:image\/gif;base64,R0lGODlhAQABAIAAAP\/\/\/\/\/\/\/yH5BAEKAAEALAAAAAABAAEAAAICTAEAOw==\" data-safe-src=\"data:image\/gif;base64,R0lGODlhAQABAIAAAP\/\/\/\/\/\/\/yH5BAEKAAEALAAAAAABAAEAAAICTAEAOw==\" \/><\/a><\/div><\/div><div id=\"envira-gallery-item-2369\" class=\"envira-gallery-item enviratope-item envira-gallery-item-3\" style=\"padding-left: 5px; padding-bottom: 10px; padding-right: 5px;\"  itemscope itemtype=\"https:\/\/schema.org\/ImageObject\"><div class=\"envira-gallery-item-inner\"><div class=\"envira-gallery-position-overlay  envira-gallery-top-left\"><\/div><div class=\"envira-gallery-position-overlay  envira-gallery-top-right\"><\/div><div class=\"envira-gallery-position-overlay  envira-gallery-bottom-left\"><\/div><div class=\"envira-gallery-position-overlay  envira-gallery-bottom-right\"><\/div><a href=\"http:\/\/www.szkolalencze.pl\/wp-content\/uploads\/2016\/12\/tn_20161123_103800.jpg\" class=\"envira-gallery-2366 envira-gallery-link\" rel=\"enviragallery2366\" title=\"tn_20161123_103800\" data-envira-caption=\"tn_20161123_103800\" data-envira-retina=\"\" data-thumbnail=\"\"  itemprop=\"contentUrl\"><img decoding=\"async\" id=\"envira-gallery-image-2369\" class=\"envira-gallery-image envira-gallery-image-3 envira-normal envira-lazy\" data-envira-index=\"3\" src=\"https:\/\/www.szkolalencze.pl\/wp-content\/uploads\/2016\/12\/tn_20161123_103800-640x480.jpg\" data-envira-src=\"https:\/\/www.szkolalencze.pl\/wp-content\/uploads\/2016\/12\/tn_20161123_103800-640x480.jpg\" data-envira-gallery-id=\"2366\" data-envira-item-id=\"2369\" data-envira-caption=\"tn_20161123_103800\" alt=\"\" title=\"tn_20161123_103800\"  itemprop=\"thumbnailUrl\" data-envira-srcset=\"https:\/\/www.szkolalencze.pl\/wp-content\/uploads\/2016\/12\/tn_20161123_103800-640x480.jpg 400w,https:\/\/www.szkolalencze.pl\/wp-content\/uploads\/2016\/12\/tn_20161123_103800-640x480.jpg 2x\" data-envira-width=\"300\" data-envira-height=\"225\" srcset=\"data:image\/gif;base64,R0lGODlhAQABAIAAAP\/\/\/\/\/\/\/yH5BAEKAAEALAAAAAABAAEAAAICTAEAOw==\" data-safe-src=\"data:image\/gif;base64,R0lGODlhAQABAIAAAP\/\/\/\/\/\/\/yH5BAEKAAEALAAAAAABAAEAAAICTAEAOw==\" \/><\/a><\/div><\/div><div id=\"envira-gallery-item-2370\" class=\"envira-gallery-item enviratope-item envira-gallery-item-4\" style=\"padding-left: 5px; padding-bottom: 10px; padding-right: 5px;\"  itemscope itemtype=\"https:\/\/schema.org\/ImageObject\"><div class=\"envira-gallery-item-inner\"><div class=\"envira-gallery-position-overlay  envira-gallery-top-left\"><\/div><div class=\"envira-gallery-position-overlay  envira-gallery-top-right\"><\/div><div class=\"envira-gallery-position-overlay  envira-gallery-bottom-left\"><\/div><div class=\"envira-gallery-position-overlay  envira-gallery-bottom-right\"><\/div><a href=\"http:\/\/www.szkolalencze.pl\/wp-content\/uploads\/2016\/12\/tn_20161123_112853.jpg\" class=\"envira-gallery-2366 envira-gallery-link\" rel=\"enviragallery2366\" title=\"tn_20161123_112853\" data-envira-caption=\"tn_20161123_112853\" data-envira-retina=\"\" data-thumbnail=\"\"  itemprop=\"contentUrl\"><img decoding=\"async\" id=\"envira-gallery-image-2370\" class=\"envira-gallery-image envira-gallery-image-4 envira-normal envira-lazy\" data-envira-index=\"4\" src=\"https:\/\/www.szkolalencze.pl\/wp-content\/uploads\/2016\/12\/tn_20161123_112853-640x480.jpg\" data-envira-src=\"https:\/\/www.szkolalencze.pl\/wp-content\/uploads\/2016\/12\/tn_20161123_112853-640x480.jpg\" data-envira-gallery-id=\"2366\" data-envira-item-id=\"2370\" data-envira-caption=\"tn_20161123_112853\" alt=\"\" title=\"tn_20161123_112853\"  itemprop=\"thumbnailUrl\" data-envira-srcset=\"https:\/\/www.szkolalencze.pl\/wp-content\/uploads\/2016\/12\/tn_20161123_112853-640x480.jpg 400w,https:\/\/www.szkolalencze.pl\/wp-content\/uploads\/2016\/12\/tn_20161123_112853-640x480.jpg 2x\" data-envira-width=\"300\" data-envira-height=\"225\" srcset=\"data:image\/gif;base64,R0lGODlhAQABAIAAAP\/\/\/\/\/\/\/yH5BAEKAAEALAAAAAABAAEAAAICTAEAOw==\" data-safe-src=\"data:image\/gif;base64,R0lGODlhAQABAIAAAP\/\/\/\/\/\/\/yH5BAEKAAEALAAAAAABAAEAAAICTAEAOw==\" \/><\/a><\/div><\/div><\/div><\/div><noscript><img decoding=\"async\" src=\"https:\/\/www.szkolalencze.pl\/wp-content\/uploads\/2016\/12\/tn_20161123_092538.jpg\" alt=\"\" \/><img decoding=\"async\" src=\"https:\/\/www.szkolalencze.pl\/wp-content\/uploads\/2016\/12\/tn_20161123_093346.jpg\" alt=\"\" \/><img decoding=\"async\" src=\"https:\/\/www.szkolalencze.pl\/wp-content\/uploads\/2016\/12\/tn_20161123_103800.jpg\" alt=\"\" \/><img decoding=\"async\" src=\"https:\/\/www.szkolalencze.pl\/wp-content\/uploads\/2016\/12\/tn_20161123_112853.jpg\" alt=\"\" \/><\/noscript>\n","protected":false},"excerpt":{"rendered":"","protected":false},"author":4,"featured_media":0,"parent":0,"menu_order":0,"comment_status":"closed","ping_status":"closed","template":"","meta":{"_mo_disable_npp":"","footnotes":""},"class_list":["post-2383","page","type-page","status-publish","hentry"],"yoast_head":"<!-- This site is optimized with the Yoast SEO plugin v27.3 - https:\/\/yoast.com\/product\/yoast-seo-wordpress\/ -->\n<title>Wycieczka klasy IV do Krakowa - Szko\u0142a Podstawowa w Le\u0144czach<\/title>\n<meta name=\"robots\" content=\"index, follow, max-snippet:-1, max-image-preview:large, max-video-preview:-1\" \/>\n<link rel=\"canonical\" href=\"https:\/\/www.szkolalencze.pl\/index.php\/wycieczka-do-krakowa-2\/\" \/>\n<meta property=\"og:locale\" content=\"pl_PL\" \/>\n<meta property=\"og:type\" content=\"article\" \/>\n<meta property=\"og:title\" content=\"Wycieczka klasy IV do Krakowa - Szko\u0142a Podstawowa w Le\u0144czach\" \/>\n<meta property=\"og:url\" content=\"https:\/\/www.szkolalencze.pl\/index.php\/wycieczka-do-krakowa-2\/\" \/>\n<meta property=\"og:site_name\" content=\"Szko\u0142a Podstawowa w Le\u0144czach\" \/>\n<meta property=\"article:modified_time\" content=\"2016-12-06T19:43:27+00:00\" \/>\n<meta name=\"twitter:card\" content=\"summary_large_image\" \/>\n<script type=\"application\/ld+json\" class=\"yoast-schema-graph\">{\"@context\":\"https:\\\/\\\/schema.org\",\"@graph\":[{\"@type\":\"WebPage\",\"@id\":\"https:\\\/\\\/www.szkolalencze.pl\\\/index.php\\\/wycieczka-do-krakowa-2\\\/\",\"url\":\"https:\\\/\\\/www.szkolalencze.pl\\\/index.php\\\/wycieczka-do-krakowa-2\\\/\",\"name\":\"Wycieczka klasy IV do Krakowa - Szko\u0142a Podstawowa w Le\u0144czach\",\"isPartOf\":{\"@id\":\"https:\\\/\\\/www.szkolalencze.pl\\\/#website\"},\"datePublished\":\"2016-12-06T19:42:56+00:00\",\"dateModified\":\"2016-12-06T19:43:27+00:00\",\"breadcrumb\":{\"@id\":\"https:\\\/\\\/www.szkolalencze.pl\\\/index.php\\\/wycieczka-do-krakowa-2\\\/#breadcrumb\"},\"inLanguage\":\"pl-PL\",\"potentialAction\":[{\"@type\":\"ReadAction\",\"target\":[\"https:\\\/\\\/www.szkolalencze.pl\\\/index.php\\\/wycieczka-do-krakowa-2\\\/\"]}]},{\"@type\":\"BreadcrumbList\",\"@id\":\"https:\\\/\\\/www.szkolalencze.pl\\\/index.php\\\/wycieczka-do-krakowa-2\\\/#breadcrumb\",\"itemListElement\":[{\"@type\":\"ListItem\",\"position\":1,\"name\":\"Strona g\u0142\u00f3wna\",\"item\":\"https:\\\/\\\/www.szkolalencze.pl\\\/\"},{\"@type\":\"ListItem\",\"position\":2,\"name\":\"Wycieczka klasy IV do&nbsp;Krakowa\"}]},{\"@type\":\"WebSite\",\"@id\":\"https:\\\/\\\/www.szkolalencze.pl\\\/#website\",\"url\":\"https:\\\/\\\/www.szkolalencze.pl\\\/\",\"name\":\"Szko\u0142a Podstawowa w Le\u0144czach\",\"description\":\"Oficjalna strona szko\u0142y w Le\u0144czach\",\"publisher\":{\"@id\":\"https:\\\/\\\/www.szkolalencze.pl\\\/#organization\"},\"potentialAction\":[{\"@type\":\"SearchAction\",\"target\":{\"@type\":\"EntryPoint\",\"urlTemplate\":\"https:\\\/\\\/www.szkolalencze.pl\\\/?s={search_term_string}\"},\"query-input\":{\"@type\":\"PropertyValueSpecification\",\"valueRequired\":true,\"valueName\":\"search_term_string\"}}],\"inLanguage\":\"pl-PL\"},{\"@type\":\"Organization\",\"@id\":\"https:\\\/\\\/www.szkolalencze.pl\\\/#organization\",\"name\":\"Szko\u0142a Podstawowa w Le\u0144czach\",\"url\":\"https:\\\/\\\/www.szkolalencze.pl\\\/\",\"logo\":{\"@type\":\"ImageObject\",\"inLanguage\":\"pl-PL\",\"@id\":\"https:\\\/\\\/www.szkolalencze.pl\\\/#\\\/schema\\\/logo\\\/image\\\/\",\"url\":\"https:\\\/\\\/www.szkolalencze.pl\\\/wp-content\\\/uploads\\\/2020\\\/10\\\/logobt-1-3.png\",\"contentUrl\":\"https:\\\/\\\/www.szkolalencze.pl\\\/wp-content\\\/uploads\\\/2020\\\/10\\\/logobt-1-3.png\",\"width\":66,\"height\":102,\"caption\":\"Szko\u0142a Podstawowa w Le\u0144czach\"},\"image\":{\"@id\":\"https:\\\/\\\/www.szkolalencze.pl\\\/#\\\/schema\\\/logo\\\/image\\\/\"}}]}<\/script>\n<!-- \/ Yoast SEO plugin. -->","yoast_head_json":{"title":"Wycieczka klasy IV do Krakowa - Szko\u0142a Podstawowa w Le\u0144czach","robots":{"index":"index","follow":"follow","max-snippet":"max-snippet:-1","max-image-preview":"max-image-preview:large","max-video-preview":"max-video-preview:-1"},"canonical":"https:\/\/www.szkolalencze.pl\/index.php\/wycieczka-do-krakowa-2\/","og_locale":"pl_PL","og_type":"article","og_title":"Wycieczka klasy IV do Krakowa - Szko\u0142a Podstawowa w Le\u0144czach","og_url":"https:\/\/www.szkolalencze.pl\/index.php\/wycieczka-do-krakowa-2\/","og_site_name":"Szko\u0142a Podstawowa w Le\u0144czach","article_modified_time":"2016-12-06T19:43:27+00:00","twitter_card":"summary_large_image","schema":{"@context":"https:\/\/schema.org","@graph":[{"@type":"WebPage","@id":"https:\/\/www.szkolalencze.pl\/index.php\/wycieczka-do-krakowa-2\/","url":"https:\/\/www.szkolalencze.pl\/index.php\/wycieczka-do-krakowa-2\/","name":"Wycieczka klasy IV do Krakowa - Szko\u0142a Podstawowa w Le\u0144czach","isPartOf":{"@id":"https:\/\/www.szkolalencze.pl\/#website"},"datePublished":"2016-12-06T19:42:56+00:00","dateModified":"2016-12-06T19:43:27+00:00","breadcrumb":{"@id":"https:\/\/www.szkolalencze.pl\/index.php\/wycieczka-do-krakowa-2\/#breadcrumb"},"inLanguage":"pl-PL","potentialAction":[{"@type":"ReadAction","target":["https:\/\/www.szkolalencze.pl\/index.php\/wycieczka-do-krakowa-2\/"]}]},{"@type":"BreadcrumbList","@id":"https:\/\/www.szkolalencze.pl\/index.php\/wycieczka-do-krakowa-2\/#breadcrumb","itemListElement":[{"@type":"ListItem","position":1,"name":"Strona g\u0142\u00f3wna","item":"https:\/\/www.szkolalencze.pl\/"},{"@type":"ListItem","position":2,"name":"Wycieczka klasy IV do&nbsp;Krakowa"}]},{"@type":"WebSite","@id":"https:\/\/www.szkolalencze.pl\/#website","url":"https:\/\/www.szkolalencze.pl\/","name":"Szko\u0142a Podstawowa w Le\u0144czach","description":"Oficjalna strona szko\u0142y w Le\u0144czach","publisher":{"@id":"https:\/\/www.szkolalencze.pl\/#organization"},"potentialAction":[{"@type":"SearchAction","target":{"@type":"EntryPoint","urlTemplate":"https:\/\/www.szkolalencze.pl\/?s={search_term_string}"},"query-input":{"@type":"PropertyValueSpecification","valueRequired":true,"valueName":"search_term_string"}}],"inLanguage":"pl-PL"},{"@type":"Organization","@id":"https:\/\/www.szkolalencze.pl\/#organization","name":"Szko\u0142a Podstawowa w Le\u0144czach","url":"https:\/\/www.szkolalencze.pl\/","logo":{"@type":"ImageObject","inLanguage":"pl-PL","@id":"https:\/\/www.szkolalencze.pl\/#\/schema\/logo\/image\/","url":"https:\/\/www.szkolalencze.pl\/wp-content\/uploads\/2020\/10\/logobt-1-3.png","contentUrl":"https:\/\/www.szkolalencze.pl\/wp-content\/uploads\/2020\/10\/logobt-1-3.png","width":66,"height":102,"caption":"Szko\u0142a Podstawowa w Le\u0144czach"},"image":{"@id":"https:\/\/www.szkolalencze.pl\/#\/schema\/logo\/image\/"}}]}},"_links":{"self":[{"href":"https:\/\/www.szkolalencze.pl\/index.php\/wp-json\/wp\/v2\/pages\/2383","targetHints":{"allow":["GET"]}}],"collection":[{"href":"https:\/\/www.szkolalencze.pl\/index.php\/wp-json\/wp\/v2\/pages"}],"about":[{"href":"https:\/\/www.szkolalencze.pl\/index.php\/wp-json\/wp\/v2\/types\/page"}],"author":[{"embeddable":true,"href":"https:\/\/www.szkolalencze.pl\/index.php\/wp-json\/wp\/v2\/users\/4"}],"replies":[{"embeddable":true,"href":"https:\/\/www.szkolalencze.pl\/index.php\/wp-json\/wp\/v2\/comments?post=2383"}],"version-history":[{"count":2,"href":"https:\/\/www.szkolalencze.pl\/index.php\/wp-json\/wp\/v2\/pages\/2383\/revisions"}],"predecessor-version":[{"id":2385,"href":"https:\/\/www.szkolalencze.pl\/index.php\/wp-json\/wp\/v2\/pages\/2383\/revisions\/2385"}],"wp:attachment":[{"href":"https:\/\/www.szkolalencze.pl\/index.php\/wp-json\/wp\/v2\/media?parent=2383"}],"curies":[{"name":"wp","href":"https:\/\/api.w.org\/{rel}","templated":true}]}}