{"id":2,"date":"2016-07-23T16:37:14","date_gmt":"2016-07-23T14:37:14","guid":{"rendered":"http:\/\/www.szkolalencze.pl\/?page_id=2"},"modified":"2022-06-28T18:15:50","modified_gmt":"2022-06-28T16:15:50","slug":"przykladowa-strona","status":"publish","type":"page","link":"https:\/\/www.szkolalencze.pl\/index.php\/przykladowa-strona\/","title":{"rendered":"O Nas"},"content":{"rendered":"<h2 style=\"text-align: center;\"><span style=\"color: #000000;\"><strong>Nasza szko\u0142a to Zesp\u00f3\u0142 Szk\u00f3\u0142 nr 6 w Le\u0144czach.<\/strong><\/span><br \/>\n<span style=\"color: #000000;\"> <strong> Do tego zespo\u0142u nale\u017c\u0105:<\/strong><\/span><\/h2>\n<h2 style=\"text-align: center;\"><span style=\"color: #000000;\"><strong>&#8211; Szko\u0142a Podstawowa im. Bohater\u00f3w Westerplatte w Le\u0144czach<\/strong><\/span><\/h2>\n<h2 style=\"text-align: center;\"><span style=\"color: #000000;\"><strong>&#8211; Punkt Filialny w Podolanach<\/strong><\/span><\/h2>\n<h2 style=\"text-align: center;\"><span style=\"color: #000000;\"><strong>&#8211; Przedszkole Publiczne w Podolanach<br \/>\n<\/strong><\/span><\/h2>\n<h2 style=\"text-align: center;\"><span style=\"color: #000000;\"><strong>Nasz patron to Bohaterowie Westerplatte.<\/strong><\/span><\/h2>\n<h2 style=\"text-align: center;\"><span style=\"color: #000000;\"><strong>Szko\u0142a Podstawowa nosi to miano ju\u017c od 1970 roku, a Zesp\u00f3\u0142 Szk\u00f3\u0142 przyj\u0105\u0142 to imi\u0119 nied\u0142ugo po swoim powstaniu, czyli w czerwcu 2004r.<\/strong><\/span><\/h2>\n<h2 style=\"text-align: center;\"><span style=\"color: #000000;\"><strong> Od 1993 roku jeste\u015bmy cz\u0142onkami Klubu Szk\u00f3\u0142 Westerplatte.<\/strong><\/span><\/h2>\n<p><img loading=\"lazy\" decoding=\"async\" class=\" wp-image-327 aligncenter\" src=\"http:\/\/www.szkolalencze.pl\/wp-content\/uploads\/2016\/08\/DSC_1089-300x201.jpg\" alt=\"DSC_1089\" width=\"761\" height=\"510\" srcset=\"https:\/\/www.szkolalencze.pl\/wp-content\/uploads\/2016\/08\/DSC_1089-300x201.jpg 300w, https:\/\/www.szkolalencze.pl\/wp-content\/uploads\/2016\/08\/DSC_1089-768x514.jpg 768w, https:\/\/www.szkolalencze.pl\/wp-content\/uploads\/2016\/08\/DSC_1089-1024x685.jpg 1024w, https:\/\/www.szkolalencze.pl\/wp-content\/uploads\/2016\/08\/DSC_1089-360x241.jpg 360w\" sizes=\"auto, (max-width: 761px) 100vw, 761px\" \/><\/p>\n<p>&nbsp;<\/p>\n<p>&nbsp;<\/p>\n","protected":false},"excerpt":{"rendered":"<p>Nasza szko\u0142a <a href=\"https:\/\/www.szkolalencze.pl\/index.php\/przykladowa-strona\/\" class=\"read-more\">Czytaj dalej &#8230;<\/a><\/p>\n","protected":false},"author":1,"featured_media":0,"parent":0,"menu_order":0,"comment_status":"closed","ping_status":"open","template":"","meta":{"_mo_disable_npp":"","footnotes":""},"class_list":["post-2","page","type-page","status-publish","hentry"],"yoast_head":"<!-- This site is optimized with the Yoast SEO plugin v27.3 - https:\/\/yoast.com\/product\/yoast-seo-wordpress\/ -->\n<title>O Nas - Szko\u0142a Podstawowa w Le\u0144czach<\/title>\n<meta name=\"robots\" content=\"index, follow, max-snippet:-1, max-image-preview:large, max-video-preview:-1\" \/>\n<link rel=\"canonical\" href=\"https:\/\/www.szkolalencze.pl\/index.php\/przykladowa-strona\/\" \/>\n<meta property=\"og:locale\" content=\"pl_PL\" \/>\n<meta property=\"og:type\" content=\"article\" \/>\n<meta property=\"og:title\" content=\"O Nas - Szko\u0142a Podstawowa w Le\u0144czach\" \/>\n<meta property=\"og:description\" content=\"Nasza szko\u0142a Czytaj dalej ...\" \/>\n<meta property=\"og:url\" content=\"https:\/\/www.szkolalencze.pl\/index.php\/przykladowa-strona\/\" \/>\n<meta property=\"og:site_name\" content=\"Szko\u0142a Podstawowa w Le\u0144czach\" \/>\n<meta property=\"article:modified_time\" content=\"2022-06-28T16:15:50+00:00\" \/>\n<meta property=\"og:image\" content=\"http:\/\/www.szkolalencze.pl\/wp-content\/uploads\/2016\/08\/DSC_1089-300x201.jpg\" \/>\n<meta name=\"twitter:card\" content=\"summary_large_image\" \/>\n<meta name=\"twitter:label1\" content=\"Szacowany czas czytania\" \/>\n\t<meta name=\"twitter:data1\" content=\"1 minuta\" \/>\n<script type=\"application\/ld+json\" class=\"yoast-schema-graph\">{\"@context\":\"https:\\\/\\\/schema.org\",\"@graph\":[{\"@type\":\"WebPage\",\"@id\":\"https:\\\/\\\/www.szkolalencze.pl\\\/index.php\\\/przykladowa-strona\\\/\",\"url\":\"https:\\\/\\\/www.szkolalencze.pl\\\/index.php\\\/przykladowa-strona\\\/\",\"name\":\"O Nas - Szko\u0142a Podstawowa w Le\u0144czach\",\"isPartOf\":{\"@id\":\"https:\\\/\\\/www.szkolalencze.pl\\\/#website\"},\"primaryImageOfPage\":{\"@id\":\"https:\\\/\\\/www.szkolalencze.pl\\\/index.php\\\/przykladowa-strona\\\/#primaryimage\"},\"image\":{\"@id\":\"https:\\\/\\\/www.szkolalencze.pl\\\/index.php\\\/przykladowa-strona\\\/#primaryimage\"},\"thumbnailUrl\":\"http:\\\/\\\/www.szkolalencze.pl\\\/wp-content\\\/uploads\\\/2016\\\/08\\\/DSC_1089-300x201.jpg\",\"datePublished\":\"2016-07-23T14:37:14+00:00\",\"dateModified\":\"2022-06-28T16:15:50+00:00\",\"breadcrumb\":{\"@id\":\"https:\\\/\\\/www.szkolalencze.pl\\\/index.php\\\/przykladowa-strona\\\/#breadcrumb\"},\"inLanguage\":\"pl-PL\",\"potentialAction\":[{\"@type\":\"ReadAction\",\"target\":[\"https:\\\/\\\/www.szkolalencze.pl\\\/index.php\\\/przykladowa-strona\\\/\"]}]},{\"@type\":\"ImageObject\",\"inLanguage\":\"pl-PL\",\"@id\":\"https:\\\/\\\/www.szkolalencze.pl\\\/index.php\\\/przykladowa-strona\\\/#primaryimage\",\"url\":\"http:\\\/\\\/www.szkolalencze.pl\\\/wp-content\\\/uploads\\\/2016\\\/08\\\/DSC_1089-300x201.jpg\",\"contentUrl\":\"http:\\\/\\\/www.szkolalencze.pl\\\/wp-content\\\/uploads\\\/2016\\\/08\\\/DSC_1089-300x201.jpg\"},{\"@type\":\"BreadcrumbList\",\"@id\":\"https:\\\/\\\/www.szkolalencze.pl\\\/index.php\\\/przykladowa-strona\\\/#breadcrumb\",\"itemListElement\":[{\"@type\":\"ListItem\",\"position\":1,\"name\":\"Strona g\u0142\u00f3wna\",\"item\":\"https:\\\/\\\/www.szkolalencze.pl\\\/\"},{\"@type\":\"ListItem\",\"position\":2,\"name\":\"O Nas\"}]},{\"@type\":\"WebSite\",\"@id\":\"https:\\\/\\\/www.szkolalencze.pl\\\/#website\",\"url\":\"https:\\\/\\\/www.szkolalencze.pl\\\/\",\"name\":\"Szko\u0142a Podstawowa w Le\u0144czach\",\"description\":\"Oficjalna strona szko\u0142y w Le\u0144czach\",\"publisher\":{\"@id\":\"https:\\\/\\\/www.szkolalencze.pl\\\/#organization\"},\"potentialAction\":[{\"@type\":\"SearchAction\",\"target\":{\"@type\":\"EntryPoint\",\"urlTemplate\":\"https:\\\/\\\/www.szkolalencze.pl\\\/?s={search_term_string}\"},\"query-input\":{\"@type\":\"PropertyValueSpecification\",\"valueRequired\":true,\"valueName\":\"search_term_string\"}}],\"inLanguage\":\"pl-PL\"},{\"@type\":\"Organization\",\"@id\":\"https:\\\/\\\/www.szkolalencze.pl\\\/#organization\",\"name\":\"Szko\u0142a Podstawowa w Le\u0144czach\",\"url\":\"https:\\\/\\\/www.szkolalencze.pl\\\/\",\"logo\":{\"@type\":\"ImageObject\",\"inLanguage\":\"pl-PL\",\"@id\":\"https:\\\/\\\/www.szkolalencze.pl\\\/#\\\/schema\\\/logo\\\/image\\\/\",\"url\":\"https:\\\/\\\/www.szkolalencze.pl\\\/wp-content\\\/uploads\\\/2020\\\/10\\\/logobt-1-3.png\",\"contentUrl\":\"https:\\\/\\\/www.szkolalencze.pl\\\/wp-content\\\/uploads\\\/2020\\\/10\\\/logobt-1-3.png\",\"width\":66,\"height\":102,\"caption\":\"Szko\u0142a Podstawowa w Le\u0144czach\"},\"image\":{\"@id\":\"https:\\\/\\\/www.szkolalencze.pl\\\/#\\\/schema\\\/logo\\\/image\\\/\"}}]}<\/script>\n<!-- \/ Yoast SEO plugin. -->","yoast_head_json":{"title":"O Nas - Szko\u0142a Podstawowa w Le\u0144czach","robots":{"index":"index","follow":"follow","max-snippet":"max-snippet:-1","max-image-preview":"max-image-preview:large","max-video-preview":"max-video-preview:-1"},"canonical":"https:\/\/www.szkolalencze.pl\/index.php\/przykladowa-strona\/","og_locale":"pl_PL","og_type":"article","og_title":"O Nas - Szko\u0142a Podstawowa w Le\u0144czach","og_description":"Nasza szko\u0142a Czytaj dalej ...","og_url":"https:\/\/www.szkolalencze.pl\/index.php\/przykladowa-strona\/","og_site_name":"Szko\u0142a Podstawowa w Le\u0144czach","article_modified_time":"2022-06-28T16:15:50+00:00","og_image":[{"url":"http:\/\/www.szkolalencze.pl\/wp-content\/uploads\/2016\/08\/DSC_1089-300x201.jpg","type":"","width":"","height":""}],"twitter_card":"summary_large_image","twitter_misc":{"Szacowany czas czytania":"1 minuta"},"schema":{"@context":"https:\/\/schema.org","@graph":[{"@type":"WebPage","@id":"https:\/\/www.szkolalencze.pl\/index.php\/przykladowa-strona\/","url":"https:\/\/www.szkolalencze.pl\/index.php\/przykladowa-strona\/","name":"O Nas - Szko\u0142a Podstawowa w Le\u0144czach","isPartOf":{"@id":"https:\/\/www.szkolalencze.pl\/#website"},"primaryImageOfPage":{"@id":"https:\/\/www.szkolalencze.pl\/index.php\/przykladowa-strona\/#primaryimage"},"image":{"@id":"https:\/\/www.szkolalencze.pl\/index.php\/przykladowa-strona\/#primaryimage"},"thumbnailUrl":"http:\/\/www.szkolalencze.pl\/wp-content\/uploads\/2016\/08\/DSC_1089-300x201.jpg","datePublished":"2016-07-23T14:37:14+00:00","dateModified":"2022-06-28T16:15:50+00:00","breadcrumb":{"@id":"https:\/\/www.szkolalencze.pl\/index.php\/przykladowa-strona\/#breadcrumb"},"inLanguage":"pl-PL","potentialAction":[{"@type":"ReadAction","target":["https:\/\/www.szkolalencze.pl\/index.php\/przykladowa-strona\/"]}]},{"@type":"ImageObject","inLanguage":"pl-PL","@id":"https:\/\/www.szkolalencze.pl\/index.php\/przykladowa-strona\/#primaryimage","url":"http:\/\/www.szkolalencze.pl\/wp-content\/uploads\/2016\/08\/DSC_1089-300x201.jpg","contentUrl":"http:\/\/www.szkolalencze.pl\/wp-content\/uploads\/2016\/08\/DSC_1089-300x201.jpg"},{"@type":"BreadcrumbList","@id":"https:\/\/www.szkolalencze.pl\/index.php\/przykladowa-strona\/#breadcrumb","itemListElement":[{"@type":"ListItem","position":1,"name":"Strona g\u0142\u00f3wna","item":"https:\/\/www.szkolalencze.pl\/"},{"@type":"ListItem","position":2,"name":"O Nas"}]},{"@type":"WebSite","@id":"https:\/\/www.szkolalencze.pl\/#website","url":"https:\/\/www.szkolalencze.pl\/","name":"Szko\u0142a Podstawowa w Le\u0144czach","description":"Oficjalna strona szko\u0142y w Le\u0144czach","publisher":{"@id":"https:\/\/www.szkolalencze.pl\/#organization"},"potentialAction":[{"@type":"SearchAction","target":{"@type":"EntryPoint","urlTemplate":"https:\/\/www.szkolalencze.pl\/?s={search_term_string}"},"query-input":{"@type":"PropertyValueSpecification","valueRequired":true,"valueName":"search_term_string"}}],"inLanguage":"pl-PL"},{"@type":"Organization","@id":"https:\/\/www.szkolalencze.pl\/#organization","name":"Szko\u0142a Podstawowa w Le\u0144czach","url":"https:\/\/www.szkolalencze.pl\/","logo":{"@type":"ImageObject","inLanguage":"pl-PL","@id":"https:\/\/www.szkolalencze.pl\/#\/schema\/logo\/image\/","url":"https:\/\/www.szkolalencze.pl\/wp-content\/uploads\/2020\/10\/logobt-1-3.png","contentUrl":"https:\/\/www.szkolalencze.pl\/wp-content\/uploads\/2020\/10\/logobt-1-3.png","width":66,"height":102,"caption":"Szko\u0142a Podstawowa w Le\u0144czach"},"image":{"@id":"https:\/\/www.szkolalencze.pl\/#\/schema\/logo\/image\/"}}]}},"_links":{"self":[{"href":"https:\/\/www.szkolalencze.pl\/index.php\/wp-json\/wp\/v2\/pages\/2","targetHints":{"allow":["GET"]}}],"collection":[{"href":"https:\/\/www.szkolalencze.pl\/index.php\/wp-json\/wp\/v2\/pages"}],"about":[{"href":"https:\/\/www.szkolalencze.pl\/index.php\/wp-json\/wp\/v2\/types\/page"}],"author":[{"embeddable":true,"href":"https:\/\/www.szkolalencze.pl\/index.php\/wp-json\/wp\/v2\/users\/1"}],"replies":[{"embeddable":true,"href":"https:\/\/www.szkolalencze.pl\/index.php\/wp-json\/wp\/v2\/comments?post=2"}],"version-history":[{"count":27,"href":"https:\/\/www.szkolalencze.pl\/index.php\/wp-json\/wp\/v2\/pages\/2\/revisions"}],"predecessor-version":[{"id":13431,"href":"https:\/\/www.szkolalencze.pl\/index.php\/wp-json\/wp\/v2\/pages\/2\/revisions\/13431"}],"wp:attachment":[{"href":"https:\/\/www.szkolalencze.pl\/index.php\/wp-json\/wp\/v2\/media?parent=2"}],"curies":[{"name":"wp","href":"https:\/\/api.w.org\/{rel}","templated":true}]}}