{"id":18133,"date":"2024-07-05T12:01:58","date_gmt":"2024-07-05T10:01:58","guid":{"rendered":"https:\/\/www.szkolalencze.pl\/?page_id=18133"},"modified":"2024-07-05T12:01:58","modified_gmt":"2024-07-05T10:01:58","slug":"konkurs-plastyczny-moj-kosciol","status":"publish","type":"page","link":"https:\/\/www.szkolalencze.pl\/index.php\/konkurs-plastyczny-moj-kosciol\/","title":{"rendered":"Konkurs plastyczny &#8222;M\u00f3j Ko\u015bci\u00f3\u0142&#8221;"},"content":{"rendered":"<div id=\"envira-gallery-wrap-18131\" class=\"envira-gallery-wrap envira-gallery-theme-base envira-lightbox-theme-base\" itemscope itemtype=\"https:\/\/schema.org\/ImageGallery\"><div data-row-height=\"150\" data-gallery-theme=\"normal\" id=\"envira-gallery-18131\" class=\"envira-gallery-public envira-gallery-justified-public envira-gallery-0-columns envira-clear enviratope envira-gallery-css-animations\" data-envira-columns=\"0\"><div id=\"envira-gallery-item-18132\" class=\"envira-gallery-item enviratope-item envira-gallery-item-1 envira-lazy-load\" style=\"padding-left: 5px; padding-bottom: 10px; padding-right: 5px;\"  itemscope itemtype=\"https:\/\/schema.org\/ImageObject\"><div class=\"envira-gallery-item-inner\"><div class=\"envira-gallery-position-overlay  envira-gallery-top-left\"><\/div><div class=\"envira-gallery-position-overlay  envira-gallery-top-right\"><\/div><div class=\"envira-gallery-position-overlay  envira-gallery-bottom-left\"><\/div><div class=\"envira-gallery-position-overlay  envira-gallery-bottom-right\"><\/div><a href=\"https:\/\/www.szkolalencze.pl\/wp-content\/uploads\/2024\/07\/Konkurs-Moj-Kosciol-1.jpg\" class=\"envira-gallery-18131 envira-gallery-link\" rel=\"enviragallery18131\" title=\"Konkurs M&oacute;j Ko\u015bci&oacute;\u0142 (1)\" data-envira-caption=\"Konkurs M&oacute;j Ko\u015bci&oacute;\u0142 (1)\" data-envira-retina=\"\" data-thumbnail=\"\"  itemprop=\"contentUrl\"><img decoding=\"async\" id=\"envira-gallery-image-18132\" class=\"envira-gallery-image envira-gallery-image-1 envira-normal envira-lazy\" data-envira-index=\"1\" src=\"https:\/\/www.szkolalencze.pl\/wp-content\/uploads\/2024\/07\/Konkurs-Moj-Kosciol-1-1024x768-640x480.jpg\" data-envira-src=\"https:\/\/www.szkolalencze.pl\/wp-content\/uploads\/2024\/07\/Konkurs-Moj-Kosciol-1-1024x768-640x480.jpg\" data-envira-gallery-id=\"18131\" data-envira-item-id=\"18132\" data-envira-caption=\"Konkurs M&oacute;j Ko\u015bci&oacute;\u0142 (1)\" alt=\"\" title=\"Konkurs M\u00f3j Ko\u015bci\u00f3\u0142 (1)\"  itemprop=\"thumbnailUrl\" data-envira-srcset=\"https:\/\/www.szkolalencze.pl\/wp-content\/uploads\/2024\/07\/Konkurs-Moj-Kosciol-1-1024x768-640x480.jpg 400w,https:\/\/www.szkolalencze.pl\/wp-content\/uploads\/2024\/07\/Konkurs-Moj-Kosciol-1-1024x768-640x480.jpg 2x\" data-envira-width=\"300\" data-envira-height=\"225\" srcset=\"data:image\/gif;base64,R0lGODlhAQABAIAAAP\/\/\/\/\/\/\/yH5BAEKAAEALAAAAAABAAEAAAICTAEAOw==\" data-safe-src=\"data:image\/gif;base64,R0lGODlhAQABAIAAAP\/\/\/\/\/\/\/yH5BAEKAAEALAAAAAABAAEAAAICTAEAOw==\" \/><\/a><\/div><\/div><div id=\"envira-gallery-item-18134\" class=\"envira-gallery-item enviratope-item envira-gallery-item-2 envira-lazy-load\" style=\"padding-left: 5px; padding-bottom: 10px; padding-right: 5px;\"  itemscope itemtype=\"https:\/\/schema.org\/ImageObject\"><div class=\"envira-gallery-item-inner\"><div class=\"envira-gallery-position-overlay  envira-gallery-top-left\"><\/div><div class=\"envira-gallery-position-overlay  envira-gallery-top-right\"><\/div><div class=\"envira-gallery-position-overlay  envira-gallery-bottom-left\"><\/div><div class=\"envira-gallery-position-overlay  envira-gallery-bottom-right\"><\/div><a href=\"https:\/\/www.szkolalencze.pl\/wp-content\/uploads\/2024\/07\/Konkurs-Moj-Kosciol-2.jpg\" class=\"envira-gallery-18131 envira-gallery-link\" rel=\"enviragallery18131\" title=\"Konkurs M&oacute;j Ko\u015bci&oacute;\u0142 (2)\" data-envira-caption=\"Konkurs M&oacute;j Ko\u015bci&oacute;\u0142 (2)\" data-envira-retina=\"\" data-thumbnail=\"\"  itemprop=\"contentUrl\"><img decoding=\"async\" id=\"envira-gallery-image-18134\" class=\"envira-gallery-image envira-gallery-image-2 envira-normal envira-lazy\" data-envira-index=\"2\" src=\"https:\/\/www.szkolalencze.pl\/wp-content\/uploads\/2024\/07\/Konkurs-Moj-Kosciol-2-768x1024-640x480.jpg\" data-envira-src=\"https:\/\/www.szkolalencze.pl\/wp-content\/uploads\/2024\/07\/Konkurs-Moj-Kosciol-2-768x1024-640x480.jpg\" data-envira-gallery-id=\"18131\" data-envira-item-id=\"18134\" data-envira-caption=\"Konkurs M&oacute;j Ko\u015bci&oacute;\u0142 (2)\" alt=\"\" title=\"Konkurs M\u00f3j Ko\u015bci\u00f3\u0142 (2)\"  itemprop=\"thumbnailUrl\" data-envira-srcset=\"https:\/\/www.szkolalencze.pl\/wp-content\/uploads\/2024\/07\/Konkurs-Moj-Kosciol-2-768x1024-640x480.jpg 400w,https:\/\/www.szkolalencze.pl\/wp-content\/uploads\/2024\/07\/Konkurs-Moj-Kosciol-2-768x1024-640x480.jpg 2x\" data-envira-width=\"225\" data-envira-height=\"300\" srcset=\"data:image\/gif;base64,R0lGODlhAQABAIAAAP\/\/\/\/\/\/\/yH5BAEKAAEALAAAAAABAAEAAAICTAEAOw==\" data-safe-src=\"data:image\/gif;base64,R0lGODlhAQABAIAAAP\/\/\/\/\/\/\/yH5BAEKAAEALAAAAAABAAEAAAICTAEAOw==\" \/><\/a><\/div><\/div><div id=\"envira-gallery-item-18135\" class=\"envira-gallery-item enviratope-item envira-gallery-item-3 envira-lazy-load\" style=\"padding-left: 5px; padding-bottom: 10px; padding-right: 5px;\"  itemscope itemtype=\"https:\/\/schema.org\/ImageObject\"><div class=\"envira-gallery-item-inner\"><div class=\"envira-gallery-position-overlay  envira-gallery-top-left\"><\/div><div class=\"envira-gallery-position-overlay  envira-gallery-top-right\"><\/div><div class=\"envira-gallery-position-overlay  envira-gallery-bottom-left\"><\/div><div class=\"envira-gallery-position-overlay  envira-gallery-bottom-right\"><\/div><a href=\"https:\/\/www.szkolalencze.pl\/wp-content\/uploads\/2024\/07\/Konkurs-Moj-Kosciol-3.jpg\" class=\"envira-gallery-18131 envira-gallery-link\" rel=\"enviragallery18131\" title=\"Konkurs M&oacute;j Ko\u015bci&oacute;\u0142 (3)\" data-envira-caption=\"Konkurs M&oacute;j Ko\u015bci&oacute;\u0142 (3)\" data-envira-retina=\"\" data-thumbnail=\"\"  itemprop=\"contentUrl\"><img decoding=\"async\" id=\"envira-gallery-image-18135\" class=\"envira-gallery-image envira-gallery-image-3 envira-normal envira-lazy\" data-envira-index=\"3\" src=\"https:\/\/www.szkolalencze.pl\/wp-content\/uploads\/2024\/07\/Konkurs-Moj-Kosciol-3-768x1024-640x480.jpg\" data-envira-src=\"https:\/\/www.szkolalencze.pl\/wp-content\/uploads\/2024\/07\/Konkurs-Moj-Kosciol-3-768x1024-640x480.jpg\" data-envira-gallery-id=\"18131\" data-envira-item-id=\"18135\" data-envira-caption=\"Konkurs M&oacute;j Ko\u015bci&oacute;\u0142 (3)\" alt=\"\" title=\"Konkurs M\u00f3j Ko\u015bci\u00f3\u0142 (3)\"  itemprop=\"thumbnailUrl\" data-envira-srcset=\"https:\/\/www.szkolalencze.pl\/wp-content\/uploads\/2024\/07\/Konkurs-Moj-Kosciol-3-768x1024-640x480.jpg 400w,https:\/\/www.szkolalencze.pl\/wp-content\/uploads\/2024\/07\/Konkurs-Moj-Kosciol-3-768x1024-640x480.jpg 2x\" data-envira-width=\"225\" data-envira-height=\"300\" srcset=\"data:image\/gif;base64,R0lGODlhAQABAIAAAP\/\/\/\/\/\/\/yH5BAEKAAEALAAAAAABAAEAAAICTAEAOw==\" data-safe-src=\"data:image\/gif;base64,R0lGODlhAQABAIAAAP\/\/\/\/\/\/\/yH5BAEKAAEALAAAAAABAAEAAAICTAEAOw==\" \/><\/a><\/div><\/div><div id=\"envira-gallery-item-18136\" class=\"envira-gallery-item enviratope-item envira-gallery-item-4 envira-lazy-load\" style=\"padding-left: 5px; padding-bottom: 10px; padding-right: 5px;\"  itemscope itemtype=\"https:\/\/schema.org\/ImageObject\"><div class=\"envira-gallery-item-inner\"><div class=\"envira-gallery-position-overlay  envira-gallery-top-left\"><\/div><div class=\"envira-gallery-position-overlay  envira-gallery-top-right\"><\/div><div class=\"envira-gallery-position-overlay  envira-gallery-bottom-left\"><\/div><div class=\"envira-gallery-position-overlay  envira-gallery-bottom-right\"><\/div><a href=\"https:\/\/www.szkolalencze.pl\/wp-content\/uploads\/2024\/07\/Konkurs-Moj-Kosciol-4.jpg\" class=\"envira-gallery-18131 envira-gallery-link\" rel=\"enviragallery18131\" title=\"Konkurs M&oacute;j Ko\u015bci&oacute;\u0142 (4)\" data-envira-caption=\"Konkurs M&oacute;j Ko\u015bci&oacute;\u0142 (4)\" data-envira-retina=\"\" data-thumbnail=\"\"  itemprop=\"contentUrl\"><img decoding=\"async\" id=\"envira-gallery-image-18136\" class=\"envira-gallery-image envira-gallery-image-4 envira-normal envira-lazy\" data-envira-index=\"4\" src=\"https:\/\/www.szkolalencze.pl\/wp-content\/uploads\/2024\/07\/Konkurs-Moj-Kosciol-4-768x1024-640x480.jpg\" data-envira-src=\"https:\/\/www.szkolalencze.pl\/wp-content\/uploads\/2024\/07\/Konkurs-Moj-Kosciol-4-768x1024-640x480.jpg\" data-envira-gallery-id=\"18131\" data-envira-item-id=\"18136\" data-envira-caption=\"Konkurs M&oacute;j Ko\u015bci&oacute;\u0142 (4)\" alt=\"\" title=\"Konkurs M\u00f3j Ko\u015bci\u00f3\u0142 (4)\"  itemprop=\"thumbnailUrl\" data-envira-srcset=\"https:\/\/www.szkolalencze.pl\/wp-content\/uploads\/2024\/07\/Konkurs-Moj-Kosciol-4-768x1024-640x480.jpg 400w,https:\/\/www.szkolalencze.pl\/wp-content\/uploads\/2024\/07\/Konkurs-Moj-Kosciol-4-768x1024-640x480.jpg 2x\" data-envira-width=\"225\" data-envira-height=\"300\" srcset=\"data:image\/gif;base64,R0lGODlhAQABAIAAAP\/\/\/\/\/\/\/yH5BAEKAAEALAAAAAABAAEAAAICTAEAOw==\" data-safe-src=\"data:image\/gif;base64,R0lGODlhAQABAIAAAP\/\/\/\/\/\/\/yH5BAEKAAEALAAAAAABAAEAAAICTAEAOw==\" \/><\/a><\/div><\/div><div id=\"envira-gallery-item-18137\" class=\"envira-gallery-item enviratope-item envira-gallery-item-5 envira-lazy-load\" style=\"padding-left: 5px; padding-bottom: 10px; padding-right: 5px;\"  itemscope itemtype=\"https:\/\/schema.org\/ImageObject\"><div class=\"envira-gallery-item-inner\"><div class=\"envira-gallery-position-overlay  envira-gallery-top-left\"><\/div><div class=\"envira-gallery-position-overlay  envira-gallery-top-right\"><\/div><div class=\"envira-gallery-position-overlay  envira-gallery-bottom-left\"><\/div><div class=\"envira-gallery-position-overlay  envira-gallery-bottom-right\"><\/div><a href=\"https:\/\/www.szkolalencze.pl\/wp-content\/uploads\/2024\/07\/Konkurs-Moj-Kosciol-5.jpg\" class=\"envira-gallery-18131 envira-gallery-link\" rel=\"enviragallery18131\" title=\"Konkurs M&oacute;j Ko\u015bci&oacute;\u0142 (5)\" data-envira-caption=\"Konkurs M&oacute;j Ko\u015bci&oacute;\u0142 (5)\" data-envira-retina=\"\" data-thumbnail=\"\"  itemprop=\"contentUrl\"><img decoding=\"async\" id=\"envira-gallery-image-18137\" class=\"envira-gallery-image envira-gallery-image-5 envira-normal envira-lazy\" data-envira-index=\"5\" src=\"https:\/\/www.szkolalencze.pl\/wp-content\/uploads\/2024\/07\/Konkurs-Moj-Kosciol-5-1024x768-640x480.jpg\" data-envira-src=\"https:\/\/www.szkolalencze.pl\/wp-content\/uploads\/2024\/07\/Konkurs-Moj-Kosciol-5-1024x768-640x480.jpg\" data-envira-gallery-id=\"18131\" data-envira-item-id=\"18137\" data-envira-caption=\"Konkurs M&oacute;j Ko\u015bci&oacute;\u0142 (5)\" alt=\"\" title=\"Konkurs M\u00f3j Ko\u015bci\u00f3\u0142 (5)\"  itemprop=\"thumbnailUrl\" data-envira-srcset=\"https:\/\/www.szkolalencze.pl\/wp-content\/uploads\/2024\/07\/Konkurs-Moj-Kosciol-5-1024x768-640x480.jpg 400w,https:\/\/www.szkolalencze.pl\/wp-content\/uploads\/2024\/07\/Konkurs-Moj-Kosciol-5-1024x768-640x480.jpg 2x\" data-envira-width=\"300\" data-envira-height=\"225\" srcset=\"data:image\/gif;base64,R0lGODlhAQABAIAAAP\/\/\/\/\/\/\/yH5BAEKAAEALAAAAAABAAEAAAICTAEAOw==\" data-safe-src=\"data:image\/gif;base64,R0lGODlhAQABAIAAAP\/\/\/\/\/\/\/yH5BAEKAAEALAAAAAABAAEAAAICTAEAOw==\" \/><\/a><\/div><\/div><\/div><\/div><noscript><img decoding=\"async\" src=\"https:\/\/www.szkolalencze.pl\/wp-content\/uploads\/2024\/07\/Konkurs-Moj-Kosciol-1.jpg\" alt=\"\" \/><img decoding=\"async\" src=\"https:\/\/www.szkolalencze.pl\/wp-content\/uploads\/2024\/07\/Konkurs-Moj-Kosciol-2.jpg\" alt=\"\" \/><img decoding=\"async\" src=\"https:\/\/www.szkolalencze.pl\/wp-content\/uploads\/2024\/07\/Konkurs-Moj-Kosciol-3.jpg\" alt=\"\" \/><img decoding=\"async\" src=\"https:\/\/www.szkolalencze.pl\/wp-content\/uploads\/2024\/07\/Konkurs-Moj-Kosciol-4.jpg\" alt=\"\" \/><img decoding=\"async\" src=\"https:\/\/www.szkolalencze.pl\/wp-content\/uploads\/2024\/07\/Konkurs-Moj-Kosciol-5.jpg\" alt=\"\" \/><\/noscript>\n","protected":false},"excerpt":{"rendered":"","protected":false},"author":4,"featured_media":0,"parent":0,"menu_order":0,"comment_status":"closed","ping_status":"closed","template":"","meta":{"_mo_disable_npp":"","footnotes":""},"class_list":["post-18133","page","type-page","status-publish","hentry"],"yoast_head":"<!-- This site is optimized with the Yoast SEO plugin v27.3 - https:\/\/yoast.com\/product\/yoast-seo-wordpress\/ -->\n<title>Konkurs plastyczny &quot;M\u00f3j Ko\u015bci\u00f3\u0142&quot; - Szko\u0142a Podstawowa w Le\u0144czach<\/title>\n<meta name=\"robots\" content=\"index, follow, max-snippet:-1, max-image-preview:large, max-video-preview:-1\" \/>\n<link rel=\"canonical\" href=\"https:\/\/www.szkolalencze.pl\/index.php\/konkurs-plastyczny-moj-kosciol\/\" \/>\n<meta property=\"og:locale\" content=\"pl_PL\" \/>\n<meta property=\"og:type\" content=\"article\" \/>\n<meta property=\"og:title\" content=\"Konkurs plastyczny &quot;M\u00f3j Ko\u015bci\u00f3\u0142&quot; - Szko\u0142a Podstawowa w Le\u0144czach\" \/>\n<meta property=\"og:url\" content=\"https:\/\/www.szkolalencze.pl\/index.php\/konkurs-plastyczny-moj-kosciol\/\" \/>\n<meta property=\"og:site_name\" content=\"Szko\u0142a Podstawowa w Le\u0144czach\" \/>\n<meta name=\"twitter:card\" content=\"summary_large_image\" \/>\n<script type=\"application\/ld+json\" class=\"yoast-schema-graph\">{\"@context\":\"https:\\\/\\\/schema.org\",\"@graph\":[{\"@type\":\"WebPage\",\"@id\":\"https:\\\/\\\/www.szkolalencze.pl\\\/index.php\\\/konkurs-plastyczny-moj-kosciol\\\/\",\"url\":\"https:\\\/\\\/www.szkolalencze.pl\\\/index.php\\\/konkurs-plastyczny-moj-kosciol\\\/\",\"name\":\"Konkurs plastyczny \\\"M\u00f3j Ko\u015bci\u00f3\u0142\\\" - Szko\u0142a Podstawowa w Le\u0144czach\",\"isPartOf\":{\"@id\":\"https:\\\/\\\/www.szkolalencze.pl\\\/#website\"},\"datePublished\":\"2024-07-05T10:01:58+00:00\",\"breadcrumb\":{\"@id\":\"https:\\\/\\\/www.szkolalencze.pl\\\/index.php\\\/konkurs-plastyczny-moj-kosciol\\\/#breadcrumb\"},\"inLanguage\":\"pl-PL\",\"potentialAction\":[{\"@type\":\"ReadAction\",\"target\":[\"https:\\\/\\\/www.szkolalencze.pl\\\/index.php\\\/konkurs-plastyczny-moj-kosciol\\\/\"]}]},{\"@type\":\"BreadcrumbList\",\"@id\":\"https:\\\/\\\/www.szkolalencze.pl\\\/index.php\\\/konkurs-plastyczny-moj-kosciol\\\/#breadcrumb\",\"itemListElement\":[{\"@type\":\"ListItem\",\"position\":1,\"name\":\"Strona g\u0142\u00f3wna\",\"item\":\"https:\\\/\\\/www.szkolalencze.pl\\\/\"},{\"@type\":\"ListItem\",\"position\":2,\"name\":\"Konkurs plastyczny &#8220;M\u00f3j Ko\u015bci\u00f3\u0142&#8221;\"}]},{\"@type\":\"WebSite\",\"@id\":\"https:\\\/\\\/www.szkolalencze.pl\\\/#website\",\"url\":\"https:\\\/\\\/www.szkolalencze.pl\\\/\",\"name\":\"Szko\u0142a Podstawowa w Le\u0144czach\",\"description\":\"Oficjalna strona szko\u0142y w Le\u0144czach\",\"publisher\":{\"@id\":\"https:\\\/\\\/www.szkolalencze.pl\\\/#organization\"},\"potentialAction\":[{\"@type\":\"SearchAction\",\"target\":{\"@type\":\"EntryPoint\",\"urlTemplate\":\"https:\\\/\\\/www.szkolalencze.pl\\\/?s={search_term_string}\"},\"query-input\":{\"@type\":\"PropertyValueSpecification\",\"valueRequired\":true,\"valueName\":\"search_term_string\"}}],\"inLanguage\":\"pl-PL\"},{\"@type\":\"Organization\",\"@id\":\"https:\\\/\\\/www.szkolalencze.pl\\\/#organization\",\"name\":\"Szko\u0142a Podstawowa w Le\u0144czach\",\"url\":\"https:\\\/\\\/www.szkolalencze.pl\\\/\",\"logo\":{\"@type\":\"ImageObject\",\"inLanguage\":\"pl-PL\",\"@id\":\"https:\\\/\\\/www.szkolalencze.pl\\\/#\\\/schema\\\/logo\\\/image\\\/\",\"url\":\"https:\\\/\\\/www.szkolalencze.pl\\\/wp-content\\\/uploads\\\/2020\\\/10\\\/logobt-1-3.png\",\"contentUrl\":\"https:\\\/\\\/www.szkolalencze.pl\\\/wp-content\\\/uploads\\\/2020\\\/10\\\/logobt-1-3.png\",\"width\":66,\"height\":102,\"caption\":\"Szko\u0142a Podstawowa w Le\u0144czach\"},\"image\":{\"@id\":\"https:\\\/\\\/www.szkolalencze.pl\\\/#\\\/schema\\\/logo\\\/image\\\/\"}}]}<\/script>\n<!-- \/ Yoast SEO plugin. -->","yoast_head_json":{"title":"Konkurs plastyczny \"M\u00f3j Ko\u015bci\u00f3\u0142\" - Szko\u0142a Podstawowa w Le\u0144czach","robots":{"index":"index","follow":"follow","max-snippet":"max-snippet:-1","max-image-preview":"max-image-preview:large","max-video-preview":"max-video-preview:-1"},"canonical":"https:\/\/www.szkolalencze.pl\/index.php\/konkurs-plastyczny-moj-kosciol\/","og_locale":"pl_PL","og_type":"article","og_title":"Konkurs plastyczny \"M\u00f3j Ko\u015bci\u00f3\u0142\" - Szko\u0142a Podstawowa w Le\u0144czach","og_url":"https:\/\/www.szkolalencze.pl\/index.php\/konkurs-plastyczny-moj-kosciol\/","og_site_name":"Szko\u0142a Podstawowa w Le\u0144czach","twitter_card":"summary_large_image","schema":{"@context":"https:\/\/schema.org","@graph":[{"@type":"WebPage","@id":"https:\/\/www.szkolalencze.pl\/index.php\/konkurs-plastyczny-moj-kosciol\/","url":"https:\/\/www.szkolalencze.pl\/index.php\/konkurs-plastyczny-moj-kosciol\/","name":"Konkurs plastyczny \"M\u00f3j Ko\u015bci\u00f3\u0142\" - Szko\u0142a Podstawowa w Le\u0144czach","isPartOf":{"@id":"https:\/\/www.szkolalencze.pl\/#website"},"datePublished":"2024-07-05T10:01:58+00:00","breadcrumb":{"@id":"https:\/\/www.szkolalencze.pl\/index.php\/konkurs-plastyczny-moj-kosciol\/#breadcrumb"},"inLanguage":"pl-PL","potentialAction":[{"@type":"ReadAction","target":["https:\/\/www.szkolalencze.pl\/index.php\/konkurs-plastyczny-moj-kosciol\/"]}]},{"@type":"BreadcrumbList","@id":"https:\/\/www.szkolalencze.pl\/index.php\/konkurs-plastyczny-moj-kosciol\/#breadcrumb","itemListElement":[{"@type":"ListItem","position":1,"name":"Strona g\u0142\u00f3wna","item":"https:\/\/www.szkolalencze.pl\/"},{"@type":"ListItem","position":2,"name":"Konkurs plastyczny &#8220;M\u00f3j Ko\u015bci\u00f3\u0142&#8221;"}]},{"@type":"WebSite","@id":"https:\/\/www.szkolalencze.pl\/#website","url":"https:\/\/www.szkolalencze.pl\/","name":"Szko\u0142a Podstawowa w Le\u0144czach","description":"Oficjalna strona szko\u0142y w Le\u0144czach","publisher":{"@id":"https:\/\/www.szkolalencze.pl\/#organization"},"potentialAction":[{"@type":"SearchAction","target":{"@type":"EntryPoint","urlTemplate":"https:\/\/www.szkolalencze.pl\/?s={search_term_string}"},"query-input":{"@type":"PropertyValueSpecification","valueRequired":true,"valueName":"search_term_string"}}],"inLanguage":"pl-PL"},{"@type":"Organization","@id":"https:\/\/www.szkolalencze.pl\/#organization","name":"Szko\u0142a Podstawowa w Le\u0144czach","url":"https:\/\/www.szkolalencze.pl\/","logo":{"@type":"ImageObject","inLanguage":"pl-PL","@id":"https:\/\/www.szkolalencze.pl\/#\/schema\/logo\/image\/","url":"https:\/\/www.szkolalencze.pl\/wp-content\/uploads\/2020\/10\/logobt-1-3.png","contentUrl":"https:\/\/www.szkolalencze.pl\/wp-content\/uploads\/2020\/10\/logobt-1-3.png","width":66,"height":102,"caption":"Szko\u0142a Podstawowa w Le\u0144czach"},"image":{"@id":"https:\/\/www.szkolalencze.pl\/#\/schema\/logo\/image\/"}}]}},"_links":{"self":[{"href":"https:\/\/www.szkolalencze.pl\/index.php\/wp-json\/wp\/v2\/pages\/18133","targetHints":{"allow":["GET"]}}],"collection":[{"href":"https:\/\/www.szkolalencze.pl\/index.php\/wp-json\/wp\/v2\/pages"}],"about":[{"href":"https:\/\/www.szkolalencze.pl\/index.php\/wp-json\/wp\/v2\/types\/page"}],"author":[{"embeddable":true,"href":"https:\/\/www.szkolalencze.pl\/index.php\/wp-json\/wp\/v2\/users\/4"}],"replies":[{"embeddable":true,"href":"https:\/\/www.szkolalencze.pl\/index.php\/wp-json\/wp\/v2\/comments?post=18133"}],"version-history":[{"count":1,"href":"https:\/\/www.szkolalencze.pl\/index.php\/wp-json\/wp\/v2\/pages\/18133\/revisions"}],"predecessor-version":[{"id":18138,"href":"https:\/\/www.szkolalencze.pl\/index.php\/wp-json\/wp\/v2\/pages\/18133\/revisions\/18138"}],"wp:attachment":[{"href":"https:\/\/www.szkolalencze.pl\/index.php\/wp-json\/wp\/v2\/media?parent=18133"}],"curies":[{"name":"wp","href":"https:\/\/api.w.org\/{rel}","templated":true}]}}