{"id":15685,"date":"2023-08-31T11:47:29","date_gmt":"2023-08-31T09:47:29","guid":{"rendered":"https:\/\/www.szkolalencze.pl\/?page_id=15685"},"modified":"2024-07-19T12:03:17","modified_gmt":"2024-07-19T10:03:17","slug":"rok-szkolny-2023-2024","status":"publish","type":"page","link":"https:\/\/www.szkolalencze.pl\/index.php\/rok-szkolny-2023-2024\/","title":{"rendered":"Rok szkolny 2023-2024"},"content":{"rendered":"<table style=\"border-collapse: collapse; width: 100%; height: 456px;\">\n<tbody>\n<tr style=\"height: 24px;\">\n<td style=\"width: 50%; text-align: center; height: 24px;\"><a href=\"https:\/\/www.szkolalencze.pl\/index.php\/rozpoczecie-roku-szkolnego-2\/\"><span style=\"color: #000000;\"><strong>Rozpocz\u0119cie Roku Szkolnego<\/strong><\/span><\/a><\/td>\n<td style=\"width: 50%; text-align: center; height: 24px;\"><strong><a href=\"https:\/\/www.szkolalencze.pl\/index.php\/klasa-8-na-drozkach-kalwaryjskich\/\"><span style=\"color: #000000;\">Klasa 8 na Dr\u00f3\u017ckach Kalwaryjskich<\/span><\/a><\/strong><\/td>\n<\/tr>\n<tr style=\"height: 24px;\">\n<td style=\"width: 50%; text-align: center; height: 24px;\"><a href=\"https:\/\/www.szkolalencze.pl\/index.php\/dzien-drzewa\/\"><span style=\"color: #000000;\"><strong>Dzie\u0144 Drzewa<\/strong><\/span><\/a><\/td>\n<td style=\"width: 50%; text-align: center; height: 24px;\"><a href=\"https:\/\/www.szkolalencze.pl\/index.php\/dzien-patrona-3\/\"><span style=\"color: #000000;\"><strong>Dzie\u0144 Patrona<\/strong><\/span><\/a><\/td>\n<\/tr>\n<tr style=\"height: 24px;\">\n<td style=\"width: 50%; text-align: center; height: 24px;\"><a href=\"https:\/\/www.szkolalencze.pl\/index.php\/slubowanie-klas-i-oraz-pozegnanie-pani-zuzanny-chwaly\/\"><span style=\"color: #000000;\"><strong>\u015alubowanie klas I oraz po\u017cegnanie Pani Zuzanny Chwa\u0142y<\/strong><\/span><\/a><\/td>\n<td style=\"width: 50%; text-align: center; height: 24px;\"><a href=\"https:\/\/www.szkolalencze.pl\/index.php\/wycieczka-klas-v-do-krakowa-2\/\"><strong><span style=\"color: #000000;\">Wycieczka klas V do Krakowa<\/span><\/strong><\/a><\/td>\n<\/tr>\n<tr style=\"height: 24px;\">\n<td style=\"width: 50%; text-align: center; height: 24px;\"><a href=\"https:\/\/www.szkolalencze.pl\/index.php\/wizyta-pana-policjanta\/\"><strong><span style=\"color: #000000;\">Wizyta Pana Policjanta<\/span><\/strong><\/a><\/td>\n<td style=\"width: 50%; text-align: center; height: 24px;\"><a href=\"https:\/\/www.szkolalencze.pl\/index.php\/klasa-vii-na-pokazie-kriogenicznym\/\"><strong><span style=\"color: #000000;\">Klasa VII na pokazie kriogenicznym.<\/span><\/strong><\/a><\/td>\n<\/tr>\n<tr style=\"height: 24px;\">\n<td style=\"width: 50%; text-align: center; height: 24px;\"><a href=\"https:\/\/www.szkolalencze.pl\/index.php\/dzien-postaci-z-bajek\/\"><strong><span style=\"color: #000000;\">Dzie\u0144 postaci z bajek<\/span><\/strong><\/a><\/td>\n<td style=\"width: 50%; text-align: center; height: 24px;\"><a href=\"https:\/\/www.szkolalencze.pl\/index.php\/warsztaty-ornitologiczne\/\"><strong><span style=\"color: #000000;\">Warsztaty ornitologiczne<\/span><\/strong><\/a><\/td>\n<\/tr>\n<tr style=\"height: 24px;\">\n<td style=\"width: 50%; text-align: center; height: 24px;\"><a href=\"https:\/\/www.szkolalencze.pl\/index.php\/gala-wreczenia-nagrod-w-konkursie-wiedzy-o-janie-pawle-ii\/\"><strong><span style=\"color: #000000;\">Gala wr\u0119czenia nagr\u00f3d w konkursie wiedzy o Janie Pawle II<\/span><\/strong><\/a><\/td>\n<td style=\"width: 50%; text-align: center; height: 24px;\"><a href=\"https:\/\/www.szkolalencze.pl\/index.php\/klasa-viii-w-muzeum-auschwitz\/\"><strong><span style=\"color: #000000;\">Klasa VIII w Muzeum Auschwitz<\/span><\/strong><\/a><\/td>\n<\/tr>\n<tr style=\"height: 24px;\">\n<td style=\"width: 50%; text-align: center; height: 24px;\"><a href=\"https:\/\/www.szkolalencze.pl\/index.php\/liga-szkolna\/\"><span style=\"color: #000000;\"><strong>Liga szkolna<\/strong><\/span><\/a><\/td>\n<td style=\"width: 50%; text-align: center; height: 24px;\"><a href=\"https:\/\/www.szkolalencze.pl\/index.php\/konkurs-ekologiczny-empoliada\/\"><strong><span style=\"color: #000000;\">Konkurs ekologiczny Empoliada<\/span><\/strong><\/a><\/td>\n<\/tr>\n<tr style=\"height: 24px;\">\n<td style=\"width: 50%; text-align: center; height: 24px;\"><a href=\"https:\/\/www.szkolalencze.pl\/index.php\/lekcja-pierwszej-pomocy-w-klasie-iv\/\"><span style=\"color: #000000;\"><strong>Lekcja pierwszej pomocy w klasie IV<\/strong><\/span><\/a><\/td>\n<td style=\"width: 50%; text-align: center; height: 24px;\"><a href=\"https:\/\/www.szkolalencze.pl\/index.php\/warsztaty-kulinarne-klasy-i\/\"><span style=\"color: #000000;\"><strong>Warsztaty kulinarne klasy I<\/strong><\/span><\/a><\/td>\n<\/tr>\n<tr style=\"height: 24px;\">\n<td style=\"width: 50%; text-align: center; height: 24px;\"><a href=\"https:\/\/www.szkolalencze.pl\/index.php\/zabawa-andrzejkowa-klasy-4-8\/\"><span style=\"color: #000000;\"><strong>Zabawa andrzejkowa &#8211; klasy 4-8<\/strong><\/span><\/a><\/td>\n<td style=\"width: 50%; text-align: center; height: 24px;\"><a href=\"https:\/\/www.szkolalencze.pl\/index.php\/konkurs-recytatorski\/\"><strong><span style=\"color: #000000;\">Konkurs recytatorski<\/span><\/strong><\/a><\/td>\n<\/tr>\n<tr style=\"height: 24px;\">\n<td style=\"width: 50%; text-align: center; height: 24px;\"><a href=\"https:\/\/www.szkolalencze.pl\/index.php\/klasa-iva-w-krakowie\/\"><span style=\"color: #000000;\"><strong>Klasa IVa w Krakowie<\/strong><\/span><\/a><\/td>\n<td style=\"width: 50%; text-align: center; height: 24px;\"><a href=\"https:\/\/www.szkolalencze.pl\/index.php\/wycieczka-klas-i-i-ii-do-wieliczki\/\"><strong><span style=\"color: #000000;\">Wycieczka klas I i II do Wieliczki<\/span><\/strong><\/a><\/td>\n<\/tr>\n<tr style=\"height: 24px;\">\n<td style=\"width: 50%; text-align: center; height: 24px;\"><a href=\"https:\/\/www.szkolalencze.pl\/index.php\/konkurs-plastyczny-ubierzmy-choinke-dla-sw-jana-pawla-ii\/\"><span style=\"color: #000000;\"><strong>Konkurs plastyczny &#8211; <\/strong><\/span><\/a><strong><a href=\"https:\/\/www.szkolalencze.pl\/index.php\/konkurs-plastyczny-ubierzmy-choinke-dla-sw-jana-pawla-ii\/\"><span style=\"color: #000000;\">Ubierzmy choink\u0119 dla \u015bw. Jana Paw\u0142a II<\/span><\/a><br \/>\n<\/strong><\/td>\n<td style=\"width: 50%; text-align: center; height: 24px;\"><a href=\"https:\/\/www.szkolalencze.pl\/?page_id=16919&amp;preview=true\"><span style=\"color: #000000;\"><strong>Kiermasz \u015bwi\u0105teczny SK Caritas<\/strong><\/span><\/a><\/td>\n<\/tr>\n<tr style=\"height: 24px;\">\n<td style=\"width: 50%; text-align: center; height: 24px;\"><a href=\"https:\/\/www.szkolalencze.pl\/index.php\/jaselka-szkolne-i-konkurs-koled\/\"><span style=\"color: #000000;\"><strong>Jase\u0142ka szkolne i konkurs kol\u0119d<\/strong><\/span><\/a><\/td>\n<td style=\"width: 50%; text-align: center; height: 24px;\"><a href=\"https:\/\/www.szkolalencze.pl\/index.php\/strazackie-koledowanie-2024\/\"><span style=\"color: #000000;\"><strong>Stra\u017cackie kol\u0119dowanie 2024\u00a0<\/strong><\/span><\/a><\/td>\n<\/tr>\n<tr style=\"height: 24px;\">\n<td style=\"width: 50%; text-align: center; height: 24px;\"><a href=\"https:\/\/www.szkolalencze.pl\/index.php\/apel-podsumowanie-i-semestru\/\"><span style=\"color: #000000;\"><strong>Apel &#8211; podsumowanie I semestru<\/strong><\/span><\/a><\/td>\n<td style=\"width: 50%; text-align: center; height: 24px;\"><a href=\"https:\/\/www.szkolalencze.pl\/index.php\/zabawa-karnawalowa-4\/\"><span style=\"color: #000000;\"><strong>Zabawa karnawa\u0142owa\u00a0<\/strong><\/span><\/a><\/td>\n<\/tr>\n<tr style=\"height: 24px;\">\n<td style=\"width: 50%; text-align: center; height: 24px;\"><span style=\"color: #000000;\"><strong><a style=\"color: #000000;\" href=\"https:\/\/www.szkolalencze.pl\/index.php\/liga-szkolna-2\/\">Liga szkolna<\/a><br \/>\n<\/strong><\/span><\/td>\n<td style=\"width: 50%; text-align: center; height: 24px;\"><span style=\"color: #000000;\"><strong><a style=\"color: #000000;\" href=\"https:\/\/www.szkolalencze.pl\/index.php\/szkolny-konkurs-mam-talent\/\">Szkolny konkurs MAM TALENT!<\/a><br \/>\n<\/strong><\/span><\/td>\n<\/tr>\n<tr style=\"height: 24px;\">\n<td style=\"width: 50%; text-align: center; height: 24px;\"><a href=\"https:\/\/www.szkolalencze.pl\/index.php\/kiermasz-swiateczny\/\"><span style=\"color: #000000;\"><strong>Kiermasz \u015bwi\u0105teczny\u00a0<\/strong><\/span><\/a><\/td>\n<td style=\"width: 50%; text-align: center; height: 24px;\"><a href=\"https:\/\/www.szkolalencze.pl\/index.php\/apel-swiateczny-2\/\"><span style=\"color: #000000;\"><strong>Apel \u015bwi\u0105teczny<\/strong><\/span><\/a><\/td>\n<\/tr>\n<tr style=\"height: 24px;\">\n<td style=\"width: 50%; text-align: center; height: 24px;\"><a href=\"https:\/\/www.szkolalencze.pl\/index.php\/tydzien-zdrowia-dzien-marchewki\/\"><span style=\"color: #000000;\"><strong>Tydzie\u0144 Zdrowia &#8211; Dzie\u0144 Marchewki\u00a0<\/strong><\/span><\/a><\/td>\n<td style=\"width: 50%; text-align: center; height: 24px;\"><a href=\"https:\/\/www.szkolalencze.pl\/index.php\/tydzien-zdrowia-przerwy-relaksacyjne\/\"><span style=\"color: #000000;\"><strong>Tydzie\u0144 Zdrowia &#8211; strefa ciszy<\/strong><\/span><\/a><\/td>\n<\/tr>\n<tr style=\"height: 24px;\">\n<td style=\"width: 50%; text-align: center; height: 24px;\"><span style=\"color: #000000;\"><strong><a style=\"color: #000000;\" href=\"https:\/\/www.szkolalencze.pl\/index.php\/tydzien-zdrowia-na-sportowo\/\">Tydzie\u0144 Zdrowia &#8211; na sportowo<\/a><br \/>\n<\/strong><\/span><\/td>\n<td style=\"width: 50%; text-align: center; height: 24px;\"><a href=\"https:\/\/www.szkolalencze.pl\/index.php\/tydzien-zdrowia-diagnozy\/\"><span style=\"color: #000000;\"><strong>Tydzie\u0144 zdrowia &#8211; diagnozy<\/strong><\/span><\/a><\/td>\n<\/tr>\n<tr style=\"height: 24px;\">\n<td style=\"width: 50%; text-align: center; height: 24px;\"><a href=\"https:\/\/www.szkolalencze.pl\/index.php\/tydzien-zdrowia-podsumowanie\/\"><span style=\"color: #000000;\"><strong> Tydzie\u0144 zdrowia &#8211; podsumowanie<\/strong><\/span><\/a><\/td>\n<td style=\"width: 50%; text-align: center; height: 24px;\"><a href=\"https:\/\/www.szkolalencze.pl\/index.php\/spotkania-na-szlaku\/\"><strong><span style=\"color: #000000;\">Spotkania na szlaku<\/span><\/strong><\/a><\/td>\n<\/tr>\n<tr style=\"height: 24px;\">\n<td style=\"width: 50%; text-align: center; height: 24px;\"><span style=\"color: #000000;\"><strong><a style=\"color: #000000;\" href=\"https:\/\/www.szkolalencze.pl\/index.php\/apel-z-okazji-3-maja\/\">\u00a0Apel z okazji 3 maja<\/a><br \/>\n<\/strong><\/span><\/td>\n<td style=\"width: 50%; text-align: center; height: 24px;\"><a href=\"https:\/\/www.szkolalencze.pl\/index.php\/wizyta-w-muzeum-ognia-w-zorach\/\"><span style=\"color: #000000;\"><strong>Wizyta w Muzeum Ognia w \u017borach\u00a0<\/strong><\/span><\/a><\/td>\n<\/tr>\n<tr>\n<td style=\"width: 50%; text-align: center;\"><a href=\"https:\/\/www.szkolalencze.pl\/index.php\/uroczystosci-z-okazji-3-maja-kalwaria-zebrzydowska\/\"><span style=\"color: #000000;\"><strong>Uroczysto\u015bci z okazji 3 maja &#8211; Kalwaria Zebrzydowska<\/strong><\/span><\/a><\/td>\n<td style=\"width: 50%; text-align: center;\"><a href=\"https:\/\/www.szkolalencze.pl\/index.php\/egzamin-osmoklasisty-2024\/\"><span style=\"color: #000000;\"><strong>Egzamin \u00f3smoklasisty 2024<\/strong><\/span><\/a><\/td>\n<\/tr>\n<tr>\n<td style=\"width: 50%; text-align: center;\"><a href=\"https:\/\/www.szkolalencze.pl\/index.php\/konkurs-jan-pawel-ii-przyjaciel-i-mistrz-mlodych\/\"><strong><span style=\"color: #000000;\">Konkurs &#8222;Jan Pawe\u0142 II Przyjaciel i Mistrz M\u0142odych&#8221;<\/span><\/strong><\/a><\/td>\n<td style=\"width: 50%; text-align: center;\"><a href=\"https:\/\/www.szkolalencze.pl\/index.php\/xvii-rajd-szlakami-konfederatow-barskich\/\"><span style=\"color: #000000;\"><strong>XVII Rajd Szlakami Konfederat\u00f3w Barskich<\/strong><\/span><\/a><\/td>\n<\/tr>\n<tr>\n<td style=\"width: 50%; text-align: center;\"><a href=\"https:\/\/www.szkolalencze.pl\/index.php\/wizyta-pierwszakow-na-lotnisku-i-w-ogrodzie-doswiadczen\/\"><strong><span style=\"color: #000000;\">Wizyta pierwszak\u00f3w na lotnisku i w Ogrodzie Do\u015bwiadcze\u0144<\/span><\/strong><\/a><\/td>\n<td style=\"width: 50%; text-align: center;\"><a href=\"https:\/\/www.szkolalencze.pl\/index.php\/gala-wreczenia-nagrod-w-konkursie-emilia-wojtylowa-matka-sw-jana-pawla-ii\/\"><strong><span style=\"color: #000000;\">Gala wr\u0119czenia nagr\u00f3d w konkursie \u201dEmilia Wojty\u0142owa. Matka \u015bw. Jana Paw\u0142a II\u201d<\/span><\/strong><\/a><\/td>\n<\/tr>\n<tr>\n<td style=\"width: 50%; text-align: center;\"><a href=\"https:\/\/www.szkolalencze.pl\/index.php\/wizyta-sk-caritas-w-zakrzowie\/\"><span style=\"color: #000000;\"><strong>Wizyta SK Caritas w Zakrzowie\u00a0<\/strong><\/span><\/a><\/td>\n<td style=\"width: 50%; text-align: center;\"><a href=\"https:\/\/www.szkolalencze.pl\/index.php\/dzien-ochrony-srodowiska\/\"><strong><span style=\"color: #000000;\">Dzie\u0144 Ochrony \u015arodowiska\u00a0<\/span><\/strong><\/a><\/td>\n<\/tr>\n<tr>\n<td style=\"width: 50%; text-align: center;\"><span style=\"color: #000000;\"><strong><a style=\"color: #000000;\" href=\"https:\/\/www.szkolalencze.pl\/index.php\/klasa-viii-w-krakowie\/\">\u00a0Klasa VIII w Krakowie<\/a><\/strong><\/span><strong><span style=\"color: #000000;\"><br \/>\n<\/span><\/strong><\/td>\n<td style=\"width: 50%; text-align: center;\">\n<div class=\"su-box-title\"><a href=\"https:\/\/www.szkolalencze.pl\/index.php\/ekologiczny-dzien-sportu\/\"><span style=\"color: #000000;\"><strong>Ekologiczny Dzie\u0144 Sportu<\/strong><\/span><\/a><\/div>\n<\/td>\n<\/tr>\n<tr>\n<td style=\"width: 50%; text-align: center;\"><a href=\"https:\/\/www.szkolalencze.pl\/index.php\/wycieczka-klas-iv-i-v-do-ojcowa-2\/\"><strong><span style=\"color: #000000;\"> Wycieczka klas IV i V do Ojcowa<\/span><\/strong><\/a><\/td>\n<td style=\"width: 50%; text-align: center;\"><a href=\"https:\/\/www.szkolalencze.pl\/index.php\/konkurs-plastyczny-moj-kosciol\/\"><span style=\"color: #000000;\"><strong>Konkurs &#8222;M\u00f3j Ko\u015bci\u00f3\u0142&#8221; <\/strong><\/span><\/a><\/td>\n<\/tr>\n<tr>\n<td style=\"width: 50%; text-align: center;\"><a href=\"https:\/\/www.szkolalencze.pl\/index.php\/dzien-rodzin\/\"><strong><span style=\"color: #000000;\">Dzie\u0144 Rodzin\u00a0<\/span><\/strong><\/a><\/td>\n<td style=\"width: 50%; text-align: center;\"><a href=\"https:\/\/www.szkolalencze.pl\/index.php\/pozegnanie-klasy-viii\/\"><span style=\"color: #000000;\"><strong>Po\u017cegnanie klasy VIII\u00a0<\/strong><\/span><\/a><\/td>\n<\/tr>\n<tr>\n<td style=\"width: 50%; text-align: center;\"><a href=\"https:\/\/www.szkolalencze.pl\/index.php\/podsumowanie-dzialan-organizacji-szkolnych\/\"><strong><span style=\"color: #000000;\">Podsumowanie dzia\u0142a\u0144 organizacji szkolnych<\/span><\/strong><\/a><\/td>\n<td style=\"width: 50%; text-align: center;\"><a href=\"https:\/\/www.szkolalencze.pl\/index.php\/zakonczenie-roku-szkolnego-2023-2024\/\"><strong><span style=\"color: #000000;\">Zako\u0144czenie Roku Szkolnego 2023\/2024<\/span><\/strong><\/a><\/td>\n<\/tr>\n<tr>\n<td style=\"width: 50%; text-align: center;\"><a href=\"https:\/\/www.szkolalencze.pl\/index.php\/letnia-polkolonia-3\/\"><strong><span style=\"color: #000000;\">Letnia p\u00f3\u0142kolonia<\/span><\/strong><\/a><\/td>\n<td style=\"width: 50%; text-align: center;\"><strong><span style=\"color: #000000;\">\u00a0<\/span><\/strong><\/td>\n<\/tr>\n<\/tbody>\n<\/table>\n","protected":false},"excerpt":{"rendered":"<p>Rozpocz\u0119cie Roku <a href=\"https:\/\/www.szkolalencze.pl\/index.php\/rok-szkolny-2023-2024\/\" class=\"read-more\">Czytaj dalej &#8230;<\/a><\/p>\n","protected":false},"author":1,"featured_media":0,"parent":0,"menu_order":0,"comment_status":"closed","ping_status":"closed","template":"","meta":{"_mo_disable_npp":"","footnotes":""},"class_list":["post-15685","page","type-page","status-publish","hentry"],"yoast_head":"<!-- This site is optimized with the Yoast SEO plugin v27.5 - https:\/\/yoast.com\/product\/yoast-seo-wordpress\/ -->\n<title>Rok szkolny 2023-2024 - Szko\u0142a Podstawowa w Le\u0144czach<\/title>\n<meta name=\"robots\" content=\"index, follow, max-snippet:-1, max-image-preview:large, max-video-preview:-1\" \/>\n<link rel=\"canonical\" href=\"https:\/\/www.szkolalencze.pl\/index.php\/rok-szkolny-2023-2024\/\" \/>\n<meta property=\"og:locale\" content=\"pl_PL\" \/>\n<meta property=\"og:type\" content=\"article\" \/>\n<meta property=\"og:title\" content=\"Rok szkolny 2023-2024 - Szko\u0142a Podstawowa w Le\u0144czach\" \/>\n<meta property=\"og:description\" content=\"Rozpocz\u0119cie Roku Czytaj dalej ...\" \/>\n<meta property=\"og:url\" content=\"https:\/\/www.szkolalencze.pl\/index.php\/rok-szkolny-2023-2024\/\" \/>\n<meta property=\"og:site_name\" content=\"Szko\u0142a Podstawowa w Le\u0144czach\" \/>\n<meta property=\"article:modified_time\" content=\"2024-07-19T10:03:17+00:00\" \/>\n<meta name=\"twitter:card\" content=\"summary_large_image\" \/>\n<meta name=\"twitter:label1\" content=\"Szacowany czas czytania\" \/>\n\t<meta name=\"twitter:data1\" content=\"2 minuty\" \/>\n<script type=\"application\/ld+json\" class=\"yoast-schema-graph\">{\"@context\":\"https:\\\/\\\/schema.org\",\"@graph\":[{\"@type\":\"WebPage\",\"@id\":\"https:\\\/\\\/www.szkolalencze.pl\\\/index.php\\\/rok-szkolny-2023-2024\\\/\",\"url\":\"https:\\\/\\\/www.szkolalencze.pl\\\/index.php\\\/rok-szkolny-2023-2024\\\/\",\"name\":\"Rok szkolny 2023-2024 - Szko\u0142a Podstawowa w Le\u0144czach\",\"isPartOf\":{\"@id\":\"https:\\\/\\\/www.szkolalencze.pl\\\/#website\"},\"datePublished\":\"2023-08-31T09:47:29+00:00\",\"dateModified\":\"2024-07-19T10:03:17+00:00\",\"breadcrumb\":{\"@id\":\"https:\\\/\\\/www.szkolalencze.pl\\\/index.php\\\/rok-szkolny-2023-2024\\\/#breadcrumb\"},\"inLanguage\":\"pl-PL\",\"potentialAction\":[{\"@type\":\"ReadAction\",\"target\":[\"https:\\\/\\\/www.szkolalencze.pl\\\/index.php\\\/rok-szkolny-2023-2024\\\/\"]}]},{\"@type\":\"BreadcrumbList\",\"@id\":\"https:\\\/\\\/www.szkolalencze.pl\\\/index.php\\\/rok-szkolny-2023-2024\\\/#breadcrumb\",\"itemListElement\":[{\"@type\":\"ListItem\",\"position\":1,\"name\":\"Strona g\u0142\u00f3wna\",\"item\":\"https:\\\/\\\/www.szkolalencze.pl\\\/\"},{\"@type\":\"ListItem\",\"position\":2,\"name\":\"Rok szkolny 2023-2024\"}]},{\"@type\":\"WebSite\",\"@id\":\"https:\\\/\\\/www.szkolalencze.pl\\\/#website\",\"url\":\"https:\\\/\\\/www.szkolalencze.pl\\\/\",\"name\":\"Szko\u0142a Podstawowa w Le\u0144czach\",\"description\":\"Oficjalna strona szko\u0142y w Le\u0144czach\",\"publisher\":{\"@id\":\"https:\\\/\\\/www.szkolalencze.pl\\\/#organization\"},\"potentialAction\":[{\"@type\":\"SearchAction\",\"target\":{\"@type\":\"EntryPoint\",\"urlTemplate\":\"https:\\\/\\\/www.szkolalencze.pl\\\/?s={search_term_string}\"},\"query-input\":{\"@type\":\"PropertyValueSpecification\",\"valueRequired\":true,\"valueName\":\"search_term_string\"}}],\"inLanguage\":\"pl-PL\"},{\"@type\":\"Organization\",\"@id\":\"https:\\\/\\\/www.szkolalencze.pl\\\/#organization\",\"name\":\"Szko\u0142a Podstawowa w Le\u0144czach\",\"url\":\"https:\\\/\\\/www.szkolalencze.pl\\\/\",\"logo\":{\"@type\":\"ImageObject\",\"inLanguage\":\"pl-PL\",\"@id\":\"https:\\\/\\\/www.szkolalencze.pl\\\/#\\\/schema\\\/logo\\\/image\\\/\",\"url\":\"https:\\\/\\\/www.szkolalencze.pl\\\/wp-content\\\/uploads\\\/2020\\\/10\\\/logobt-1-3.png\",\"contentUrl\":\"https:\\\/\\\/www.szkolalencze.pl\\\/wp-content\\\/uploads\\\/2020\\\/10\\\/logobt-1-3.png\",\"width\":66,\"height\":102,\"caption\":\"Szko\u0142a Podstawowa w Le\u0144czach\"},\"image\":{\"@id\":\"https:\\\/\\\/www.szkolalencze.pl\\\/#\\\/schema\\\/logo\\\/image\\\/\"}}]}<\/script>\n<!-- \/ Yoast SEO plugin. -->","yoast_head_json":{"title":"Rok szkolny 2023-2024 - Szko\u0142a Podstawowa w Le\u0144czach","robots":{"index":"index","follow":"follow","max-snippet":"max-snippet:-1","max-image-preview":"max-image-preview:large","max-video-preview":"max-video-preview:-1"},"canonical":"https:\/\/www.szkolalencze.pl\/index.php\/rok-szkolny-2023-2024\/","og_locale":"pl_PL","og_type":"article","og_title":"Rok szkolny 2023-2024 - Szko\u0142a Podstawowa w Le\u0144czach","og_description":"Rozpocz\u0119cie Roku Czytaj dalej ...","og_url":"https:\/\/www.szkolalencze.pl\/index.php\/rok-szkolny-2023-2024\/","og_site_name":"Szko\u0142a Podstawowa w Le\u0144czach","article_modified_time":"2024-07-19T10:03:17+00:00","twitter_card":"summary_large_image","twitter_misc":{"Szacowany czas czytania":"2 minuty"},"schema":{"@context":"https:\/\/schema.org","@graph":[{"@type":"WebPage","@id":"https:\/\/www.szkolalencze.pl\/index.php\/rok-szkolny-2023-2024\/","url":"https:\/\/www.szkolalencze.pl\/index.php\/rok-szkolny-2023-2024\/","name":"Rok szkolny 2023-2024 - Szko\u0142a Podstawowa w Le\u0144czach","isPartOf":{"@id":"https:\/\/www.szkolalencze.pl\/#website"},"datePublished":"2023-08-31T09:47:29+00:00","dateModified":"2024-07-19T10:03:17+00:00","breadcrumb":{"@id":"https:\/\/www.szkolalencze.pl\/index.php\/rok-szkolny-2023-2024\/#breadcrumb"},"inLanguage":"pl-PL","potentialAction":[{"@type":"ReadAction","target":["https:\/\/www.szkolalencze.pl\/index.php\/rok-szkolny-2023-2024\/"]}]},{"@type":"BreadcrumbList","@id":"https:\/\/www.szkolalencze.pl\/index.php\/rok-szkolny-2023-2024\/#breadcrumb","itemListElement":[{"@type":"ListItem","position":1,"name":"Strona g\u0142\u00f3wna","item":"https:\/\/www.szkolalencze.pl\/"},{"@type":"ListItem","position":2,"name":"Rok szkolny 2023-2024"}]},{"@type":"WebSite","@id":"https:\/\/www.szkolalencze.pl\/#website","url":"https:\/\/www.szkolalencze.pl\/","name":"Szko\u0142a Podstawowa w Le\u0144czach","description":"Oficjalna strona szko\u0142y w Le\u0144czach","publisher":{"@id":"https:\/\/www.szkolalencze.pl\/#organization"},"potentialAction":[{"@type":"SearchAction","target":{"@type":"EntryPoint","urlTemplate":"https:\/\/www.szkolalencze.pl\/?s={search_term_string}"},"query-input":{"@type":"PropertyValueSpecification","valueRequired":true,"valueName":"search_term_string"}}],"inLanguage":"pl-PL"},{"@type":"Organization","@id":"https:\/\/www.szkolalencze.pl\/#organization","name":"Szko\u0142a Podstawowa w Le\u0144czach","url":"https:\/\/www.szkolalencze.pl\/","logo":{"@type":"ImageObject","inLanguage":"pl-PL","@id":"https:\/\/www.szkolalencze.pl\/#\/schema\/logo\/image\/","url":"https:\/\/www.szkolalencze.pl\/wp-content\/uploads\/2020\/10\/logobt-1-3.png","contentUrl":"https:\/\/www.szkolalencze.pl\/wp-content\/uploads\/2020\/10\/logobt-1-3.png","width":66,"height":102,"caption":"Szko\u0142a Podstawowa w Le\u0144czach"},"image":{"@id":"https:\/\/www.szkolalencze.pl\/#\/schema\/logo\/image\/"}}]}},"_links":{"self":[{"href":"https:\/\/www.szkolalencze.pl\/index.php\/wp-json\/wp\/v2\/pages\/15685","targetHints":{"allow":["GET"]}}],"collection":[{"href":"https:\/\/www.szkolalencze.pl\/index.php\/wp-json\/wp\/v2\/pages"}],"about":[{"href":"https:\/\/www.szkolalencze.pl\/index.php\/wp-json\/wp\/v2\/types\/page"}],"author":[{"embeddable":true,"href":"https:\/\/www.szkolalencze.pl\/index.php\/wp-json\/wp\/v2\/users\/1"}],"replies":[{"embeddable":true,"href":"https:\/\/www.szkolalencze.pl\/index.php\/wp-json\/wp\/v2\/comments?post=15685"}],"version-history":[{"count":64,"href":"https:\/\/www.szkolalencze.pl\/index.php\/wp-json\/wp\/v2\/pages\/15685\/revisions"}],"predecessor-version":[{"id":18385,"href":"https:\/\/www.szkolalencze.pl\/index.php\/wp-json\/wp\/v2\/pages\/15685\/revisions\/18385"}],"wp:attachment":[{"href":"https:\/\/www.szkolalencze.pl\/index.php\/wp-json\/wp\/v2\/media?parent=15685"}],"curies":[{"name":"wp","href":"https:\/\/api.w.org\/{rel}","templated":true}]}}