{"id":15070,"date":"2023-06-21T17:31:19","date_gmt":"2023-06-21T15:31:19","guid":{"rendered":"https:\/\/www.szkolalencze.pl\/?page_id=15070"},"modified":"2023-06-21T17:31:19","modified_gmt":"2023-06-21T15:31:19","slug":"wycieczka-czlonkow-spoldzielni-uczniowskiej-do-wadowic","status":"publish","type":"page","link":"https:\/\/www.szkolalencze.pl\/index.php\/wycieczka-czlonkow-spoldzielni-uczniowskiej-do-wadowic\/","title":{"rendered":"Wycieczka cz\u0142onk\u00f3w Sp\u00f3\u0142dzielni Uczniowskiej do Wadowic"},"content":{"rendered":"<div id=\"envira-gallery-wrap-15064\" class=\"envira-gallery-wrap envira-gallery-theme-base envira-lightbox-theme-base\" itemscope itemtype=\"https:\/\/schema.org\/ImageGallery\"><div data-row-height=\"150\" data-gallery-theme=\"normal\" id=\"envira-gallery-15064\" class=\"envira-gallery-public envira-gallery-justified-public envira-gallery-0-columns envira-clear enviratope envira-gallery-css-animations\" data-envira-columns=\"0\"><div id=\"envira-gallery-item-15065\" class=\"envira-gallery-item enviratope-item envira-gallery-item-1 envira-lazy-load\" style=\"padding-left: 5px; padding-bottom: 10px; padding-right: 5px;\"  itemscope itemtype=\"https:\/\/schema.org\/ImageObject\"><div class=\"envira-gallery-item-inner\"><div class=\"envira-gallery-position-overlay  envira-gallery-top-left\"><\/div><div class=\"envira-gallery-position-overlay  envira-gallery-top-right\"><\/div><div class=\"envira-gallery-position-overlay  envira-gallery-bottom-left\"><\/div><div class=\"envira-gallery-position-overlay  envira-gallery-bottom-right\"><\/div><a href=\"https:\/\/www.szkolalencze.pl\/wp-content\/uploads\/2023\/06\/kregle-1.jpg\" class=\"envira-gallery-15064 envira-gallery-link\" rel=\"enviragallery15064\" title=\"kr\u0119gle (1)\" data-envira-caption=\"kr\u0119gle (1)\" data-envira-retina=\"\" data-thumbnail=\"\"  itemprop=\"contentUrl\"><img decoding=\"async\" id=\"envira-gallery-image-15065\" class=\"envira-gallery-image envira-gallery-image-1 envira-normal envira-lazy\" data-envira-index=\"1\" src=\"https:\/\/www.szkolalencze.pl\/wp-content\/uploads\/2023\/06\/kregle-1-1024x768-640x480.jpg\" data-envira-src=\"https:\/\/www.szkolalencze.pl\/wp-content\/uploads\/2023\/06\/kregle-1-1024x768-640x480.jpg\" data-envira-gallery-id=\"15064\" data-envira-item-id=\"15065\" data-envira-caption=\"kr\u0119gle (1)\" alt=\"\" title=\"kr\u0119gle (1)\"  itemprop=\"thumbnailUrl\" data-envira-srcset=\"https:\/\/www.szkolalencze.pl\/wp-content\/uploads\/2023\/06\/kregle-1-1024x768-640x480.jpg 400w,https:\/\/www.szkolalencze.pl\/wp-content\/uploads\/2023\/06\/kregle-1-1024x768-640x480.jpg 2x\" data-envira-width=\"300\" data-envira-height=\"225\" srcset=\"data:image\/gif;base64,R0lGODlhAQABAIAAAP\/\/\/\/\/\/\/yH5BAEKAAEALAAAAAABAAEAAAICTAEAOw==\" data-safe-src=\"data:image\/gif;base64,R0lGODlhAQABAIAAAP\/\/\/\/\/\/\/yH5BAEKAAEALAAAAAABAAEAAAICTAEAOw==\" \/><\/a><\/div><\/div><div id=\"envira-gallery-item-15066\" class=\"envira-gallery-item enviratope-item envira-gallery-item-2 envira-lazy-load\" style=\"padding-left: 5px; padding-bottom: 10px; padding-right: 5px;\"  itemscope itemtype=\"https:\/\/schema.org\/ImageObject\"><div class=\"envira-gallery-item-inner\"><div class=\"envira-gallery-position-overlay  envira-gallery-top-left\"><\/div><div class=\"envira-gallery-position-overlay  envira-gallery-top-right\"><\/div><div class=\"envira-gallery-position-overlay  envira-gallery-bottom-left\"><\/div><div class=\"envira-gallery-position-overlay  envira-gallery-bottom-right\"><\/div><a href=\"https:\/\/www.szkolalencze.pl\/wp-content\/uploads\/2023\/06\/kregle-2.jpg\" class=\"envira-gallery-15064 envira-gallery-link\" rel=\"enviragallery15064\" title=\"kr\u0119gle (2)\" data-envira-caption=\"kr\u0119gle (2)\" data-envira-retina=\"\" data-thumbnail=\"\"  itemprop=\"contentUrl\"><img decoding=\"async\" id=\"envira-gallery-image-15066\" class=\"envira-gallery-image envira-gallery-image-2 envira-normal envira-lazy\" data-envira-index=\"2\" src=\"https:\/\/www.szkolalencze.pl\/wp-content\/uploads\/2023\/06\/kregle-2-1024x768-640x480.jpg\" data-envira-src=\"https:\/\/www.szkolalencze.pl\/wp-content\/uploads\/2023\/06\/kregle-2-1024x768-640x480.jpg\" data-envira-gallery-id=\"15064\" data-envira-item-id=\"15066\" data-envira-caption=\"kr\u0119gle (2)\" alt=\"\" title=\"kr\u0119gle (2)\"  itemprop=\"thumbnailUrl\" data-envira-srcset=\"https:\/\/www.szkolalencze.pl\/wp-content\/uploads\/2023\/06\/kregle-2-1024x768-640x480.jpg 400w,https:\/\/www.szkolalencze.pl\/wp-content\/uploads\/2023\/06\/kregle-2-1024x768-640x480.jpg 2x\" data-envira-width=\"300\" data-envira-height=\"225\" srcset=\"data:image\/gif;base64,R0lGODlhAQABAIAAAP\/\/\/\/\/\/\/yH5BAEKAAEALAAAAAABAAEAAAICTAEAOw==\" data-safe-src=\"data:image\/gif;base64,R0lGODlhAQABAIAAAP\/\/\/\/\/\/\/yH5BAEKAAEALAAAAAABAAEAAAICTAEAOw==\" \/><\/a><\/div><\/div><div id=\"envira-gallery-item-15067\" class=\"envira-gallery-item enviratope-item envira-gallery-item-3 envira-lazy-load\" style=\"padding-left: 5px; padding-bottom: 10px; padding-right: 5px;\"  itemscope itemtype=\"https:\/\/schema.org\/ImageObject\"><div class=\"envira-gallery-item-inner\"><div class=\"envira-gallery-position-overlay  envira-gallery-top-left\"><\/div><div class=\"envira-gallery-position-overlay  envira-gallery-top-right\"><\/div><div class=\"envira-gallery-position-overlay  envira-gallery-bottom-left\"><\/div><div class=\"envira-gallery-position-overlay  envira-gallery-bottom-right\"><\/div><a href=\"https:\/\/www.szkolalencze.pl\/wp-content\/uploads\/2023\/06\/kregle-3.jpg\" class=\"envira-gallery-15064 envira-gallery-link\" rel=\"enviragallery15064\" title=\"kr\u0119gle (3)\" data-envira-caption=\"kr\u0119gle (3)\" data-envira-retina=\"\" data-thumbnail=\"\"  itemprop=\"contentUrl\"><img decoding=\"async\" id=\"envira-gallery-image-15067\" class=\"envira-gallery-image envira-gallery-image-3 envira-normal envira-lazy\" data-envira-index=\"3\" src=\"https:\/\/www.szkolalencze.pl\/wp-content\/uploads\/2023\/06\/kregle-3-1024x768-640x480.jpg\" data-envira-src=\"https:\/\/www.szkolalencze.pl\/wp-content\/uploads\/2023\/06\/kregle-3-1024x768-640x480.jpg\" data-envira-gallery-id=\"15064\" data-envira-item-id=\"15067\" data-envira-caption=\"kr\u0119gle (3)\" alt=\"\" title=\"kr\u0119gle (3)\"  itemprop=\"thumbnailUrl\" data-envira-srcset=\"https:\/\/www.szkolalencze.pl\/wp-content\/uploads\/2023\/06\/kregle-3-1024x768-640x480.jpg 400w,https:\/\/www.szkolalencze.pl\/wp-content\/uploads\/2023\/06\/kregle-3-1024x768-640x480.jpg 2x\" data-envira-width=\"300\" data-envira-height=\"225\" srcset=\"data:image\/gif;base64,R0lGODlhAQABAIAAAP\/\/\/\/\/\/\/yH5BAEKAAEALAAAAAABAAEAAAICTAEAOw==\" data-safe-src=\"data:image\/gif;base64,R0lGODlhAQABAIAAAP\/\/\/\/\/\/\/yH5BAEKAAEALAAAAAABAAEAAAICTAEAOw==\" \/><\/a><\/div><\/div><div id=\"envira-gallery-item-15068\" class=\"envira-gallery-item enviratope-item envira-gallery-item-4 envira-lazy-load\" style=\"padding-left: 5px; padding-bottom: 10px; padding-right: 5px;\"  itemscope itemtype=\"https:\/\/schema.org\/ImageObject\"><div class=\"envira-gallery-item-inner\"><div class=\"envira-gallery-position-overlay  envira-gallery-top-left\"><\/div><div class=\"envira-gallery-position-overlay  envira-gallery-top-right\"><\/div><div class=\"envira-gallery-position-overlay  envira-gallery-bottom-left\"><\/div><div class=\"envira-gallery-position-overlay  envira-gallery-bottom-right\"><\/div><a href=\"https:\/\/www.szkolalencze.pl\/wp-content\/uploads\/2023\/06\/kregle-4.jpg\" class=\"envira-gallery-15064 envira-gallery-link\" rel=\"enviragallery15064\" title=\"kr\u0119gle (4)\" data-envira-caption=\"kr\u0119gle (4)\" data-envira-retina=\"\" data-thumbnail=\"\"  itemprop=\"contentUrl\"><img decoding=\"async\" id=\"envira-gallery-image-15068\" class=\"envira-gallery-image envira-gallery-image-4 envira-normal envira-lazy\" data-envira-index=\"4\" src=\"https:\/\/www.szkolalencze.pl\/wp-content\/uploads\/2023\/06\/kregle-4-1024x768-640x480.jpg\" data-envira-src=\"https:\/\/www.szkolalencze.pl\/wp-content\/uploads\/2023\/06\/kregle-4-1024x768-640x480.jpg\" data-envira-gallery-id=\"15064\" data-envira-item-id=\"15068\" data-envira-caption=\"kr\u0119gle (4)\" alt=\"\" title=\"kr\u0119gle (4)\"  itemprop=\"thumbnailUrl\" data-envira-srcset=\"https:\/\/www.szkolalencze.pl\/wp-content\/uploads\/2023\/06\/kregle-4-1024x768-640x480.jpg 400w,https:\/\/www.szkolalencze.pl\/wp-content\/uploads\/2023\/06\/kregle-4-1024x768-640x480.jpg 2x\" data-envira-width=\"300\" data-envira-height=\"225\" srcset=\"data:image\/gif;base64,R0lGODlhAQABAIAAAP\/\/\/\/\/\/\/yH5BAEKAAEALAAAAAABAAEAAAICTAEAOw==\" data-safe-src=\"data:image\/gif;base64,R0lGODlhAQABAIAAAP\/\/\/\/\/\/\/yH5BAEKAAEALAAAAAABAAEAAAICTAEAOw==\" \/><\/a><\/div><\/div><div id=\"envira-gallery-item-15069\" class=\"envira-gallery-item enviratope-item envira-gallery-item-5 envira-lazy-load\" style=\"padding-left: 5px; padding-bottom: 10px; padding-right: 5px;\"  itemscope itemtype=\"https:\/\/schema.org\/ImageObject\"><div class=\"envira-gallery-item-inner\"><div class=\"envira-gallery-position-overlay  envira-gallery-top-left\"><\/div><div class=\"envira-gallery-position-overlay  envira-gallery-top-right\"><\/div><div class=\"envira-gallery-position-overlay  envira-gallery-bottom-left\"><\/div><div class=\"envira-gallery-position-overlay  envira-gallery-bottom-right\"><\/div><a href=\"https:\/\/www.szkolalencze.pl\/wp-content\/uploads\/2023\/06\/kregle-5.jpg\" class=\"envira-gallery-15064 envira-gallery-link\" rel=\"enviragallery15064\" title=\"kr\u0119gle (5)\" data-envira-caption=\"kr\u0119gle (5)\" data-envira-retina=\"\" data-thumbnail=\"\"  itemprop=\"contentUrl\"><img decoding=\"async\" id=\"envira-gallery-image-15069\" class=\"envira-gallery-image envira-gallery-image-5 envira-normal envira-lazy\" data-envira-index=\"5\" src=\"https:\/\/www.szkolalencze.pl\/wp-content\/uploads\/2023\/06\/kregle-5-1024x682-640x480.jpg\" data-envira-src=\"https:\/\/www.szkolalencze.pl\/wp-content\/uploads\/2023\/06\/kregle-5-1024x682-640x480.jpg\" data-envira-gallery-id=\"15064\" data-envira-item-id=\"15069\" data-envira-caption=\"kr\u0119gle (5)\" alt=\"\" title=\"kr\u0119gle (5)\"  itemprop=\"thumbnailUrl\" data-envira-srcset=\"https:\/\/www.szkolalencze.pl\/wp-content\/uploads\/2023\/06\/kregle-5-1024x682-640x480.jpg 400w,https:\/\/www.szkolalencze.pl\/wp-content\/uploads\/2023\/06\/kregle-5-1024x682-640x480.jpg 2x\" data-envira-width=\"300\" data-envira-height=\"200\" srcset=\"data:image\/gif;base64,R0lGODlhAQABAIAAAP\/\/\/\/\/\/\/yH5BAEKAAEALAAAAAABAAEAAAICTAEAOw==\" data-safe-src=\"data:image\/gif;base64,R0lGODlhAQABAIAAAP\/\/\/\/\/\/\/yH5BAEKAAEALAAAAAABAAEAAAICTAEAOw==\" \/><\/a><\/div><\/div><\/div><\/div><noscript><img decoding=\"async\" src=\"https:\/\/www.szkolalencze.pl\/wp-content\/uploads\/2023\/06\/kregle-1.jpg\" alt=\"\" \/><img decoding=\"async\" src=\"https:\/\/www.szkolalencze.pl\/wp-content\/uploads\/2023\/06\/kregle-2.jpg\" alt=\"\" \/><img decoding=\"async\" src=\"https:\/\/www.szkolalencze.pl\/wp-content\/uploads\/2023\/06\/kregle-3.jpg\" alt=\"\" \/><img decoding=\"async\" src=\"https:\/\/www.szkolalencze.pl\/wp-content\/uploads\/2023\/06\/kregle-4.jpg\" alt=\"\" \/><img decoding=\"async\" src=\"https:\/\/www.szkolalencze.pl\/wp-content\/uploads\/2023\/06\/kregle-5.jpg\" alt=\"\" \/><\/noscript>\n","protected":false},"excerpt":{"rendered":"","protected":false},"author":4,"featured_media":0,"parent":0,"menu_order":0,"comment_status":"closed","ping_status":"closed","template":"","meta":{"_mo_disable_npp":"","footnotes":""},"class_list":["post-15070","page","type-page","status-publish","hentry"],"yoast_head":"<!-- This site is optimized with the Yoast SEO plugin v27.3 - https:\/\/yoast.com\/product\/yoast-seo-wordpress\/ -->\n<title>Wycieczka cz\u0142onk\u00f3w Sp\u00f3\u0142dzielni Uczniowskiej do Wadowic - Szko\u0142a Podstawowa w Le\u0144czach<\/title>\n<meta name=\"robots\" content=\"index, follow, max-snippet:-1, max-image-preview:large, max-video-preview:-1\" \/>\n<link rel=\"canonical\" href=\"https:\/\/www.szkolalencze.pl\/index.php\/wycieczka-czlonkow-spoldzielni-uczniowskiej-do-wadowic\/\" \/>\n<meta property=\"og:locale\" content=\"pl_PL\" \/>\n<meta property=\"og:type\" content=\"article\" \/>\n<meta property=\"og:title\" content=\"Wycieczka cz\u0142onk\u00f3w Sp\u00f3\u0142dzielni Uczniowskiej do Wadowic - Szko\u0142a Podstawowa w Le\u0144czach\" \/>\n<meta property=\"og:url\" content=\"https:\/\/www.szkolalencze.pl\/index.php\/wycieczka-czlonkow-spoldzielni-uczniowskiej-do-wadowic\/\" \/>\n<meta property=\"og:site_name\" content=\"Szko\u0142a Podstawowa w Le\u0144czach\" \/>\n<meta name=\"twitter:card\" content=\"summary_large_image\" \/>\n<meta name=\"twitter:label1\" content=\"Szacowany czas czytania\" \/>\n\t<meta name=\"twitter:data1\" content=\"1 minuta\" \/>\n<script type=\"application\/ld+json\" class=\"yoast-schema-graph\">{\"@context\":\"https:\\\/\\\/schema.org\",\"@graph\":[{\"@type\":\"WebPage\",\"@id\":\"https:\\\/\\\/www.szkolalencze.pl\\\/index.php\\\/wycieczka-czlonkow-spoldzielni-uczniowskiej-do-wadowic\\\/\",\"url\":\"https:\\\/\\\/www.szkolalencze.pl\\\/index.php\\\/wycieczka-czlonkow-spoldzielni-uczniowskiej-do-wadowic\\\/\",\"name\":\"Wycieczka cz\u0142onk\u00f3w Sp\u00f3\u0142dzielni Uczniowskiej do Wadowic - Szko\u0142a Podstawowa w Le\u0144czach\",\"isPartOf\":{\"@id\":\"https:\\\/\\\/www.szkolalencze.pl\\\/#website\"},\"datePublished\":\"2023-06-21T15:31:19+00:00\",\"breadcrumb\":{\"@id\":\"https:\\\/\\\/www.szkolalencze.pl\\\/index.php\\\/wycieczka-czlonkow-spoldzielni-uczniowskiej-do-wadowic\\\/#breadcrumb\"},\"inLanguage\":\"pl-PL\",\"potentialAction\":[{\"@type\":\"ReadAction\",\"target\":[\"https:\\\/\\\/www.szkolalencze.pl\\\/index.php\\\/wycieczka-czlonkow-spoldzielni-uczniowskiej-do-wadowic\\\/\"]}]},{\"@type\":\"BreadcrumbList\",\"@id\":\"https:\\\/\\\/www.szkolalencze.pl\\\/index.php\\\/wycieczka-czlonkow-spoldzielni-uczniowskiej-do-wadowic\\\/#breadcrumb\",\"itemListElement\":[{\"@type\":\"ListItem\",\"position\":1,\"name\":\"Strona g\u0142\u00f3wna\",\"item\":\"https:\\\/\\\/www.szkolalencze.pl\\\/\"},{\"@type\":\"ListItem\",\"position\":2,\"name\":\"Wycieczka cz\u0142onk\u00f3w Sp\u00f3\u0142dzielni Uczniowskiej do Wadowic\"}]},{\"@type\":\"WebSite\",\"@id\":\"https:\\\/\\\/www.szkolalencze.pl\\\/#website\",\"url\":\"https:\\\/\\\/www.szkolalencze.pl\\\/\",\"name\":\"Szko\u0142a Podstawowa w Le\u0144czach\",\"description\":\"Oficjalna strona szko\u0142y w Le\u0144czach\",\"publisher\":{\"@id\":\"https:\\\/\\\/www.szkolalencze.pl\\\/#organization\"},\"potentialAction\":[{\"@type\":\"SearchAction\",\"target\":{\"@type\":\"EntryPoint\",\"urlTemplate\":\"https:\\\/\\\/www.szkolalencze.pl\\\/?s={search_term_string}\"},\"query-input\":{\"@type\":\"PropertyValueSpecification\",\"valueRequired\":true,\"valueName\":\"search_term_string\"}}],\"inLanguage\":\"pl-PL\"},{\"@type\":\"Organization\",\"@id\":\"https:\\\/\\\/www.szkolalencze.pl\\\/#organization\",\"name\":\"Szko\u0142a Podstawowa w Le\u0144czach\",\"url\":\"https:\\\/\\\/www.szkolalencze.pl\\\/\",\"logo\":{\"@type\":\"ImageObject\",\"inLanguage\":\"pl-PL\",\"@id\":\"https:\\\/\\\/www.szkolalencze.pl\\\/#\\\/schema\\\/logo\\\/image\\\/\",\"url\":\"https:\\\/\\\/www.szkolalencze.pl\\\/wp-content\\\/uploads\\\/2020\\\/10\\\/logobt-1-3.png\",\"contentUrl\":\"https:\\\/\\\/www.szkolalencze.pl\\\/wp-content\\\/uploads\\\/2020\\\/10\\\/logobt-1-3.png\",\"width\":66,\"height\":102,\"caption\":\"Szko\u0142a Podstawowa w Le\u0144czach\"},\"image\":{\"@id\":\"https:\\\/\\\/www.szkolalencze.pl\\\/#\\\/schema\\\/logo\\\/image\\\/\"}}]}<\/script>\n<!-- \/ Yoast SEO plugin. -->","yoast_head_json":{"title":"Wycieczka cz\u0142onk\u00f3w Sp\u00f3\u0142dzielni Uczniowskiej do Wadowic - Szko\u0142a Podstawowa w Le\u0144czach","robots":{"index":"index","follow":"follow","max-snippet":"max-snippet:-1","max-image-preview":"max-image-preview:large","max-video-preview":"max-video-preview:-1"},"canonical":"https:\/\/www.szkolalencze.pl\/index.php\/wycieczka-czlonkow-spoldzielni-uczniowskiej-do-wadowic\/","og_locale":"pl_PL","og_type":"article","og_title":"Wycieczka cz\u0142onk\u00f3w Sp\u00f3\u0142dzielni Uczniowskiej do Wadowic - Szko\u0142a Podstawowa w Le\u0144czach","og_url":"https:\/\/www.szkolalencze.pl\/index.php\/wycieczka-czlonkow-spoldzielni-uczniowskiej-do-wadowic\/","og_site_name":"Szko\u0142a Podstawowa w Le\u0144czach","twitter_card":"summary_large_image","twitter_misc":{"Szacowany czas czytania":"1 minuta"},"schema":{"@context":"https:\/\/schema.org","@graph":[{"@type":"WebPage","@id":"https:\/\/www.szkolalencze.pl\/index.php\/wycieczka-czlonkow-spoldzielni-uczniowskiej-do-wadowic\/","url":"https:\/\/www.szkolalencze.pl\/index.php\/wycieczka-czlonkow-spoldzielni-uczniowskiej-do-wadowic\/","name":"Wycieczka cz\u0142onk\u00f3w Sp\u00f3\u0142dzielni Uczniowskiej do Wadowic - Szko\u0142a Podstawowa w Le\u0144czach","isPartOf":{"@id":"https:\/\/www.szkolalencze.pl\/#website"},"datePublished":"2023-06-21T15:31:19+00:00","breadcrumb":{"@id":"https:\/\/www.szkolalencze.pl\/index.php\/wycieczka-czlonkow-spoldzielni-uczniowskiej-do-wadowic\/#breadcrumb"},"inLanguage":"pl-PL","potentialAction":[{"@type":"ReadAction","target":["https:\/\/www.szkolalencze.pl\/index.php\/wycieczka-czlonkow-spoldzielni-uczniowskiej-do-wadowic\/"]}]},{"@type":"BreadcrumbList","@id":"https:\/\/www.szkolalencze.pl\/index.php\/wycieczka-czlonkow-spoldzielni-uczniowskiej-do-wadowic\/#breadcrumb","itemListElement":[{"@type":"ListItem","position":1,"name":"Strona g\u0142\u00f3wna","item":"https:\/\/www.szkolalencze.pl\/"},{"@type":"ListItem","position":2,"name":"Wycieczka cz\u0142onk\u00f3w Sp\u00f3\u0142dzielni Uczniowskiej do Wadowic"}]},{"@type":"WebSite","@id":"https:\/\/www.szkolalencze.pl\/#website","url":"https:\/\/www.szkolalencze.pl\/","name":"Szko\u0142a Podstawowa w Le\u0144czach","description":"Oficjalna strona szko\u0142y w Le\u0144czach","publisher":{"@id":"https:\/\/www.szkolalencze.pl\/#organization"},"potentialAction":[{"@type":"SearchAction","target":{"@type":"EntryPoint","urlTemplate":"https:\/\/www.szkolalencze.pl\/?s={search_term_string}"},"query-input":{"@type":"PropertyValueSpecification","valueRequired":true,"valueName":"search_term_string"}}],"inLanguage":"pl-PL"},{"@type":"Organization","@id":"https:\/\/www.szkolalencze.pl\/#organization","name":"Szko\u0142a Podstawowa w Le\u0144czach","url":"https:\/\/www.szkolalencze.pl\/","logo":{"@type":"ImageObject","inLanguage":"pl-PL","@id":"https:\/\/www.szkolalencze.pl\/#\/schema\/logo\/image\/","url":"https:\/\/www.szkolalencze.pl\/wp-content\/uploads\/2020\/10\/logobt-1-3.png","contentUrl":"https:\/\/www.szkolalencze.pl\/wp-content\/uploads\/2020\/10\/logobt-1-3.png","width":66,"height":102,"caption":"Szko\u0142a Podstawowa w Le\u0144czach"},"image":{"@id":"https:\/\/www.szkolalencze.pl\/#\/schema\/logo\/image\/"}}]}},"_links":{"self":[{"href":"https:\/\/www.szkolalencze.pl\/index.php\/wp-json\/wp\/v2\/pages\/15070","targetHints":{"allow":["GET"]}}],"collection":[{"href":"https:\/\/www.szkolalencze.pl\/index.php\/wp-json\/wp\/v2\/pages"}],"about":[{"href":"https:\/\/www.szkolalencze.pl\/index.php\/wp-json\/wp\/v2\/types\/page"}],"author":[{"embeddable":true,"href":"https:\/\/www.szkolalencze.pl\/index.php\/wp-json\/wp\/v2\/users\/4"}],"replies":[{"embeddable":true,"href":"https:\/\/www.szkolalencze.pl\/index.php\/wp-json\/wp\/v2\/comments?post=15070"}],"version-history":[{"count":1,"href":"https:\/\/www.szkolalencze.pl\/index.php\/wp-json\/wp\/v2\/pages\/15070\/revisions"}],"predecessor-version":[{"id":15071,"href":"https:\/\/www.szkolalencze.pl\/index.php\/wp-json\/wp\/v2\/pages\/15070\/revisions\/15071"}],"wp:attachment":[{"href":"https:\/\/www.szkolalencze.pl\/index.php\/wp-json\/wp\/v2\/media?parent=15070"}],"curies":[{"name":"wp","href":"https:\/\/api.w.org\/{rel}","templated":true}]}}